{"id":764642,"date":"2025-08-28T11:17:25","date_gmt":"2025-08-28T08:17:25","guid":{"rendered":"https:\/\/roveyayinevi.com.tr\/index.php\/urun\/kuran-ve-sunnet-isiginda-sohbetler\/"},"modified":"2026-04-15T03:30:24","modified_gmt":"2026-04-15T00:30:24","slug":"kuran-ve-sunnet-isiginda-sohbetler","status":"publish","type":"product","link":"https:\/\/roveyayinevi.com.tr\/index.php\/urun\/kuran-ve-sunnet-isiginda-sohbetler\/","title":{"rendered":"Kur\u2019an ve S\u00fcnnet I\u015f\u0131\u011f\u0131nda Sohbetler"},"content":{"rendered":"<p>Karde\u015flerim! Biz bu d\u00fcnyaya Allah\u2019a kulluk edip ahreti kazanmak i\u00e7in geldik cenneti kazanmak i\u00e7in geldik. \u00d6n\u00fcm\u00fczde iki yol var birisi cennete gidiyor. Di\u011fer yollar cehenneme gidiyor. Di\u011ferleri diye \u00e7o\u011ful yapt\u0131m \u00e7\u00fcnk\u00fc, insanlar\u0131 ve cinleri cehenneme g\u00f6t\u00fcren yollar pek \u00e7oktur. Peygamberimiz bir g\u00fcn toprak \u00fczerine bir do\u011fru \u00e7izgi \u00e7iziyor; onun hemen sa\u011f ve sol taraf\u0131na birtak\u0131m e\u011fri \u00e7izgiler \u00e7iziyor. Bu nedir ya Resulullah diyorlar. Resulullah \u015f\u00f6yle cevap veriyor: &lt;&gt; G\u00f6r\u00fcyorsunuz hepsinin davet\u00e7ileri var; bunlar \u00e7o\u011fu kere insan \u015feytanlar\u0131d\u0131r. Bu yol konusunda \u015fairlerin \u00fcstad\u0131 Necip Faz\u0131l K\u0131sak\u00fcrek\u2019in \u015fu dizelerini de dikkatle okuyal\u0131m:   \u0130nsanl\u0131k yoksa \u00e7ul neye yarar. Rabb\u2019\u0131n\u0131 bilmeyen kul neye yarar. Herkes tutmu\u015f bir yol gidiyor. Allah\u2019a gitmeyen yol neye yarar.   Bu durumda biz M\u00fcsl\u00fcmanlara d\u00fc\u015fen s\u0131rat\u0131 m\u00fcstakimden ayr\u0131lmamak ve emri bil ma\u2019ruf ve nehyi anil m\u00fcnkerle bu yola insanlar\u0131 davet etmektir. Bunun m\u00fckafat\u0131n\u0131 da ayr\u0131ca kazanaca\u011f\u0131z. Karde\u015flerim! Dikkat edelim sak\u0131n nefsimiz, insan ve cin \u015feytanlar\u0131, d\u00fcnyan\u0131n \u015fatafat\u0131 bizi aldat\u0131p da yolumuzdan sapt\u0131rmas\u0131n. Sonunda azap \u00e7ekeriz, hem de ebedi cehennemi kazan\u0131r\u0131z. Allah\u2019a kulluk yapal\u0131m. Kulluk makam\u0131 \u00e7ok y\u00fcce bir makamd\u0131r. Allah sevgili Resul\u00fcn\u00fc Kur\u2019an\u2019da \u00f6verken &lt;&gt; s\u00f6z\u00fcn\u00fc kullan\u0131yor. D\u00fcnya makamlar\u0131n\u0131n hepsi ge\u00e7icidir; ama kulluk makam\u0131 ebedi bir makamd\u0131r. Herkes Allah\u2019\u0131n kulu de\u011fil mi diye bir soru akl\u0131n\u0131za gelir. Hay\u0131r herkes Allah\u2019\u0131n kulu de\u011fil sadece Allah\u2019\u0131n mahluku(yarat\u0131\u011f\u0131)dur, kimse aldanmas\u0131n. Allah\u2019\u0131n emirlerine sar\u0131lal\u0131m, yasaklar\u0131ndan ka\u00e7al\u0131m. Y\u00fcce yarat\u0131c\u0131m\u0131z\u0131n verdi\u011fi nimetleri onun r\u0131zas\u0131na uygun kullanal\u0131m. Onun r\u0131zas\u0131na uygun bir hayat ya\u015farsak hem d\u00fcnya ve hem de ahiret mutlulu\u011funu kazan\u0131r\u0131z. Aksi takdirde ebedi cehennem var. Bu konudaki, ayetler \u00e7ok a\u00e7\u0131kt\u0131r. \u0130brahim Demirba\u015f <\/p>\n","protected":false},"excerpt":{"rendered":"<p>Karde\u015flerim! Biz bu d\u00fcnyaya Allah\u2019a kulluk edip ahreti kazanmak i\u00e7in geldik cenneti kazanmak i\u00e7in geldik. \u00d6n\u00fcm\u00fczde iki yol var birisi cennete gidiyor. Di\u011fer yollar cehenneme gidiyor.<span class=\"excerpt-hellip\"> [\u2026]<\/span><\/p>\n","protected":false},"featured_media":0,"template":"","meta":{"_monsterinsights_skip_tracking":false,"_monsterinsights_sitenote_active":false,"_monsterinsights_sitenote_note":"","_monsterinsights_sitenote_category":0},"product_brand":[],"product_cat":[12718,12719],"product_tag":[],"class_list":{"0":"post-764642","1":"product","2":"type-product","3":"status-publish","5":"product_cat-din","6":"product_cat-islam","7":"pa_cilt-ciltsiz","8":"pa_tur-kitap","9":"pa_yayinevi-zet-yayinlari","10":"pa_yazar-ibrahim-demirbas","12":"first","13":"instock","14":"sale","15":"shipping-taxable","16":"purchasable","17":"product-type-simple"},"_links":{"self":[{"href":"https:\/\/roveyayinevi.com.tr\/index.php\/wp-json\/wp\/v2\/product\/764642","targetHints":{"allow":["GET"]}}],"collection":[{"href":"https:\/\/roveyayinevi.com.tr\/index.php\/wp-json\/wp\/v2\/product"}],"about":[{"href":"https:\/\/roveyayinevi.com.tr\/index.php\/wp-json\/wp\/v2\/types\/product"}],"wp:attachment":[{"href":"https:\/\/roveyayinevi.com.tr\/index.php\/wp-json\/wp\/v2\/media?parent=764642"}],"wp:term":[{"taxonomy":"product_brand","embeddable":true,"href":"https:\/\/roveyayinevi.com.tr\/index.php\/wp-json\/wp\/v2\/product_brand?post=764642"},{"taxonomy":"product_cat","embeddable":true,"href":"https:\/\/roveyayinevi.com.tr\/index.php\/wp-json\/wp\/v2\/product_cat?post=764642"},{"taxonomy":"product_tag","embeddable":true,"href":"https:\/\/roveyayinevi.com.tr\/index.php\/wp-json\/wp\/v2\/product_tag?post=764642"}],"curies":[{"name":"wp","href":"https:\/\/api.w.org\/{rel}","templated":true}]}}