{"id":764636,"date":"2025-08-28T11:17:11","date_gmt":"2025-08-28T08:17:11","guid":{"rendered":"https:\/\/roveyayinevi.com.tr\/index.php\/urun\/krallarin-krali\/"},"modified":"2026-04-15T03:30:24","modified_gmt":"2026-04-15T00:30:24","slug":"krallarin-krali","status":"publish","type":"product","link":"https:\/\/roveyayinevi.com.tr\/index.php\/urun\/krallarin-krali\/","title":{"rendered":"Krallar\u0131n Kral\u0131"},"content":{"rendered":"<p>Zaman\u0131n \u00f6tesinde, varl\u0131\u011f\u0131n ve hi\u00e7li\u011fin k\u0131y\u0131s\u0131nda iki Tanr\u0131 \u00e7ocu\u011fu, Mairin ve Enraen, kendi h\u0131rslar\u0131n\u0131n kurban\u0131 oldular. Klitaep Ruon diyar\u0131nda ba\u015flayan ve binlerce y\u0131l s\u00fcren bu amans\u0131z sava\u015f, sadece bir \u00fcst\u00fcnl\u00fck yar\u0131\u015f\u0131ndan ibaret de\u011fildi; her \u015fey, Tanr\u0131 Maen&#8217;in saf g\u00fcc\u00fcne sahip olmak i\u00e7indi. Ancak bu g\u00fc\u00e7 hem onlar\u0131 hem de diyarlar\u0131n\u0131 yok olu\u015fun e\u015fi\u011fine getirdi.   Mairin&#8217;in \u0131\u015f\u0131\u011f\u0131 ve Enraen&#8217;in karanl\u0131\u011f\u0131 aras\u0131ndaki bu kadim m\u00fccadele, insanlar\u0131 ve diyar\u0131n varl\u0131klar\u0131n\u0131 da i\u00e7ine \u00e7ekerek Klitaep Ruon&#8217;u bir sava\u015f alan\u0131na \u00e7evirdi. Ancak h\u0131rslar\u0131, onlara g\u00f6z ard\u0131 ettikleri bir tehlikeyi, hi\u00e7li\u011fin alt\u0131ndaki ger\u00e7ek g\u00fcc\u00fc, Erchtrak&#8217;\u0131 do\u011furdu. Hi\u00e7likten yarat\u0131lan ve y\u0131k\u0131m\u0131n el\u00e7isi olan Erchtrak, ac\u0131 bir duayla uyanarak intikam yemini etti.   Klitaep Ruon, yeni bir tanr\u0131n\u0131n do\u011fu\u015funa m\u0131 tan\u0131kl\u0131k edecek? Yoksa bu oyun alan\u0131, sonsuza dek yoklu\u011fun kuca\u011f\u0131na m\u0131 d\u00fc\u015fecek? Bu b\u00fcy\u00fcl\u00fc diyar\u0131n kaderine ve tanr\u0131lar\u0131n unuttu\u011fu sava\u015f\u0131n gizemlerine ortak olmak istemez misin?.\u201d<\/p>\n","protected":false},"excerpt":{"rendered":"<p>Zaman\u0131n \u00f6tesinde, varl\u0131\u011f\u0131n ve hi\u00e7li\u011fin k\u0131y\u0131s\u0131nda iki Tanr\u0131 \u00e7ocu\u011fu, Mairin ve Enraen, kendi h\u0131rslar\u0131n\u0131n kurban\u0131 oldular. Klitaep Ruon diyar\u0131nda ba\u015flayan ve binlerce y\u0131l s\u00fcren bu amans\u0131z<span class=\"excerpt-hellip\"> [\u2026]<\/span><\/p>\n","protected":false},"featured_media":0,"template":"","meta":{"_monsterinsights_skip_tracking":false,"_monsterinsights_sitenote_active":false,"_monsterinsights_sitenote_note":"","_monsterinsights_sitenote_category":0},"product_brand":[],"product_cat":[12291,14777],"product_tag":[],"class_list":{"0":"post-764636","1":"product","2":"type-product","3":"status-publish","5":"product_cat-edebiyat","6":"product_cat-fantastik","7":"pa_cilt-ciltsiz","8":"pa_tur-kitap","9":"pa_yayinevi-elpis-yayinlari","10":"pa_yazar-atay-kilinc","12":"first","13":"instock","14":"sale","15":"shipping-taxable","16":"purchasable","17":"product-type-simple"},"_links":{"self":[{"href":"https:\/\/roveyayinevi.com.tr\/index.php\/wp-json\/wp\/v2\/product\/764636","targetHints":{"allow":["GET"]}}],"collection":[{"href":"https:\/\/roveyayinevi.com.tr\/index.php\/wp-json\/wp\/v2\/product"}],"about":[{"href":"https:\/\/roveyayinevi.com.tr\/index.php\/wp-json\/wp\/v2\/types\/product"}],"wp:attachment":[{"href":"https:\/\/roveyayinevi.com.tr\/index.php\/wp-json\/wp\/v2\/media?parent=764636"}],"wp:term":[{"taxonomy":"product_brand","embeddable":true,"href":"https:\/\/roveyayinevi.com.tr\/index.php\/wp-json\/wp\/v2\/product_brand?post=764636"},{"taxonomy":"product_cat","embeddable":true,"href":"https:\/\/roveyayinevi.com.tr\/index.php\/wp-json\/wp\/v2\/product_cat?post=764636"},{"taxonomy":"product_tag","embeddable":true,"href":"https:\/\/roveyayinevi.com.tr\/index.php\/wp-json\/wp\/v2\/product_tag?post=764636"}],"curies":[{"name":"wp","href":"https:\/\/api.w.org\/{rel}","templated":true}]}}