{"id":764635,"date":"2025-08-28T11:17:08","date_gmt":"2025-08-28T08:17:08","guid":{"rendered":"https:\/\/roveyayinevi.com.tr\/index.php\/urun\/hayatlar-ansiklopedisi\/"},"modified":"2026-04-15T03:30:24","modified_gmt":"2026-04-15T00:30:24","slug":"hayatlar-ansiklopedisi","status":"publish","type":"product","link":"https:\/\/roveyayinevi.com.tr\/index.php\/urun\/hayatlar-ansiklopedisi\/","title":{"rendered":"Hayatlar Ansiklopedisi"},"content":{"rendered":"<p>Bir insan, kendi hayat g\u00f6r\u00fc\u015flerine uygun bir ya\u015fam s\u00fcrmezse, erdemsiz olacak ve \u00f6n\u00fcnde sonunda mutsuz olacakt\u0131r. Peki, bu durum toplum dinamiklerini etkileyecek kadar \u201chastal\u0131kl\u0131\u201d hayat g\u00f6r\u00fc\u015fleri olan insanlar i\u00e7in de ge\u00e7erli midir? Bir ba\u015fka insan\u0131n hayat\u0131nda iz b\u0131rakman\u0131n d\u00fcnyadaki en ahlaks\u0131zca davran\u0131\u015f oldu\u011funa inanan \u00fc\u00e7 arkada\u015f olan Sinan, Erdem ve Naz\u0131m&#8217;\u0131n -yani \u201cSEN\u201din- d\u00fc\u015f\u00fcncelerini ve ge\u00e7mi\u015flerini \u00f6\u011frenirken kendi g\u00f6r\u00fc\u015flerine uygun ya\u015famay\u0131\u015flar\u0131n\u0131n do\u011fal sonucu olarak ortaya \u00e7\u0131kan vicdan azaplar\u0131 zaman i\u00e7inde artacak. Dayanmak ve tutunmak istedikleri her \u015fey teker teker ellerinde kal\u0131rken geriye tek bir yol kald\u0131\u011f\u0131n\u0131 anlayacaklar.<\/p>\n","protected":false},"excerpt":{"rendered":"<p>Bir insan, kendi hayat g\u00f6r\u00fc\u015flerine uygun bir ya\u015fam s\u00fcrmezse, erdemsiz olacak ve \u00f6n\u00fcnde sonunda mutsuz olacakt\u0131r. Peki, bu durum toplum dinamiklerini etkileyecek kadar \u201chastal\u0131kl\u0131\u201d hayat g\u00f6r\u00fc\u015fleri<span class=\"excerpt-hellip\"> [\u2026]<\/span><\/p>\n","protected":false},"featured_media":0,"template":"","meta":{"_monsterinsights_skip_tracking":false,"_monsterinsights_sitenote_active":false,"_monsterinsights_sitenote_note":"","_monsterinsights_sitenote_category":0},"product_brand":[],"product_cat":[12291,12711],"product_tag":[],"class_list":{"0":"post-764635","1":"product","2":"type-product","3":"status-publish","5":"product_cat-edebiyat","6":"product_cat-roman-oyku","7":"pa_cilt-ciltsiz","8":"pa_tur-kitap","9":"pa_yayinevi-elpis-yayinlari","10":"pa_yazar-muhammet-erkorkmaz","12":"first","13":"instock","14":"sale","15":"shipping-taxable","16":"purchasable","17":"product-type-simple"},"_links":{"self":[{"href":"https:\/\/roveyayinevi.com.tr\/index.php\/wp-json\/wp\/v2\/product\/764635","targetHints":{"allow":["GET"]}}],"collection":[{"href":"https:\/\/roveyayinevi.com.tr\/index.php\/wp-json\/wp\/v2\/product"}],"about":[{"href":"https:\/\/roveyayinevi.com.tr\/index.php\/wp-json\/wp\/v2\/types\/product"}],"wp:attachment":[{"href":"https:\/\/roveyayinevi.com.tr\/index.php\/wp-json\/wp\/v2\/media?parent=764635"}],"wp:term":[{"taxonomy":"product_brand","embeddable":true,"href":"https:\/\/roveyayinevi.com.tr\/index.php\/wp-json\/wp\/v2\/product_brand?post=764635"},{"taxonomy":"product_cat","embeddable":true,"href":"https:\/\/roveyayinevi.com.tr\/index.php\/wp-json\/wp\/v2\/product_cat?post=764635"},{"taxonomy":"product_tag","embeddable":true,"href":"https:\/\/roveyayinevi.com.tr\/index.php\/wp-json\/wp\/v2\/product_tag?post=764635"}],"curies":[{"name":"wp","href":"https:\/\/api.w.org\/{rel}","templated":true}]}}