{"id":764634,"date":"2025-08-28T11:17:05","date_gmt":"2025-08-28T08:17:05","guid":{"rendered":"https:\/\/roveyayinevi.com.tr\/index.php\/urun\/durustluk-benim-super-gucum\/"},"modified":"2026-04-15T03:30:24","modified_gmt":"2026-04-15T00:30:24","slug":"durustluk-benim-super-gucum","status":"publish","type":"product","link":"https:\/\/roveyayinevi.com.tr\/index.php\/urun\/durustluk-benim-super-gucum\/","title":{"rendered":"D\u00fcr\u00fcstl\u00fck Benim S\u00fcper G\u00fcc\u00fcm"},"content":{"rendered":"<p>Alicia Ortega&#8217;n\u0131n kaleme ald\u0131\u011f\u0131 &#8220;D\u00fcr\u00fcstl\u00fck Benim S\u00fcper G\u00fcc\u00fcm&#8221;, \u00e7ocuklara yalan s\u00f6ylemenin faydadan \u00e7ok zarar getirece\u011fini ve do\u011frular\u0131n ne kadar g\u00fc\u00e7l\u00fc oldu\u011funu anlamalar\u0131na yard\u0131mc\u0131 oluyor. G\u00fczel g\u00f6rselleri ve b\u00fcy\u00fcleyici kafiyeleri olan bu sevimli hik\u00e2ye, \u00e7ocuklar\u0131n\u0131z\u0131n kendilerini \u00f6zg\u00fcr ve g\u00fc\u00e7l\u00fc hissetmelerini sa\u011flayacak. Sadece ba\u015fkalar\u0131n\u0131n duygular\u0131n\u0131 incitmemeyi de\u011fil, ayn\u0131 zamanda d\u00fcr\u00fcstl\u00fc\u011f\u00fcn onlar\u0131n s\u00fcper g\u00fcc\u00fc oldu\u011funu \u00f6\u011frenecekler.   Abimden tavsiye isteyince derin derin i\u00e7 \u00e7ekti, \u201cBazen do\u011fruyu s\u00f6ylemek, yalan s\u00f6ylemekten daha zordur.\u201d dedi. \u201cAma insanlar d\u00fcr\u00fcst oldu\u011funu bilirse sana g\u00fcvenmeye ba\u015flar, Yalan ise hem insanlar\u0131 \u00fczer hem de ili\u015fkileri bozar.\u201d<\/p>\n","protected":false},"excerpt":{"rendered":"<p>Alicia Ortega&#8217;n\u0131n kaleme ald\u0131\u011f\u0131 &#8220;D\u00fcr\u00fcstl\u00fck Benim S\u00fcper G\u00fcc\u00fcm&#8221;, \u00e7ocuklara yalan s\u00f6ylemenin faydadan \u00e7ok zarar getirece\u011fini ve do\u011frular\u0131n ne kadar g\u00fc\u00e7l\u00fc oldu\u011funu anlamalar\u0131na yard\u0131mc\u0131 oluyor. G\u00fczel g\u00f6rselleri<span class=\"excerpt-hellip\"> [\u2026]<\/span><\/p>\n","protected":false},"featured_media":0,"template":"","meta":{"_monsterinsights_skip_tracking":false,"_monsterinsights_sitenote_active":false,"_monsterinsights_sitenote_note":"","_monsterinsights_sitenote_category":0},"product_brand":[],"product_cat":[12274,12284],"product_tag":[],"class_list":{"0":"post-764634","1":"product","2":"type-product","3":"status-publish","5":"product_cat-cocuk-ve-genclik-kitaplari","6":"product_cat-hikayeler","7":"pa_cilt-ciltsiz","8":"pa_tur-kitap","9":"pa_yayinevi-cocuk-gelisimi-yayinlari","10":"pa_yazar-alicia-ortego","12":"first","13":"instock","14":"sale","15":"shipping-taxable","16":"purchasable","17":"product-type-simple"},"_links":{"self":[{"href":"https:\/\/roveyayinevi.com.tr\/index.php\/wp-json\/wp\/v2\/product\/764634","targetHints":{"allow":["GET"]}}],"collection":[{"href":"https:\/\/roveyayinevi.com.tr\/index.php\/wp-json\/wp\/v2\/product"}],"about":[{"href":"https:\/\/roveyayinevi.com.tr\/index.php\/wp-json\/wp\/v2\/types\/product"}],"wp:attachment":[{"href":"https:\/\/roveyayinevi.com.tr\/index.php\/wp-json\/wp\/v2\/media?parent=764634"}],"wp:term":[{"taxonomy":"product_brand","embeddable":true,"href":"https:\/\/roveyayinevi.com.tr\/index.php\/wp-json\/wp\/v2\/product_brand?post=764634"},{"taxonomy":"product_cat","embeddable":true,"href":"https:\/\/roveyayinevi.com.tr\/index.php\/wp-json\/wp\/v2\/product_cat?post=764634"},{"taxonomy":"product_tag","embeddable":true,"href":"https:\/\/roveyayinevi.com.tr\/index.php\/wp-json\/wp\/v2\/product_tag?post=764634"}],"curies":[{"name":"wp","href":"https:\/\/api.w.org\/{rel}","templated":true}]}}