{"id":764631,"date":"2025-08-28T11:16:57","date_gmt":"2025-08-28T08:16:57","guid":{"rendered":"https:\/\/roveyayinevi.com.tr\/index.php\/urun\/h-ic-s-esler\/"},"modified":"2026-04-15T03:30:24","modified_gmt":"2026-04-15T00:30:24","slug":"h-ic-s-esler","status":"publish","type":"product","link":"https:\/\/roveyayinevi.com.tr\/index.php\/urun\/h-ic-s-esler\/","title":{"rendered":"H\/i\u00e7 S\/esler"},"content":{"rendered":"<p>\u201cBu kitab\u0131; a\u00e7t\u0131\u011f\u0131 yaralar\u0131n \u00fczerine bir de tuz serpmeyi es ge\u00e7meyen adamlar\u0131n arkas\u0131ndan, tek bir harfi bile hak etmedikleri h\u00e2lde onlara roman yazan ve o yaralar\u0131 kendi sarmak zorunda kalan t\u00fcm g\u00f6nl\u00fc g\u00fczel kad\u0131nlara ithaf ediyorum.\u201d<\/p>\n","protected":false},"excerpt":{"rendered":"<p>\u201cBu kitab\u0131; a\u00e7t\u0131\u011f\u0131 yaralar\u0131n \u00fczerine bir de tuz serpmeyi es ge\u00e7meyen adamlar\u0131n arkas\u0131ndan, tek bir harfi bile hak etmedikleri h\u00e2lde onlara roman yazan ve o yaralar\u0131<span class=\"excerpt-hellip\"> [\u2026]<\/span><\/p>\n","protected":false},"featured_media":0,"template":"","meta":{"_monsterinsights_skip_tracking":false,"_monsterinsights_sitenote_active":false,"_monsterinsights_sitenote_note":"","_monsterinsights_sitenote_category":0},"product_brand":[],"product_cat":[12291,12711],"product_tag":[],"class_list":{"0":"post-764631","1":"product","2":"type-product","3":"status-publish","5":"product_cat-edebiyat","6":"product_cat-roman-oyku","7":"pa_cilt-ciltsiz","8":"pa_tur-kitap","9":"pa_yayinevi-elpis-yayinlari","10":"pa_yazar-arzu-kilic","12":"first","13":"instock","14":"sale","15":"shipping-taxable","16":"purchasable","17":"product-type-simple"},"_links":{"self":[{"href":"https:\/\/roveyayinevi.com.tr\/index.php\/wp-json\/wp\/v2\/product\/764631","targetHints":{"allow":["GET"]}}],"collection":[{"href":"https:\/\/roveyayinevi.com.tr\/index.php\/wp-json\/wp\/v2\/product"}],"about":[{"href":"https:\/\/roveyayinevi.com.tr\/index.php\/wp-json\/wp\/v2\/types\/product"}],"wp:attachment":[{"href":"https:\/\/roveyayinevi.com.tr\/index.php\/wp-json\/wp\/v2\/media?parent=764631"}],"wp:term":[{"taxonomy":"product_brand","embeddable":true,"href":"https:\/\/roveyayinevi.com.tr\/index.php\/wp-json\/wp\/v2\/product_brand?post=764631"},{"taxonomy":"product_cat","embeddable":true,"href":"https:\/\/roveyayinevi.com.tr\/index.php\/wp-json\/wp\/v2\/product_cat?post=764631"},{"taxonomy":"product_tag","embeddable":true,"href":"https:\/\/roveyayinevi.com.tr\/index.php\/wp-json\/wp\/v2\/product_tag?post=764631"}],"curies":[{"name":"wp","href":"https:\/\/api.w.org\/{rel}","templated":true}]}}