{"id":764630,"date":"2025-08-28T11:16:55","date_gmt":"2025-08-28T08:16:55","guid":{"rendered":"https:\/\/roveyayinevi.com.tr\/index.php\/urun\/iii-medusa-istanbulda\/"},"modified":"2026-04-15T03:30:24","modified_gmt":"2026-04-15T00:30:24","slug":"iii-medusa-istanbulda","status":"publish","type":"product","link":"https:\/\/roveyayinevi.com.tr\/index.php\/urun\/iii-medusa-istanbulda\/","title":{"rendered":"III. Medusa \u0130stanbul\u2019da"},"content":{"rendered":"<p>D\u00fcnya&#8217;n\u0131n yarat\u0131l\u0131\u015f\u0131ndan itibaren ya\u015fayan ve g\u00fcn\u00fcm\u00fcze kadar \u00f6zenle getirilen birtak\u0131m yarat\u0131klar vard\u0131. D\u00fcnya kaderini elinde tutan bu z\u0131t kutuplar, iyili\u011fin ve k\u00f6t\u00fcl\u00fc\u011f\u00fcn sava\u015f\u0131nda kar\u015f\u0131 kar\u015f\u0131ya gelecekti. Y\u00f6netici konumundaki Solomon Ailesi&#8217;nin b\u00fcy\u00fck plan\u0131, Zeus ve Athena&#8217;dan ka\u00e7an Pegasus&#8217;un do\u011furaca\u011f\u0131 bir \u00e7ocuk sayesinde bozulacakt\u0131. Bu b\u00fcy\u00fck sava\u015fta Ahit Sand\u0131\u011f\u0131&#8217;n\u0131, M\u00fchr-\u00fc S\u00fcleyman&#8217;\u0131 ve \u0130frit Antla\u015fmas\u0131&#8217;n\u0131 elinde bulunduran, kay\u0131ts\u0131z ve sonsuz g\u00fcc\u00fcn h\u00e2kimi olacakt\u0131. \u0130blis&#8217;in e\u015fsiz ve kusursuz kader \u00e7ark\u0131n\u0131 k\u0131ran bir geli\u015fme ya\u015fanacak ve \u0130gnis Ge\u00e7idi&#8217;nden bir g\u00fc\u00e7 1688&#8217;den 2024 y\u0131l\u0131na getirilecekti. \u0130lkel \u00e7a\u011flarda ba\u015flay\u0131p, Antik M\u0131s\u0131r ve Roma \u0130mparatorlu\u011fu&#8217;nun par\u00e7alanmas\u0131ndan sonra arayan ki\u015filerden b\u00fcy\u00fck bir titizlikle saklanan bu mahlukat, Osmanl\u0131 \u0130mparatorlu\u011fu&#8217;nda g\u00fcn y\u00fcz\u00fcne \u00e7\u0131kacakt\u0131. \u00d6l\u00fcml\u00fc olmas\u0131na ra\u011fmen ya\u015flanmayan kanatl\u0131 at kisvesindeki bu kad\u0131n, uzun bir yolculuktan sonra k\u0131z\u0131n\u0131 aramaya ba\u015flad\u0131. Bir sabah, g\u00fcr\u00fclt\u00fcl\u00fc bir ses ile Ayasofya Cami&#8217;nin tavan\u0131nda bulunan Serafim sil\u00fcetinin i\u00e7inden bir \u00e7uval yere d\u00fc\u015ft\u00fc. Bu \u00e7uval\u0131n i\u00e7inden yar\u0131 insan, yar\u0131 y\u0131lan bedenine sahip bir ceset \u00e7\u0131kt\u0131. \u0130\u015fte t\u00fcm hik\u00e2ye bundan sonra ba\u015flad\u0131.<\/p>\n","protected":false},"excerpt":{"rendered":"<p>D\u00fcnya&#8217;n\u0131n yarat\u0131l\u0131\u015f\u0131ndan itibaren ya\u015fayan ve g\u00fcn\u00fcm\u00fcze kadar \u00f6zenle getirilen birtak\u0131m yarat\u0131klar vard\u0131. D\u00fcnya kaderini elinde tutan bu z\u0131t kutuplar, iyili\u011fin ve k\u00f6t\u00fcl\u00fc\u011f\u00fcn sava\u015f\u0131nda kar\u015f\u0131 kar\u015f\u0131ya gelecekti.<span class=\"excerpt-hellip\"> [\u2026]<\/span><\/p>\n","protected":false},"featured_media":0,"template":"","meta":{"_monsterinsights_skip_tracking":false,"_monsterinsights_sitenote_active":false,"_monsterinsights_sitenote_note":"","_monsterinsights_sitenote_category":0},"product_brand":[],"product_cat":[12291,14777],"product_tag":[],"class_list":{"0":"post-764630","1":"product","2":"type-product","3":"status-publish","5":"product_cat-edebiyat","6":"product_cat-fantastik","7":"pa_cilt-ciltsiz","8":"pa_tur-kitap","9":"pa_yayinevi-elpis-yayinlari","10":"pa_yazar-yunus-seyba","12":"first","13":"instock","14":"sale","15":"shipping-taxable","16":"purchasable","17":"product-type-simple"},"_links":{"self":[{"href":"https:\/\/roveyayinevi.com.tr\/index.php\/wp-json\/wp\/v2\/product\/764630","targetHints":{"allow":["GET"]}}],"collection":[{"href":"https:\/\/roveyayinevi.com.tr\/index.php\/wp-json\/wp\/v2\/product"}],"about":[{"href":"https:\/\/roveyayinevi.com.tr\/index.php\/wp-json\/wp\/v2\/types\/product"}],"wp:attachment":[{"href":"https:\/\/roveyayinevi.com.tr\/index.php\/wp-json\/wp\/v2\/media?parent=764630"}],"wp:term":[{"taxonomy":"product_brand","embeddable":true,"href":"https:\/\/roveyayinevi.com.tr\/index.php\/wp-json\/wp\/v2\/product_brand?post=764630"},{"taxonomy":"product_cat","embeddable":true,"href":"https:\/\/roveyayinevi.com.tr\/index.php\/wp-json\/wp\/v2\/product_cat?post=764630"},{"taxonomy":"product_tag","embeddable":true,"href":"https:\/\/roveyayinevi.com.tr\/index.php\/wp-json\/wp\/v2\/product_tag?post=764630"}],"curies":[{"name":"wp","href":"https:\/\/api.w.org\/{rel}","templated":true}]}}