{"id":764627,"date":"2025-08-28T11:16:16","date_gmt":"2025-08-28T08:16:16","guid":{"rendered":"https:\/\/roveyayinevi.com.tr\/index.php\/urun\/cogito-114-115-gelecek\/"},"modified":"2026-04-15T03:30:24","modified_gmt":"2026-04-15T00:30:24","slug":"cogito-114-115-gelecek","status":"publish","type":"product","link":"https:\/\/roveyayinevi.com.tr\/index.php\/urun\/cogito-114-115-gelecek\/","title":{"rendered":"Cogito 114 -115: Gelecek"},"content":{"rendered":"<p>3 ayl\u0131k d\u00fc\u015f\u00fcnce dergisi cogito Yaz-G\u00fcz 2024 say\u0131s\u0131nda \u201cGelecek\u201d temas\u0131na e\u011filiyor.   \u0130\u00e7indekiler: G\u00fc\u00e7sal Pusar: Endi\u015fe ile Umut Aras\u0131nda Gelecek: Bloch ve Heidegger Ernst Bloch: Umut Hayal K\u0131r\u0131kl\u0131\u011f\u0131na U\u011frayabilir mi? Toros G\u00fcne\u015f Esg\u00fcn: Bir Gelecek Kipi Olarak Hayal K\u0131r\u0131kl\u0131\u011f\u0131: Nietzsche ve Adorno\u2019dan Karasu\u2019ya Fredric Jameson: Sosyalistlerin Neden \u00dctopyalara \u0130htiyac\u0131 Var? Beverley Best: \u00dctopya Sorunu: Kapitalizm, Depresyon ve Temsil Evrim Kaya: Gelecek Resimleri, Tasvir Yasa\u011f\u0131, Tasvir Yorgunlu\u011fu Fre\u0301de\u0301ric Neyrat: Gelece\u011fi Ele Ge\u00e7irmek: \u00d6ng\u00f6r\u00fc Toplumlar\u0131 \u00c7a\u011f\u0131nda Zaman ve Politika P\u0131nar \u00dczelt\u00fczenci: Bug\u00fcn\u00fc Yar\u0131nla Disipline Sokmak: Bir \u015eantaj Arac\u0131 Olarak Gelecek Briohny Walker: K\u0131r\u0131lgan Zaman: Kuir Antroposen Gelecekler Nazl\u0131 \u00d6kten: Sosyal Bilimlerin Gelece\u011fini Umutla D\u00fc\u015f\u00fcnmek: Da\u011fa Hos\u0327 Geldiniz Emre \u015ean: Gelecekte \u0130nsan ve Makine Etkile\u015fimini Hangi Modelle D\u00fc\u015f\u00fcnece\u011fiz? M. Arif Ko\u015far: Marx, Otomasyon ve \u00c7al\u0131\u015fman\u0131n Gelece\u011fi   Gelecek dosyas\u0131n\u0131n Odak b\u00f6l\u00fcm\u00fcnde, ya\u015fayan en etkili filozoflardan biri kabul edilen Frans\u0131z filozof Quentin Meillassoux var. <\/p>\n","protected":false},"excerpt":{"rendered":"<p>3 ayl\u0131k d\u00fc\u015f\u00fcnce dergisi cogito Yaz-G\u00fcz 2024 say\u0131s\u0131nda \u201cGelecek\u201d temas\u0131na e\u011filiyor. \u0130\u00e7indekiler: G\u00fc\u00e7sal Pusar: Endi\u015fe ile Umut Aras\u0131nda Gelecek: Bloch ve Heidegger Ernst Bloch: Umut Hayal<span class=\"excerpt-hellip\"> [\u2026]<\/span><\/p>\n","protected":false},"featured_media":0,"template":"","meta":{"_monsterinsights_skip_tracking":false,"_monsterinsights_sitenote_active":false,"_monsterinsights_sitenote_note":"","_monsterinsights_sitenote_category":0},"product_brand":[],"product_cat":[13527],"product_tag":[],"class_list":{"0":"post-764627","1":"product","2":"type-product","3":"status-publish","5":"product_cat-sureli-yayinlar","6":"pa_cilt-ciltsiz","7":"pa_tur-kitap","8":"pa_yayinevi-yapi-kredi-yayinlari-dergi","9":"pa_yazar-kolektif","11":"first","12":"instock","13":"sale","14":"shipping-taxable","15":"purchasable","16":"product-type-simple"},"_links":{"self":[{"href":"https:\/\/roveyayinevi.com.tr\/index.php\/wp-json\/wp\/v2\/product\/764627","targetHints":{"allow":["GET"]}}],"collection":[{"href":"https:\/\/roveyayinevi.com.tr\/index.php\/wp-json\/wp\/v2\/product"}],"about":[{"href":"https:\/\/roveyayinevi.com.tr\/index.php\/wp-json\/wp\/v2\/types\/product"}],"wp:attachment":[{"href":"https:\/\/roveyayinevi.com.tr\/index.php\/wp-json\/wp\/v2\/media?parent=764627"}],"wp:term":[{"taxonomy":"product_brand","embeddable":true,"href":"https:\/\/roveyayinevi.com.tr\/index.php\/wp-json\/wp\/v2\/product_brand?post=764627"},{"taxonomy":"product_cat","embeddable":true,"href":"https:\/\/roveyayinevi.com.tr\/index.php\/wp-json\/wp\/v2\/product_cat?post=764627"},{"taxonomy":"product_tag","embeddable":true,"href":"https:\/\/roveyayinevi.com.tr\/index.php\/wp-json\/wp\/v2\/product_tag?post=764627"}],"curies":[{"name":"wp","href":"https:\/\/api.w.org\/{rel}","templated":true}]}}