{"id":764624,"date":"2025-08-28T11:16:11","date_gmt":"2025-08-28T08:16:11","guid":{"rendered":"https:\/\/roveyayinevi.com.tr\/index.php\/urun\/daktilo-gunluk\/"},"modified":"2026-04-15T03:30:24","modified_gmt":"2026-04-15T00:30:24","slug":"daktilo-gunluk","status":"publish","type":"product","link":"https:\/\/roveyayinevi.com.tr\/index.php\/urun\/daktilo-gunluk\/","title":{"rendered":"Daktilo G\u00fcnl\u00fck"},"content":{"rendered":"<p>Daha \u00f6nce yay\u0131mlad\u0131\u011f\u0131m\u0131z Sen Buran\u0131n K\u0131\u015f\u0131ndas\u0131n (1964-1967) ve \u0130skandil (1968-1969) adl\u0131 g\u00fcnl\u00fcklerin ard\u0131ndan 1970-1999 y\u0131llar\u0131 aras\u0131nda yaz\u0131lm\u0131\u015f Daktilo G\u00fcnl\u00fck ile Hulki Aktun\u00e7 g\u00fcnl\u00fckleri sona eriyor. Bu kitapta da yine \u00fclke sorunlar\u0131yla dolu sanc\u0131l\u0131 g\u00fcnlerin izleri, parlak bir yazar\u0131n aray\u0131\u015flar\u0131 \u00f6ne \u00e7\u0131k\u0131yor. D\u00f6nemin edebiyat ve sanat \u00e7evrelerinin \u00e7eki\u015fmeleri, yay\u0131n d\u00fcnyas\u0131ndaki geli\u015fmeler, \u00f6zellikle Kemal Tahir \u00e7evresinde beliren entelekt\u00fcel olu\u015fum, d\u00f6nemin politik hatlar\u0131 ve T\u00fcrkiye Defteri g\u00fcnleri bu son cilde ayr\u0131 bir \u00f6zellik kat\u0131yor. An\u0131lar, \u00f6yk\u00fcler, \u015fiirler, desenler ve elbette s\u0131k\u0131 dostluklarla y\u00fckl\u00fc bir kitap Daktilo G\u00fcnl\u00fck. \u201cG\u00fcnl\u00fckleri birbirine kar\u0131\u015fm\u0131\u015f bir adam\u201dd\u0131r Hulki Aktun\u00e7. \u00d6yk\u00fcler, yaz\u0131lar yaz\u0131l\u0131rken g\u00fcnl\u00fckler de evle i\u015f aras\u0131nda \u00e7atallanm\u0131\u015f. Evde b\u00fcy\u00fck defterlere, d\u0131\u015far\u0131da cep defterlerine, i\u015fyerinde daktilo k\u00e2\u011f\u0131tlar\u0131na yaz\u0131l\u0131 g\u00fcnlerin bir derlemesi olan kitaba Daktilo G\u00fcnl\u00fck ad\u0131n\u0131 yazar vermi\u015f. G\u00fcnl\u00fck tutmayan bir yazar d\u00fc\u015f\u00fcnemiyorum; bu i\u015fi yapmamak bir t\u00fcr \u201cg\u00f6revden ka\u00e7ma\u201d gibi geliyor bana; kendine ve okura kar\u015f\u0131 bir sorum disipliniyle davranmak, g\u00fcnl\u00fc\u011f\u00fc cay\u0131lmaz k\u0131l\u0131yor. <\/p>\n","protected":false},"excerpt":{"rendered":"<p>Daha \u00f6nce yay\u0131mlad\u0131\u011f\u0131m\u0131z Sen Buran\u0131n K\u0131\u015f\u0131ndas\u0131n (1964-1967) ve \u0130skandil (1968-1969) adl\u0131 g\u00fcnl\u00fcklerin ard\u0131ndan 1970-1999 y\u0131llar\u0131 aras\u0131nda yaz\u0131lm\u0131\u015f Daktilo G\u00fcnl\u00fck ile Hulki Aktun\u00e7 g\u00fcnl\u00fckleri sona eriyor. Bu<span class=\"excerpt-hellip\"> [\u2026]<\/span><\/p>\n","protected":false},"featured_media":0,"template":"","meta":{"_monsterinsights_skip_tracking":false,"_monsterinsights_sitenote_active":false,"_monsterinsights_sitenote_note":"","_monsterinsights_sitenote_category":0},"product_brand":[],"product_cat":[13701,12291],"product_tag":[],"class_list":{"0":"post-764624","1":"product","2":"type-product","3":"status-publish","5":"product_cat-ani-mektup-gunluk","6":"product_cat-edebiyat","7":"pa_cilt-ciltsiz","8":"pa_tur-kitap","9":"pa_yayinevi-yapi-kredi-yayinlari","10":"pa_yazar-hulki-aktunc","12":"first","13":"instock","14":"sale","15":"shipping-taxable","16":"purchasable","17":"product-type-simple"},"_links":{"self":[{"href":"https:\/\/roveyayinevi.com.tr\/index.php\/wp-json\/wp\/v2\/product\/764624","targetHints":{"allow":["GET"]}}],"collection":[{"href":"https:\/\/roveyayinevi.com.tr\/index.php\/wp-json\/wp\/v2\/product"}],"about":[{"href":"https:\/\/roveyayinevi.com.tr\/index.php\/wp-json\/wp\/v2\/types\/product"}],"wp:attachment":[{"href":"https:\/\/roveyayinevi.com.tr\/index.php\/wp-json\/wp\/v2\/media?parent=764624"}],"wp:term":[{"taxonomy":"product_brand","embeddable":true,"href":"https:\/\/roveyayinevi.com.tr\/index.php\/wp-json\/wp\/v2\/product_brand?post=764624"},{"taxonomy":"product_cat","embeddable":true,"href":"https:\/\/roveyayinevi.com.tr\/index.php\/wp-json\/wp\/v2\/product_cat?post=764624"},{"taxonomy":"product_tag","embeddable":true,"href":"https:\/\/roveyayinevi.com.tr\/index.php\/wp-json\/wp\/v2\/product_tag?post=764624"}],"curies":[{"name":"wp","href":"https:\/\/api.w.org\/{rel}","templated":true}]}}