{"id":764622,"date":"2025-08-28T11:16:07","date_gmt":"2025-08-28T08:16:07","guid":{"rendered":"https:\/\/roveyayinevi.com.tr\/index.php\/urun\/elmas-gezegen-ve-kayip-elmas\/"},"modified":"2026-04-15T03:30:24","modified_gmt":"2026-04-15T00:30:24","slug":"elmas-gezegen-ve-kayip-elmas","status":"publish","type":"product","link":"https:\/\/roveyayinevi.com.tr\/index.php\/urun\/elmas-gezegen-ve-kayip-elmas\/","title":{"rendered":"Elmas Gezegen ve Kay\u0131p Elmas"},"content":{"rendered":"<p>Y\u0131l 2175\u2026 D\u00fcnya k\u00fcresel \u0131s\u0131nma, iklim de\u011fi\u015fikli\u011fi ve artan n\u00fcfus nedeniyle zor durumdayd\u0131 ve D\u00fcnya i\u00e7in umutlar g\u00fcn ge\u00e7tik\u00e7e t\u00fckeniyordu. Ama bir yolu vard\u0131. D\u00fcnya\u2019n\u0131n gelece\u011fini kurtaracak s\u0131r, kay\u0131p bir elyazmas\u0131n\u0131n i\u00e7inde sakl\u0131yd\u0131. Bu s\u0131rr\u0131 g\u00fcn y\u00fcz\u00fcne \u00e7\u0131karmaksa o kadar kolay olmayacakt\u0131. Elmas Gezegen\u2019de b\u00fcy\u00fcyen Emre, D\u00fcnya\u2019ya yapt\u0131\u011f\u0131 yolculuk s\u0131ras\u0131nda tan\u0131\u015ft\u0131\u011f\u0131 Eyl\u00fcl ve Ba\u015far\u2019la kendini bir anda b\u00fcy\u00fck bir maceran\u0131n i\u00e7inde bulur. Peki onlar \u015fifrelerin dilini \u00e7\u00f6z\u00fcp D\u00fcnya\u2019n\u0131n gelece\u011fi i\u00e7in umut olmay\u0131 ba\u015farabilecekler midir? <\/p>\n","protected":false},"excerpt":{"rendered":"<p>Y\u0131l 2175\u2026 D\u00fcnya k\u00fcresel \u0131s\u0131nma, iklim de\u011fi\u015fikli\u011fi ve artan n\u00fcfus nedeniyle zor durumdayd\u0131 ve D\u00fcnya i\u00e7in umutlar g\u00fcn ge\u00e7tik\u00e7e t\u00fckeniyordu. Ama bir yolu vard\u0131. D\u00fcnya\u2019n\u0131n gelece\u011fini<span class=\"excerpt-hellip\"> [\u2026]<\/span><\/p>\n","protected":false},"featured_media":0,"template":"","meta":{"_monsterinsights_skip_tracking":false,"_monsterinsights_sitenote_active":false,"_monsterinsights_sitenote_note":"","_monsterinsights_sitenote_category":0},"product_brand":[],"product_cat":[12274,12284],"product_tag":[],"class_list":{"0":"post-764622","1":"product","2":"type-product","3":"status-publish","5":"product_cat-cocuk-ve-genclik-kitaplari","6":"product_cat-hikayeler","7":"pa_cilt-ciltsiz","8":"pa_tur-kitap","9":"pa_yayinevi-marti-cocuk-yayinlari","10":"pa_yazar-dilek-pinar-buyukuzun","12":"first","13":"instock","14":"sale","15":"shipping-taxable","16":"purchasable","17":"product-type-simple"},"_links":{"self":[{"href":"https:\/\/roveyayinevi.com.tr\/index.php\/wp-json\/wp\/v2\/product\/764622","targetHints":{"allow":["GET"]}}],"collection":[{"href":"https:\/\/roveyayinevi.com.tr\/index.php\/wp-json\/wp\/v2\/product"}],"about":[{"href":"https:\/\/roveyayinevi.com.tr\/index.php\/wp-json\/wp\/v2\/types\/product"}],"wp:attachment":[{"href":"https:\/\/roveyayinevi.com.tr\/index.php\/wp-json\/wp\/v2\/media?parent=764622"}],"wp:term":[{"taxonomy":"product_brand","embeddable":true,"href":"https:\/\/roveyayinevi.com.tr\/index.php\/wp-json\/wp\/v2\/product_brand?post=764622"},{"taxonomy":"product_cat","embeddable":true,"href":"https:\/\/roveyayinevi.com.tr\/index.php\/wp-json\/wp\/v2\/product_cat?post=764622"},{"taxonomy":"product_tag","embeddable":true,"href":"https:\/\/roveyayinevi.com.tr\/index.php\/wp-json\/wp\/v2\/product_tag?post=764622"}],"curies":[{"name":"wp","href":"https:\/\/api.w.org\/{rel}","templated":true}]}}