{"id":764621,"date":"2025-08-28T11:16:05","date_gmt":"2025-08-28T08:16:05","guid":{"rendered":"https:\/\/roveyayinevi.com.tr\/index.php\/urun\/seytani-gordum\/"},"modified":"2026-04-15T03:30:23","modified_gmt":"2026-04-15T00:30:23","slug":"seytani-gordum","status":"publish","type":"product","link":"https:\/\/roveyayinevi.com.tr\/index.php\/urun\/seytani-gordum\/","title":{"rendered":"\u015eeytan\u0131 G\u00f6rd\u00fcm"},"content":{"rendered":"<p>Amerikan edebiyat\u0131n\u0131n en \u00f6nemli yazarlar\u0131ndan James Baldwin, roman ve \u00f6yk\u00fclerin yan\u0131 s\u0131ra, tek bir t\u00fcr\u00fcn kal\u0131plar\u0131na s\u0131\u011fmayan, bir anlamda kendi t\u00fcr\u00fcn\u00fc icat eden d\u00fczyaz\u0131 kitaplar\u0131 kaleme ald\u0131. Sinema \u00fczerine al\u0131\u015f\u0131lmad\u0131k bir kitap olan \u015eeytan\u0131 G\u00f6rd\u00fcm de bunlardan biri. Baldwin ele ald\u0131\u011f\u0131 filmler kadar, bu filmleri ilk kez izledi\u011fi zaman\u0131 ve ortam\u0131, filmlerin \u00fcretildikleri siyasal ve toplumsal ko\u015fullar\u0131 da irdeliyor, sinemaya gitmenin hangi arzu ve yasaklarla yan yana d\u00fc\u015ft\u00fc\u011f\u00fcn\u00fc ke\u015ffediyor. Film ele\u015ftirisiyle \u201csinema an\u0131lar\u0131\u201dn\u0131 birle\u015ftiren, Amerika\u2019daki \u0131rk sorununa sineman\u0131n aynas\u0131ndan bakan, Baldwin\u2019in kendi k\u0131sa s\u00fcrm\u00fc\u015f Hollywood maceras\u0131yla ve hayat\u0131n\u0131n ba\u015fka d\u00f6nemlerinden anekdotlarla zenginle\u015fen \u00f6zel bir kitap.   Amerikan sinemas\u0131nda siyahlar\u0131n temsil edilme bi\u00e7imlerinin gizledi\u011fi \u00f6nyarg\u0131, korku ve fantezileri keskin bir ele\u015ftirellikle ele alan \u015eeytan\u0131 G\u00f6rd\u00fcm, Baldwin\u2019in do\u011fumunun y\u00fcz\u00fcnc\u00fc y\u0131l\u0131nda ilk kez T\u00fcrk\u00e7ede.     K\u0131\u015fk\u0131rt\u0131c\u0131 bir tart\u0131\u015fma.          Saturday Review     Bu \u00fclkenin en iyi deneme yazar\u0131. Baldwin\u2019in g\u00fcc\u00fc, \u00fcst\u00fcnde iyi d\u00fc\u015f\u00fcn\u00fclm\u00fc\u015f, i\u011fneleyici alayc\u0131l\u0131\u011f\u0131nda ve Amerikal\u0131lar\u0131n kendilerini \u00fclkelerinden korumalar\u0131n\u0131 sa\u011flayan kal\u0131nla\u015fm\u0131\u015f deriyi kat kat soymaktaki \u0131srar\u0131nda yatm\u0131\u015ft\u0131r her zaman.                                                                                                 The New York Times Book Review <\/p>\n","protected":false},"excerpt":{"rendered":"<p>Amerikan edebiyat\u0131n\u0131n en \u00f6nemli yazarlar\u0131ndan James Baldwin, roman ve \u00f6yk\u00fclerin yan\u0131 s\u0131ra, tek bir t\u00fcr\u00fcn kal\u0131plar\u0131na s\u0131\u011fmayan, bir anlamda kendi t\u00fcr\u00fcn\u00fc icat eden d\u00fczyaz\u0131 kitaplar\u0131 kaleme<span class=\"excerpt-hellip\"> [\u2026]<\/span><\/p>\n","protected":false},"featured_media":0,"template":"","meta":{"_monsterinsights_skip_tracking":false,"_monsterinsights_sitenote_active":false,"_monsterinsights_sitenote_note":"","_monsterinsights_sitenote_category":0},"product_brand":[],"product_cat":[12777,12291],"product_tag":[],"class_list":{"0":"post-764621","1":"product","2":"type-product","3":"status-publish","5":"product_cat-deneme","6":"product_cat-edebiyat","7":"pa_cilt-ciltsiz","8":"pa_tur-kitap","9":"pa_yayinevi-yapi-kredi-yayinlari","10":"pa_yazar-james-baldwin","12":"first","13":"instock","14":"sale","15":"shipping-taxable","16":"purchasable","17":"product-type-simple"},"_links":{"self":[{"href":"https:\/\/roveyayinevi.com.tr\/index.php\/wp-json\/wp\/v2\/product\/764621","targetHints":{"allow":["GET"]}}],"collection":[{"href":"https:\/\/roveyayinevi.com.tr\/index.php\/wp-json\/wp\/v2\/product"}],"about":[{"href":"https:\/\/roveyayinevi.com.tr\/index.php\/wp-json\/wp\/v2\/types\/product"}],"wp:attachment":[{"href":"https:\/\/roveyayinevi.com.tr\/index.php\/wp-json\/wp\/v2\/media?parent=764621"}],"wp:term":[{"taxonomy":"product_brand","embeddable":true,"href":"https:\/\/roveyayinevi.com.tr\/index.php\/wp-json\/wp\/v2\/product_brand?post=764621"},{"taxonomy":"product_cat","embeddable":true,"href":"https:\/\/roveyayinevi.com.tr\/index.php\/wp-json\/wp\/v2\/product_cat?post=764621"},{"taxonomy":"product_tag","embeddable":true,"href":"https:\/\/roveyayinevi.com.tr\/index.php\/wp-json\/wp\/v2\/product_tag?post=764621"}],"curies":[{"name":"wp","href":"https:\/\/api.w.org\/{rel}","templated":true}]}}