{"id":764620,"date":"2025-08-28T11:16:03","date_gmt":"2025-08-28T08:16:03","guid":{"rendered":"https:\/\/roveyayinevi.com.tr\/index.php\/urun\/mumlar-sonuna-kadar-yanar\/"},"modified":"2026-04-15T03:30:23","modified_gmt":"2026-04-15T00:30:23","slug":"mumlar-sonuna-kadar-yanar","status":"publish","type":"product","link":"https:\/\/roveyayinevi.com.tr\/index.php\/urun\/mumlar-sonuna-kadar-yanar\/","title":{"rendered":"Mumlar Sonuna Kadar Yanar"},"content":{"rendered":"<p>\u201cBu soruyu ancak sen cevaplayabilirsin ve \u015fimdi, b\u00fct\u00fcn bunlar ge\u00e7ip gitti\u011fine g\u00f6re, asl\u0131nda cevaplad\u0131n: Hayat\u0131nla. \u0130nsan \u00f6nemli sorular\u0131 sonunda daima b\u00fct\u00fcn hayat\u0131yla cevaplar.\u201d \u0130kinci D\u00fcnya Sava\u015f\u0131 ortal\u0131\u011f\u0131 kas\u0131p kavururken art\u0131k ya\u015flanm\u0131\u015f ve m\u00fcnzevi bir hayat s\u00fcrmekte olan General Henrik tam k\u0131rk bir y\u0131l \u00f6nce bir anda ortadan kaybolan gen\u00e7lik arkada\u015f\u0131n\u0131 beklemektedir. \u00c7ocuklu\u011funda ve gen\u00e7li\u011finde s\u0131k\u0131 ba\u011flar kurdu\u011fu bu dostun \u00f6lmeden \u00f6nce yan\u0131tlamas\u0131 gereken sorular vard\u0131r. \u0130lk kez 1942\u2019de yay\u0131mlanan ama as\u0131l yazar\u0131n \u00f6l\u00fcm\u00fcnden sonra ke\u015ffedilerek bir\u00e7ok dile \u00e7evrilen Mumlar Sonuna Kadar Yanar M\u00e1rai\u2019nin ku\u015fkusuz en \u00e7ok ses getiren roman\u0131.   Dostluk, k\u0131skan\u00e7l\u0131k, ihanet ve insan do\u011fas\u0131 \u00fczerine uzun s\u00fcre unutulmayacak bir meditasyon.   Dipten akan bir gerilim ve zarif bi\u00e7imde \u00f6r\u00fclm\u00fc\u015f moral ve metafizik sorgulamalardan olu\u015fan \u00e7er\u00e7evesiyle parlak bir roman.                                                                               The New York Times Book Review     S\u00e1ndor M\u00e1rai insana rahat vermeyen, muhte\u015fem bir hayalet roman\u0131 yazm\u0131\u015f; hakikati kendileri i\u00e7in bir arafa d\u00f6n\u00fc\u015ft\u00fcren sa\u011f kalanlar\u0131n a\u011f\u0131t\u0131\u2026                                                                            Thomas Wirtz, Frankfurter Allgemeine<\/p>\n","protected":false},"excerpt":{"rendered":"<p>\u201cBu soruyu ancak sen cevaplayabilirsin ve \u015fimdi, b\u00fct\u00fcn bunlar ge\u00e7ip gitti\u011fine g\u00f6re, asl\u0131nda cevaplad\u0131n: Hayat\u0131nla. \u0130nsan \u00f6nemli sorular\u0131 sonunda daima b\u00fct\u00fcn hayat\u0131yla cevaplar.\u201d \u0130kinci D\u00fcnya Sava\u015f\u0131<span class=\"excerpt-hellip\"> [\u2026]<\/span><\/p>\n","protected":false},"featured_media":0,"template":"","meta":{"_monsterinsights_skip_tracking":false,"_monsterinsights_sitenote_active":false,"_monsterinsights_sitenote_note":"","_monsterinsights_sitenote_category":0},"product_brand":[],"product_cat":[12291,12711],"product_tag":[],"class_list":{"0":"post-764620","1":"product","2":"type-product","3":"status-publish","5":"product_cat-edebiyat","6":"product_cat-roman-oyku","7":"pa_cilt-ciltsiz","8":"pa_tur-kitap","9":"pa_yayinevi-yapi-kredi-yayinlari","10":"pa_yazar-sandor-marai","12":"first","13":"instock","14":"sale","15":"shipping-taxable","16":"purchasable","17":"product-type-simple"},"_links":{"self":[{"href":"https:\/\/roveyayinevi.com.tr\/index.php\/wp-json\/wp\/v2\/product\/764620","targetHints":{"allow":["GET"]}}],"collection":[{"href":"https:\/\/roveyayinevi.com.tr\/index.php\/wp-json\/wp\/v2\/product"}],"about":[{"href":"https:\/\/roveyayinevi.com.tr\/index.php\/wp-json\/wp\/v2\/types\/product"}],"wp:attachment":[{"href":"https:\/\/roveyayinevi.com.tr\/index.php\/wp-json\/wp\/v2\/media?parent=764620"}],"wp:term":[{"taxonomy":"product_brand","embeddable":true,"href":"https:\/\/roveyayinevi.com.tr\/index.php\/wp-json\/wp\/v2\/product_brand?post=764620"},{"taxonomy":"product_cat","embeddable":true,"href":"https:\/\/roveyayinevi.com.tr\/index.php\/wp-json\/wp\/v2\/product_cat?post=764620"},{"taxonomy":"product_tag","embeddable":true,"href":"https:\/\/roveyayinevi.com.tr\/index.php\/wp-json\/wp\/v2\/product_tag?post=764620"}],"curies":[{"name":"wp","href":"https:\/\/api.w.org\/{rel}","templated":true}]}}