{"id":764619,"date":"2025-08-28T11:16:01","date_gmt":"2025-08-28T08:16:01","guid":{"rendered":"https:\/\/roveyayinevi.com.tr\/index.php\/urun\/buyulu-ormanin-sirri\/"},"modified":"2026-04-11T14:32:40","modified_gmt":"2026-04-11T11:32:40","slug":"buyulu-ormanin-sirri","status":"publish","type":"product","link":"https:\/\/roveyayinevi.com.tr\/index.php\/urun\/buyulu-ormanin-sirri\/","title":{"rendered":"B\u00fcy\u00fcl\u00fc Orman\u0131n S\u0131rr\u0131"},"content":{"rendered":"<p>Kerem, anne ve babas\u0131yla huzurlu bir k\u00f6yde ya\u015famaktad\u0131r. Ancak k\u00f6yde kendisinden ba\u015fka \u00e7ocuk olmad\u0131\u011f\u0131ndan, yeni arkada\u015flar bulmak i\u00e7in bir g\u00fcn yola \u00e7\u0131kar. Evinin yak\u0131n\u0131ndaki ormana do\u011fru y\u00fcr\u00fcmeye ba\u015flad\u0131\u011f\u0131nda, k\u00f6pe\u011fi de ona e\u015flik eder.    Fakat orman\u0131n derinliklerinde yollar\u0131n\u0131 kaybederler ve kendilerini b\u00fcy\u00fcl\u00fc bir d\u00fcnyan\u0131n i\u00e7inde bulurlar. Bu gizemli ormanda ya\u015fad\u0131klar\u0131 macera, onlar\u0131 beklemedikleri bir ser\u00fcvenin i\u00e7ine s\u00fcr\u00fckler.    Kerem ve k\u00f6pe\u011fi ormanda yolunu bulabilecek mi? Onlara kim yard\u0131m edecek?    Bu s\u00fcr\u00fckleyici hikaye okuyucular\u0131 macera, dostluk ve cesaret dolu bir d\u00fcnyaya davet ediyor. <\/p>\n","protected":false},"excerpt":{"rendered":"<p>Kerem, anne ve babas\u0131yla huzurlu bir k\u00f6yde ya\u015famaktad\u0131r. Ancak k\u00f6yde kendisinden ba\u015fka \u00e7ocuk olmad\u0131\u011f\u0131ndan, yeni arkada\u015flar bulmak i\u00e7in bir g\u00fcn yola \u00e7\u0131kar. Evinin yak\u0131n\u0131ndaki ormana do\u011fru<span class=\"excerpt-hellip\"> [\u2026]<\/span><\/p>\n","protected":false},"featured_media":0,"template":"","meta":{"_monsterinsights_skip_tracking":false,"_monsterinsights_sitenote_active":false,"_monsterinsights_sitenote_note":"","_monsterinsights_sitenote_category":0},"product_brand":[],"product_cat":[12274,12284],"product_tag":[],"class_list":{"0":"post-764619","1":"product","2":"type-product","3":"status-publish","5":"product_cat-cocuk-ve-genclik-kitaplari","6":"product_cat-hikayeler","7":"pa_cilt-ciltsiz","8":"pa_tur-kitap","9":"pa_yayinevi-hazer-yayinlari","10":"pa_yazar-nese-bozman-kucukkaraca","12":"first","13":"instock","14":"sale","15":"shipping-taxable","16":"purchasable","17":"product-type-simple"},"_links":{"self":[{"href":"https:\/\/roveyayinevi.com.tr\/index.php\/wp-json\/wp\/v2\/product\/764619","targetHints":{"allow":["GET"]}}],"collection":[{"href":"https:\/\/roveyayinevi.com.tr\/index.php\/wp-json\/wp\/v2\/product"}],"about":[{"href":"https:\/\/roveyayinevi.com.tr\/index.php\/wp-json\/wp\/v2\/types\/product"}],"wp:attachment":[{"href":"https:\/\/roveyayinevi.com.tr\/index.php\/wp-json\/wp\/v2\/media?parent=764619"}],"wp:term":[{"taxonomy":"product_brand","embeddable":true,"href":"https:\/\/roveyayinevi.com.tr\/index.php\/wp-json\/wp\/v2\/product_brand?post=764619"},{"taxonomy":"product_cat","embeddable":true,"href":"https:\/\/roveyayinevi.com.tr\/index.php\/wp-json\/wp\/v2\/product_cat?post=764619"},{"taxonomy":"product_tag","embeddable":true,"href":"https:\/\/roveyayinevi.com.tr\/index.php\/wp-json\/wp\/v2\/product_tag?post=764619"}],"curies":[{"name":"wp","href":"https:\/\/api.w.org\/{rel}","templated":true}]}}