{"id":764618,"date":"2025-08-28T11:15:59","date_gmt":"2025-08-28T08:15:59","guid":{"rendered":"https:\/\/roveyayinevi.com.tr\/index.php\/urun\/harabe-evin-sirri\/"},"modified":"2026-04-15T03:30:23","modified_gmt":"2026-04-15T00:30:23","slug":"harabe-evin-sirri","status":"publish","type":"product","link":"https:\/\/roveyayinevi.com.tr\/index.php\/urun\/harabe-evin-sirri\/","title":{"rendered":"Harabe Evin S\u0131rr\u0131"},"content":{"rendered":"<p>Dar sokaklar\u0131 olan bir mahallede ya\u015fayan \u00e7ocuklar, mahallenin kenar\u0131nda bulunan harabe evle ilgili hikayeler anlat\u0131rlar. Bir s\u00fcre sonra harabe evden de\u011fi\u015fik renkli \u0131\u015f\u0131klar geldi\u011fini g\u00f6r\u00fcrler. \u00d6nce cesaret edemeseler de bir s\u00fcre sonra be\u015f arkada\u015f toplan\u0131p harabe eve girmeye karar verirler.    Acaba planlar\u0131 istedikleri gibi i\u015fleyecek mi?    Yan\u0131p s\u00f6nen \u0131\u015f\u0131klar\u0131n gizemini \u00e7\u00f6zebilecekler mi? <\/p>\n","protected":false},"excerpt":{"rendered":"<p>Dar sokaklar\u0131 olan bir mahallede ya\u015fayan \u00e7ocuklar, mahallenin kenar\u0131nda bulunan harabe evle ilgili hikayeler anlat\u0131rlar. Bir s\u00fcre sonra harabe evden de\u011fi\u015fik renkli \u0131\u015f\u0131klar geldi\u011fini g\u00f6r\u00fcrler. \u00d6nce<span class=\"excerpt-hellip\"> [\u2026]<\/span><\/p>\n","protected":false},"featured_media":0,"template":"","meta":{"_monsterinsights_skip_tracking":false,"_monsterinsights_sitenote_active":false,"_monsterinsights_sitenote_note":"","_monsterinsights_sitenote_category":0},"product_brand":[],"product_cat":[12274,12284],"product_tag":[],"class_list":{"0":"post-764618","1":"product","2":"type-product","3":"status-publish","5":"product_cat-cocuk-ve-genclik-kitaplari","6":"product_cat-hikayeler","7":"pa_cilt-ciltsiz","8":"pa_tur-kitap","9":"pa_yayinevi-hazer-yayinlari","10":"pa_yazar-nese-bozman-kucukkaraca","12":"first","13":"instock","14":"sale","15":"shipping-taxable","16":"purchasable","17":"product-type-simple"},"_links":{"self":[{"href":"https:\/\/roveyayinevi.com.tr\/index.php\/wp-json\/wp\/v2\/product\/764618","targetHints":{"allow":["GET"]}}],"collection":[{"href":"https:\/\/roveyayinevi.com.tr\/index.php\/wp-json\/wp\/v2\/product"}],"about":[{"href":"https:\/\/roveyayinevi.com.tr\/index.php\/wp-json\/wp\/v2\/types\/product"}],"wp:attachment":[{"href":"https:\/\/roveyayinevi.com.tr\/index.php\/wp-json\/wp\/v2\/media?parent=764618"}],"wp:term":[{"taxonomy":"product_brand","embeddable":true,"href":"https:\/\/roveyayinevi.com.tr\/index.php\/wp-json\/wp\/v2\/product_brand?post=764618"},{"taxonomy":"product_cat","embeddable":true,"href":"https:\/\/roveyayinevi.com.tr\/index.php\/wp-json\/wp\/v2\/product_cat?post=764618"},{"taxonomy":"product_tag","embeddable":true,"href":"https:\/\/roveyayinevi.com.tr\/index.php\/wp-json\/wp\/v2\/product_tag?post=764618"}],"curies":[{"name":"wp","href":"https:\/\/api.w.org\/{rel}","templated":true}]}}