{"id":764614,"date":"2025-08-28T11:15:52","date_gmt":"2025-08-28T08:15:52","guid":{"rendered":"https:\/\/roveyayinevi.com.tr\/index.php\/urun\/dort-kafadarlar\/"},"modified":"2026-04-15T03:30:23","modified_gmt":"2026-04-15T00:30:23","slug":"dort-kafadarlar","status":"publish","type":"product","link":"https:\/\/roveyayinevi.com.tr\/index.php\/urun\/dort-kafadarlar\/","title":{"rendered":"D\u00f6rt Kafadarlar"},"content":{"rendered":"<p>Ayn\u0131 sitede oturan d\u00f6rt samimi arkada\u015f, s\u0131radan g\u00fcnlerini sevimli k\u00f6pekleri B\u0131d\u0131k\u2019\u0131n ne\u015fesiyle renklendirirken, beklenmedik bir olay t\u00fcm dengelerini alt\u00fcst eder. B\u0131d\u0131k\u2019\u0131n ka\u00e7\u0131r\u0131lmas\u0131 onlar\u0131 hi\u00e7 ummad\u0131klar\u0131 bir maceran\u0131n i\u00e7ine s\u00fcr\u00fckler. \u015eimdi dostluklar\u0131n\u0131 ve cesaretlerini s\u0131nayan bu b\u00fcy\u00fck maceraya haz\u0131r m\u0131s\u0131n\u0131z?    Gizemli izler, s\u00fcrprizlerle dolu anlar ve s\u0131k\u0131 dostluk ba\u011flar\u0131\u2026 D\u00f6rt kafadar\u0131n B\u0131d\u0131k\u2019\u0131 bulmak i\u00e7in giri\u015ftikleri bu heyecan dolu ser\u00fcvene siz de kat\u0131l\u0131n. Her sayfas\u0131nda yeni bir s\u00fcrprizle kar\u015f\u0131la\u015faca\u011f\u0131n\u0131z bu hik\u00e2ye sizi de maceran\u0131n bir par\u00e7as\u0131 olmaya davet ediyor. <\/p>\n","protected":false},"excerpt":{"rendered":"<p>Ayn\u0131 sitede oturan d\u00f6rt samimi arkada\u015f, s\u0131radan g\u00fcnlerini sevimli k\u00f6pekleri B\u0131d\u0131k\u2019\u0131n ne\u015fesiyle renklendirirken, beklenmedik bir olay t\u00fcm dengelerini alt\u00fcst eder. B\u0131d\u0131k\u2019\u0131n ka\u00e7\u0131r\u0131lmas\u0131 onlar\u0131 hi\u00e7 ummad\u0131klar\u0131 bir<span class=\"excerpt-hellip\"> [\u2026]<\/span><\/p>\n","protected":false},"featured_media":0,"template":"","meta":{"_monsterinsights_skip_tracking":false,"_monsterinsights_sitenote_active":false,"_monsterinsights_sitenote_note":"","_monsterinsights_sitenote_category":0},"product_brand":[],"product_cat":[12274,12284],"product_tag":[],"class_list":{"0":"post-764614","1":"product","2":"type-product","3":"status-publish","5":"product_cat-cocuk-ve-genclik-kitaplari","6":"product_cat-hikayeler","7":"pa_cilt-ciltsiz","8":"pa_tur-kitap","9":"pa_yayinevi-hazer-yayinlari","10":"pa_yazar-nese-bozman-kucukkaraca","12":"first","13":"instock","14":"sale","15":"shipping-taxable","16":"purchasable","17":"product-type-simple"},"_links":{"self":[{"href":"https:\/\/roveyayinevi.com.tr\/index.php\/wp-json\/wp\/v2\/product\/764614","targetHints":{"allow":["GET"]}}],"collection":[{"href":"https:\/\/roveyayinevi.com.tr\/index.php\/wp-json\/wp\/v2\/product"}],"about":[{"href":"https:\/\/roveyayinevi.com.tr\/index.php\/wp-json\/wp\/v2\/types\/product"}],"wp:attachment":[{"href":"https:\/\/roveyayinevi.com.tr\/index.php\/wp-json\/wp\/v2\/media?parent=764614"}],"wp:term":[{"taxonomy":"product_brand","embeddable":true,"href":"https:\/\/roveyayinevi.com.tr\/index.php\/wp-json\/wp\/v2\/product_brand?post=764614"},{"taxonomy":"product_cat","embeddable":true,"href":"https:\/\/roveyayinevi.com.tr\/index.php\/wp-json\/wp\/v2\/product_cat?post=764614"},{"taxonomy":"product_tag","embeddable":true,"href":"https:\/\/roveyayinevi.com.tr\/index.php\/wp-json\/wp\/v2\/product_tag?post=764614"}],"curies":[{"name":"wp","href":"https:\/\/api.w.org\/{rel}","templated":true}]}}