{"id":764613,"date":"2025-08-28T11:15:51","date_gmt":"2025-08-28T08:15:51","guid":{"rendered":"https:\/\/roveyayinevi.com.tr\/index.php\/urun\/yetiskin-dunyasinda-cocuk-olmak\/"},"modified":"2026-04-15T03:30:23","modified_gmt":"2026-04-15T00:30:23","slug":"yetiskin-dunyasinda-cocuk-olmak","status":"publish","type":"product","link":"https:\/\/roveyayinevi.com.tr\/index.php\/urun\/yetiskin-dunyasinda-cocuk-olmak\/","title":{"rendered":"Yeti\u015fkin D\u00fcnyas\u0131nda \u00c7ocuk Olmak"},"content":{"rendered":"<p>Yeti\u015fkin D\u00fcnyas\u0131nda \u00c7ocuk Olmak, sadece antropoloji ve arkeoloji okuyucular\u0131 i\u00e7in de\u011fil, \u00e7ocuk konusuna ilgi duyan her okuyucu i\u00e7in bir kaynak eserdir. Kitab\u0131n ilk b\u00f6l\u00fcm\u00fcnde, Prof. Dr. Metin \u00d6zbek Kalkolitik \u00c7a\u011f\u2019\u0131n \u00f6zg\u00fcn \u00f6rneklerinden olan De\u011firmentepe (Malatya) bebek iskeletlerinde bulgulad\u0131\u011f\u0131 ba\u015f da\u011flama ve ba\u015f deformasyonu gelene\u011fini \u00e7e\u015fitli boyutlar\u0131yla ele almaktad\u0131r. Ayn\u0131 b\u00f6l\u00fcmde ele ald\u0131\u011f\u0131 De\u011firmentepe ile \u00e7a\u011fda\u015f Byblos (L\u00fcbnan) ba\u015f deformasyonu iskeletleri incelemesi, gelene\u011fin co\u011frafi yayg\u0131nl\u0131\u011f\u0131na i\u015faret etmektedir. Kitab\u0131n ikinci b\u00f6l\u00fcmde, Prof. Dr. N. Serpil Altuntek, g\u00fcn\u00fcm\u00fcz \u015eanl\u0131urfa \u00e7ocuk mezarl\u0131klar\u0131 \u00f6rne\u011fine odaklanarak 0-6 ya\u015f \u00e7ocuklar\u0131n\u0131n yeti\u015fkin mezarl\u0131klar\u0131n\u0131n d\u0131\u015f\u0131nda tutulmas\u0131n\u0131n nedenleri irdelemekte, hen\u00fcz k\u00fclt\u00fcrel varl\u0131k stat\u00fcs\u00fcn\u00fc kazanmam\u0131\u015f bebek ve k\u00fc\u00e7\u00fck \u00e7ocuklar\u0131n yeti\u015fkin d\u00fcnyas\u0131ndaki simgesel konumunu ortaya koymaktad\u0131r. <\/p>\n","protected":false},"excerpt":{"rendered":"<p>Yeti\u015fkin D\u00fcnyas\u0131nda \u00c7ocuk Olmak, sadece antropoloji ve arkeoloji okuyucular\u0131 i\u00e7in de\u011fil, \u00e7ocuk konusuna ilgi duyan her okuyucu i\u00e7in bir kaynak eserdir. Kitab\u0131n ilk b\u00f6l\u00fcm\u00fcnde, Prof. Dr.<span class=\"excerpt-hellip\"> [\u2026]<\/span><\/p>\n","protected":false},"featured_media":0,"template":"","meta":{"_monsterinsights_skip_tracking":false,"_monsterinsights_sitenote_active":false,"_monsterinsights_sitenote_note":"","_monsterinsights_sitenote_category":0},"product_brand":[],"product_cat":[15499,13488],"product_tag":[],"class_list":{"0":"post-764613","1":"product","2":"type-product","3":"status-publish","5":"product_cat-antropoloji","6":"product_cat-toplum-ve-insan","7":"pa_cilt-ciltsiz","8":"pa_tur-kitap","9":"pa_yayinevi-tiyam-yayinevi","10":"pa_yazar-metin-ozbek-n-serpil-altuntek","12":"first","13":"instock","14":"sale","15":"shipping-taxable","16":"purchasable","17":"product-type-simple"},"_links":{"self":[{"href":"https:\/\/roveyayinevi.com.tr\/index.php\/wp-json\/wp\/v2\/product\/764613","targetHints":{"allow":["GET"]}}],"collection":[{"href":"https:\/\/roveyayinevi.com.tr\/index.php\/wp-json\/wp\/v2\/product"}],"about":[{"href":"https:\/\/roveyayinevi.com.tr\/index.php\/wp-json\/wp\/v2\/types\/product"}],"wp:attachment":[{"href":"https:\/\/roveyayinevi.com.tr\/index.php\/wp-json\/wp\/v2\/media?parent=764613"}],"wp:term":[{"taxonomy":"product_brand","embeddable":true,"href":"https:\/\/roveyayinevi.com.tr\/index.php\/wp-json\/wp\/v2\/product_brand?post=764613"},{"taxonomy":"product_cat","embeddable":true,"href":"https:\/\/roveyayinevi.com.tr\/index.php\/wp-json\/wp\/v2\/product_cat?post=764613"},{"taxonomy":"product_tag","embeddable":true,"href":"https:\/\/roveyayinevi.com.tr\/index.php\/wp-json\/wp\/v2\/product_tag?post=764613"}],"curies":[{"name":"wp","href":"https:\/\/api.w.org\/{rel}","templated":true}]}}