{"id":764608,"date":"2025-08-28T11:15:40","date_gmt":"2025-08-28T08:15:40","guid":{"rendered":"https:\/\/roveyayinevi.com.tr\/index.php\/urun\/dune-makinelerin-seferi\/"},"modified":"2026-04-15T03:30:23","modified_gmt":"2026-04-15T00:30:23","slug":"dune-makinelerin-seferi","status":"publish","type":"product","link":"https:\/\/roveyayinevi.com.tr\/index.php\/urun\/dune-makinelerin-seferi\/","title":{"rendered":"Dune: Makinelerin Seferi"},"content":{"rendered":"<p>Paul Atreides\u2019in cihad\u0131na kadar su\u0308ren binlerce y\u0131ll\u0131k yolculu\u011fun ba\u015flang\u0131c\u0131n\u0131 anlatan Dune Efsaneleri u\u0308\u00e7lemesi, Dune: Makinelerin Seferi\u2019yle devam ediyor!\u0130lk sava\u015f zaferle sonu\u00e7land\u0131. Ama sava\u015f daha yeni ba\u015fl\u0131yor.Yerk\u00fcre radyoaktif bir harabeye d\u00f6n\u00fc\u015fm\u00fc\u015ft\u00fc. Ancak Butleryan Cihad\u0131&#8217;n\u0131n ilk seferi insanl\u0131\u011fa yeni bir umut vermi\u015fti. \u00d6ld\u00fcr\u00fclen \u00e7ocu\u011fu bask\u0131 alt\u0131ndaki insanl\u0131\u011f\u0131n sembol\u00fc h\u00e2line gelen Serena Butler&#8217;dan ilhamla, d\u00fc\u015f\u00fcnen makinelere kar\u015f\u0131 verilen sava\u015f Xavier Harkonnen ve Vorian Atreides liderli\u011finde s\u00fcr\u00fcyordu.Ancak Titanlardan, yani insan beynine ve insan kurnazl\u0131\u011f\u0131na sahip cani makinelerden d\u00f6rd\u00fc h\u00e2l\u00e2 varl\u0131\u011f\u0131n\u0131 s\u00fcrd\u00fcr\u00fcyordu. Ve Omnius h\u00e2l\u00e2 g\u00fcc\u00fcn\u00fcn \u00e7o\u011funu elinde tutmaktayd\u0131\u2026\u201cCihad\u0131n kahramanlar\u0131 \u015fu anda hat\u0131rland\u0131klar\u0131 gibiydiler; insanl\u0131\u011f\u0131n onlara her zamankinden \u00e7ok daha fazla ihtiya\u00e7 duydu\u011fu zamanda ortaya \u00e7\u0131k\u0131p kendilerinden bekleneni yapt\u0131lar.\u201d<\/p>\n","protected":false},"excerpt":{"rendered":"<p>Paul Atreides\u2019in cihad\u0131na kadar su\u0308ren binlerce y\u0131ll\u0131k yolculu\u011fun ba\u015flang\u0131c\u0131n\u0131 anlatan Dune Efsaneleri u\u0308\u00e7lemesi, Dune: Makinelerin Seferi\u2019yle devam ediyor!\u0130lk sava\u015f zaferle sonu\u00e7land\u0131. Ama sava\u015f daha yeni ba\u015fl\u0131yor.Yerk\u00fcre<span class=\"excerpt-hellip\"> [\u2026]<\/span><\/p>\n","protected":false},"featured_media":0,"template":"","meta":{"_monsterinsights_skip_tracking":false,"_monsterinsights_sitenote_active":false,"_monsterinsights_sitenote_note":"","_monsterinsights_sitenote_category":0},"product_brand":[],"product_cat":[12540,12291],"product_tag":[],"class_list":{"0":"post-764608","1":"product","2":"type-product","3":"status-publish","5":"product_cat-bilim-kurgu","6":"product_cat-edebiyat","7":"pa_cilt-ciltsiz","8":"pa_tur-kitap","9":"pa_yayinevi-ithaki-yayinlari","10":"pa_yazar-brian-herbert-kevin-j-anderson","12":"first","13":"instock","14":"sale","15":"shipping-taxable","16":"purchasable","17":"product-type-simple"},"_links":{"self":[{"href":"https:\/\/roveyayinevi.com.tr\/index.php\/wp-json\/wp\/v2\/product\/764608","targetHints":{"allow":["GET"]}}],"collection":[{"href":"https:\/\/roveyayinevi.com.tr\/index.php\/wp-json\/wp\/v2\/product"}],"about":[{"href":"https:\/\/roveyayinevi.com.tr\/index.php\/wp-json\/wp\/v2\/types\/product"}],"wp:attachment":[{"href":"https:\/\/roveyayinevi.com.tr\/index.php\/wp-json\/wp\/v2\/media?parent=764608"}],"wp:term":[{"taxonomy":"product_brand","embeddable":true,"href":"https:\/\/roveyayinevi.com.tr\/index.php\/wp-json\/wp\/v2\/product_brand?post=764608"},{"taxonomy":"product_cat","embeddable":true,"href":"https:\/\/roveyayinevi.com.tr\/index.php\/wp-json\/wp\/v2\/product_cat?post=764608"},{"taxonomy":"product_tag","embeddable":true,"href":"https:\/\/roveyayinevi.com.tr\/index.php\/wp-json\/wp\/v2\/product_tag?post=764608"}],"curies":[{"name":"wp","href":"https:\/\/api.w.org\/{rel}","templated":true}]}}