{"id":764606,"date":"2025-08-28T11:15:36","date_gmt":"2025-08-28T08:15:36","guid":{"rendered":"https:\/\/roveyayinevi.com.tr\/index.php\/urun\/goebbelsin-propaganda-orkestrasi\/"},"modified":"2026-04-15T03:30:23","modified_gmt":"2026-04-15T00:30:23","slug":"goebbelsin-propaganda-orkestrasi","status":"publish","type":"product","link":"https:\/\/roveyayinevi.com.tr\/index.php\/urun\/goebbelsin-propaganda-orkestrasi\/","title":{"rendered":"Goebbels&#8217;in Propaganda Orkestras\u0131"},"content":{"rendered":"<p>Devasa propaganda makinesinin m\u00fczikle ve cazla imtihan\u0131! Demian Lienhard&#8217;\u0131n \u0130kinci D\u00fcnya Sava\u015f\u0131&#8217;na dair al\u0131\u015f\u0131lm\u0131\u015f\u0131n d\u0131\u015f\u0131nda bir hik\u00e2ye anlatt\u0131\u011f\u0131 Goebbels&#8217;in Propoganda Orkestras\u0131, kurmaca ile ger\u00e7ekli\u011fin i\u00e7 i\u00e7e ge\u00e7ti\u011fi olay \u00f6rg\u00fcs\u00fcyle kusursuz bir \u00fcstkurmaca \u00f6rne\u011fi.\u00dc\u00e7 be\u015f plakta gizli kalm\u0131\u015f esrarengiz bir orkestran\u0131n ve onun ard\u0131nda sivrilen \u015feytani bir deh\u00e2n\u0131n izinden giden bu \u00e7arp\u0131c\u0131 roman, \u00e7eli\u015fkiler batakl\u0131\u011f\u0131nda y\u00fckselen caz t\u0131n\u0131lar\u0131 e\u015fli\u011finde 1940&#8217;lar\u0131n Berlin&#8217;inden ve \u00e7alkant\u0131l\u0131 gece hayat\u0131ndan b\u0131\u00e7ak s\u0131rt\u0131 manzaralar sunuyor. Sans\u00fcr\u00fcn, ihanetin ve propagandan\u0131n her \u015feyin \u00fcst\u00fcn\u00fc sis bulutu gibi kaplad\u0131\u011f\u0131 bir d\u00f6nemde, nefes alabilmek u\u011fruna m\u00fczi\u011fe sar\u0131lanlar\u0131n hakikat i\u00e7in verdikleri m\u00fccadeleyi g\u00fcn\u00fcm\u00fcze ta\u015f\u0131yan kitap; zihinlerde \u00e7akt\u0131rd\u0131\u011f\u0131 \u015fim\u015feklerle okuru &#8221;Ben olsam nas\u0131l davran\u0131rd\u0131m?&#8221; sorusuyla ba\u015f ba\u015fa b\u0131rak\u0131yor.Bir \u0130ngiliz milliyet\u00e7isi nas\u0131l olur da \u0130ngiltere&#8217;nin ba\u015fd\u00fc\u015fman\u0131 i\u00e7in \u00e7al\u0131\u015fmaya ba\u015flar?\u0130nsanl\u0131k tarihi, 1940&#8217;l\u0131 y\u0131llarda Nazilerin en tuhaf propaganda operasyonlar\u0131ndan birine tan\u0131k olur. M\u00fcttefiklerin moralini bozmak amac\u0131yla Joseph Goebbels&#8217;in te\u015fvikiyle yay\u0131na ba\u015flayan &#8221;Almanya Ar\u0131yor&#8221; program\u0131nda, \u0130ngilizce haber metinlerinin aras\u0131nda m\u00fczik \u00e7almas\u0131 i\u00e7in bir orkestra kurulur: Charlie and His Orchestra, yani asl\u0131nda Goebbels&#8217;in Propaganda Orkestras\u0131. Avrupa&#8217;n\u0131n en iyi caz m\u00fczisyenlerini k\u00f6kenlerine, \u0131rklar\u0131na veya cinsel y\u00f6nelimlerine bak\u0131lmaks\u0131z\u0131n Berlin&#8217;de bir araya getiren bu giri\u015fim, ba\u015flarda iyi niyetli bir olu\u015fum gibi g\u00f6r\u00fcnse de madalyonun \u00f6teki y\u00fcz\u00fc farkl\u0131d\u0131r&#8230;Nazi Almanya&#8217;s\u0131n\u0131n \u0130ngilizce sesi olarak \u00fcnlenen William Joyce&#8217;un, nam\u0131di\u011fer Lord Haw-Haw&#8217;\u0131n ya\u015fam hik\u00e2yesine odaklanarak, \u0130kinci D\u00fcnya Sava\u015f\u0131&#8217;na bamba\u015fka bir perspektiften bakmam\u0131z\u0131 sa\u011flayan Demian Lienhard, ele ald\u0131\u011f\u0131 konunun \u00f6zg\u00fcnl\u00fc\u011f\u00fc ve kendine has retorik tarz\u0131yla tad\u0131 dima\u011flarda yer edecek bir metne imza at\u0131yor. Kurmacan\u0131n i\u00e7ine katt\u0131\u011f\u0131 ger\u00e7eklikle okuru tam anlam\u0131yla \u00e7arpan Goebbels&#8217;in Propaganda Orkestras\u0131; anlat\u0131s\u0131nda yer verdi\u011fi tren tarifeleri, metro hatlar\u0131, otel adresleri ve telefon numaralar\u0131 gibi ayr\u0131nt\u0131lar\u0131 do\u011fru kaynaklara dayand\u0131rarak tarihin ayak izlerinden y\u00fcr\u00fcmeyi de ihmal etmiyor.&#8221;\u0130nsan, derisini satmak zorunda kal\u0131rsa onu ilk gelene de\u011fil, en iyi teklif verene satmal\u0131d\u0131r.&#8221;<\/p>\n","protected":false},"excerpt":{"rendered":"<p>Devasa propaganda makinesinin m\u00fczikle ve cazla imtihan\u0131! Demian Lienhard&#8217;\u0131n \u0130kinci D\u00fcnya Sava\u015f\u0131&#8217;na dair al\u0131\u015f\u0131lm\u0131\u015f\u0131n d\u0131\u015f\u0131nda bir hik\u00e2ye anlatt\u0131\u011f\u0131 Goebbels&#8217;in Propoganda Orkestras\u0131, kurmaca ile ger\u00e7ekli\u011fin i\u00e7 i\u00e7e<span class=\"excerpt-hellip\"> [\u2026]<\/span><\/p>\n","protected":false},"featured_media":0,"template":"","meta":{"_monsterinsights_skip_tracking":false,"_monsterinsights_sitenote_active":false,"_monsterinsights_sitenote_note":"","_monsterinsights_sitenote_category":0},"product_brand":[],"product_cat":[12291,12711],"product_tag":[],"class_list":{"0":"post-764606","1":"product","2":"type-product","3":"status-publish","5":"product_cat-edebiyat","6":"product_cat-roman-oyku","7":"pa_cilt-ciltsiz","8":"pa_tur-kitap","9":"pa_yayinevi-delidolu","10":"pa_yazar-demian-lienhard","12":"first","13":"instock","14":"sale","15":"shipping-taxable","16":"purchasable","17":"product-type-simple"},"_links":{"self":[{"href":"https:\/\/roveyayinevi.com.tr\/index.php\/wp-json\/wp\/v2\/product\/764606","targetHints":{"allow":["GET"]}}],"collection":[{"href":"https:\/\/roveyayinevi.com.tr\/index.php\/wp-json\/wp\/v2\/product"}],"about":[{"href":"https:\/\/roveyayinevi.com.tr\/index.php\/wp-json\/wp\/v2\/types\/product"}],"wp:attachment":[{"href":"https:\/\/roveyayinevi.com.tr\/index.php\/wp-json\/wp\/v2\/media?parent=764606"}],"wp:term":[{"taxonomy":"product_brand","embeddable":true,"href":"https:\/\/roveyayinevi.com.tr\/index.php\/wp-json\/wp\/v2\/product_brand?post=764606"},{"taxonomy":"product_cat","embeddable":true,"href":"https:\/\/roveyayinevi.com.tr\/index.php\/wp-json\/wp\/v2\/product_cat?post=764606"},{"taxonomy":"product_tag","embeddable":true,"href":"https:\/\/roveyayinevi.com.tr\/index.php\/wp-json\/wp\/v2\/product_tag?post=764606"}],"curies":[{"name":"wp","href":"https:\/\/api.w.org\/{rel}","templated":true}]}}