{"id":764603,"date":"2025-08-28T11:15:31","date_gmt":"2025-08-28T08:15:31","guid":{"rendered":"https:\/\/roveyayinevi.com.tr\/index.php\/urun\/googol-bir-kesif-yolculugu\/"},"modified":"2026-04-15T03:30:23","modified_gmt":"2026-04-15T00:30:23","slug":"googol-bir-kesif-yolculugu","status":"publish","type":"product","link":"https:\/\/roveyayinevi.com.tr\/index.php\/urun\/googol-bir-kesif-yolculugu\/","title":{"rendered":"Googol \/ Bir Ke\u015fif Yolculu\u011fu"},"content":{"rendered":"<p>Googol, ba\u015fkalar\u0131n\u0131n ondan olmas\u0131n\u0131 istedikleri ki\u015fi de\u011fildir: O, anne babas\u0131 ve karde\u015flerinin aksine kendisi olmak ister. Herkesin sorular\u0131ndan b\u0131kan bu s\u0131n\u0131fland\u0131r\u0131lamayan varl\u0131k, kendisini ke\u015ffetmesine ve unutulmaz arkada\u015flarla dolu m\u00fcthi\u015f yerleri tan\u0131mas\u0131na yard\u0131mc\u0131 olacak bir yolculu\u011fa yelken a\u00e7ar. \u201cAd\u0131 ne Benet, ne Nicolau ne de Camila\u2019yd\u0131. Ad\u0131n\u0131n Googol oldu\u011funu s\u00f6ylemeye kadar vermi\u015fti, i\u015fte o kadar. Googol, ayn\u0131 zamanda b\u00fcy\u00fck m\u00fc b\u00fcy\u00fck, adeta sonsuz bir rakam\u0131n ad\u0131d\u0131r.\u201d Googol, ba\u015fkalar\u0131n\u0131n bizden olmam\u0131z\u0131 istedi\u011fi ki\u015fi de\u011fil, kendimiz olma yolculu\u011funa \u00e7\u0131kma cesaretini g\u00f6stermek \u00fczerine s\u00fcrprizlerle dolu, muzip bir hik\u00e2ye. <\/p>\n","protected":false},"excerpt":{"rendered":"<p>Googol, ba\u015fkalar\u0131n\u0131n ondan olmas\u0131n\u0131 istedikleri ki\u015fi de\u011fildir: O, anne babas\u0131 ve karde\u015flerinin aksine kendisi olmak ister. Herkesin sorular\u0131ndan b\u0131kan bu s\u0131n\u0131fland\u0131r\u0131lamayan varl\u0131k, kendisini ke\u015ffetmesine ve unutulmaz<span class=\"excerpt-hellip\"> [\u2026]<\/span><\/p>\n","protected":false},"featured_media":0,"template":"","meta":{"_monsterinsights_skip_tracking":false,"_monsterinsights_sitenote_active":false,"_monsterinsights_sitenote_note":"","_monsterinsights_sitenote_category":0},"product_brand":[],"product_cat":[12274,12284],"product_tag":[],"class_list":{"0":"post-764603","1":"product","2":"type-product","3":"status-publish","5":"product_cat-cocuk-ve-genclik-kitaplari","6":"product_cat-hikayeler","7":"pa_cilt-ciltsiz","8":"pa_tur-kitap","9":"pa_yayinevi-can-cocuk-yayinlari","10":"pa_yazar-josep-lluis-badal","12":"first","13":"instock","14":"sale","15":"shipping-taxable","16":"purchasable","17":"product-type-simple"},"_links":{"self":[{"href":"https:\/\/roveyayinevi.com.tr\/index.php\/wp-json\/wp\/v2\/product\/764603","targetHints":{"allow":["GET"]}}],"collection":[{"href":"https:\/\/roveyayinevi.com.tr\/index.php\/wp-json\/wp\/v2\/product"}],"about":[{"href":"https:\/\/roveyayinevi.com.tr\/index.php\/wp-json\/wp\/v2\/types\/product"}],"wp:attachment":[{"href":"https:\/\/roveyayinevi.com.tr\/index.php\/wp-json\/wp\/v2\/media?parent=764603"}],"wp:term":[{"taxonomy":"product_brand","embeddable":true,"href":"https:\/\/roveyayinevi.com.tr\/index.php\/wp-json\/wp\/v2\/product_brand?post=764603"},{"taxonomy":"product_cat","embeddable":true,"href":"https:\/\/roveyayinevi.com.tr\/index.php\/wp-json\/wp\/v2\/product_cat?post=764603"},{"taxonomy":"product_tag","embeddable":true,"href":"https:\/\/roveyayinevi.com.tr\/index.php\/wp-json\/wp\/v2\/product_tag?post=764603"}],"curies":[{"name":"wp","href":"https:\/\/api.w.org\/{rel}","templated":true}]}}