{"id":764601,"date":"2025-08-28T11:15:28","date_gmt":"2025-08-28T08:15:28","guid":{"rendered":"https:\/\/roveyayinevi.com.tr\/index.php\/urun\/ucmaya-hazir\/"},"modified":"2026-01-22T03:44:07","modified_gmt":"2026-01-22T00:44:07","slug":"ucmaya-hazir","status":"publish","type":"product","link":"https:\/\/roveyayinevi.com.tr\/index.php\/urun\/ucmaya-hazir\/","title":{"rendered":"U\u00e7maya Haz\u0131r !"},"content":{"rendered":"<p>Riley ka\u011f\u0131ttan bir u\u00e7ak yapt\u0131. Heyecanla g\u00f6ky\u00fcz\u00fcne u\u00e7urmak istedi. Ancak u\u00e7ak havalanmadan hemen \u00f6nce bir kartal, Riley\u2019in u\u00e7a\u011f\u0131n\u0131n k\u00fc\u00e7\u00fck oldu\u011funu ve asla u\u00e7amayaca\u011f\u0131n\u0131 s\u00f6yledi. Riley bu y\u00fczden daha b\u00fcy\u00fck bir u\u00e7ak yapt\u0131.Yine tam u\u00e7uracakken bu kez de bir papa\u011fan u\u00e7a\u011f\u0131n u\u00e7mak i\u00e7in \u00e7ok s\u0131k\u0131c\u0131 ve renksiz oldu\u011funu s\u00f6yledi. Riley onu da dinledi ve u\u00e7a\u011f\u0131n\u0131 boyayarak daha g\u00f6steri\u015fli yapt\u0131. Ancak ku\u015flar ard arda gelerek Riley\u2019in u\u00e7a\u011f\u0131n\u0131 k\u00fc\u00e7\u00fcmsediler. Onlara g\u00f6re iyi bir u\u00e7a\u011f\u0131n nitelikleri: \u201cdaha h\u0131zl\u0131!\u201d \u201cdaha uzun!\u201d \u201cdaha ak\u0131ll\u0131!\u201d&#8230; olmal\u0131yd\u0131. Bu \u2018daha\u2019lar hi\u00e7 bitmedi ve ku\u015flar Riley\u2019in ka\u011f\u0131t u\u00e7a\u011f\u0131n\u0131 ele\u015ftirdik\u00e7e, Riley onlar\u0131n anlams\u0131z y\u00f6nlendirmelerini yerine getirdi. Ama bu de\u011fi\u015fikliklere ra\u011fmen u\u00e7ak yere \u00e7ak\u0131l\u0131p par\u00e7aland\u0131. Bu durumdan b\u0131kan ve kendine olan g\u00fcveni sars\u0131lan Riley sonunda hayallerini destekleyen, onu y\u00fcreklendiren bir arkada\u015fla tan\u0131\u015ft\u0131&#8230;Ve ba\u015farman\u0131n ola\u011fan\u00fcst\u00fc duygusunu ke\u015ffetti. \u2018G\u00fc\u00e7l\u00fc g\u00f6rseller e\u015fli\u011finde Doerrfeld, bir kez daha kendi yolunu bulma s\u00fcrecini ele al\u0131yor, ancak bu sefer, \u2018Vuuu bunu ba\u015fard\u0131n!\u2019 diyen duyguyu seslerin ritmiyle veriyor.\u2019\u2019 Publishers Weekly New York Times\u2019\u0131n en \u00e7ok satan kitab\u0131 Tav\u015fan Dinledi\u2019nin yazar\u0131 Cori Doerrfeld\u2019 den Ba\u015fkalar\u0131n\u0131n isteklerine g\u00f6re kendini de\u011fi\u015ftirmektense, hayallerini ger\u00e7ekle\u015ftirmeyi \u00f6\u011frenmenin hikayesi. <\/p>\n","protected":false},"excerpt":{"rendered":"<p>Riley ka\u011f\u0131ttan bir u\u00e7ak yapt\u0131. Heyecanla g\u00f6ky\u00fcz\u00fcne u\u00e7urmak istedi. Ancak u\u00e7ak havalanmadan hemen \u00f6nce bir kartal, Riley\u2019in u\u00e7a\u011f\u0131n\u0131n k\u00fc\u00e7\u00fck oldu\u011funu ve asla u\u00e7amayaca\u011f\u0131n\u0131 s\u00f6yledi. Riley bu<span class=\"excerpt-hellip\"> [\u2026]<\/span><\/p>\n","protected":false},"featured_media":0,"template":"","meta":{"_monsterinsights_skip_tracking":false,"_monsterinsights_sitenote_active":false,"_monsterinsights_sitenote_note":"","_monsterinsights_sitenote_category":0},"product_brand":[],"product_cat":[26509,13365],"product_tag":[],"class_list":{"0":"post-764601","1":"product","2":"type-product","3":"status-publish","5":"product_cat-cocuk-gelisimi","6":"product_cat-saglik","7":"pa_cilt-ciltsiz","8":"pa_tur-kitap","9":"pa_yayinevi-gergedan-yayinlari","10":"pa_yazar-cori-doerrfeld","12":"first","13":"instock","14":"sale","15":"shipping-taxable","16":"purchasable","17":"product-type-simple"},"_links":{"self":[{"href":"https:\/\/roveyayinevi.com.tr\/index.php\/wp-json\/wp\/v2\/product\/764601","targetHints":{"allow":["GET"]}}],"collection":[{"href":"https:\/\/roveyayinevi.com.tr\/index.php\/wp-json\/wp\/v2\/product"}],"about":[{"href":"https:\/\/roveyayinevi.com.tr\/index.php\/wp-json\/wp\/v2\/types\/product"}],"wp:attachment":[{"href":"https:\/\/roveyayinevi.com.tr\/index.php\/wp-json\/wp\/v2\/media?parent=764601"}],"wp:term":[{"taxonomy":"product_brand","embeddable":true,"href":"https:\/\/roveyayinevi.com.tr\/index.php\/wp-json\/wp\/v2\/product_brand?post=764601"},{"taxonomy":"product_cat","embeddable":true,"href":"https:\/\/roveyayinevi.com.tr\/index.php\/wp-json\/wp\/v2\/product_cat?post=764601"},{"taxonomy":"product_tag","embeddable":true,"href":"https:\/\/roveyayinevi.com.tr\/index.php\/wp-json\/wp\/v2\/product_tag?post=764601"}],"curies":[{"name":"wp","href":"https:\/\/api.w.org\/{rel}","templated":true}]}}