{"id":764600,"date":"2025-08-28T11:15:27","date_gmt":"2025-08-28T08:15:27","guid":{"rendered":"https:\/\/roveyayinevi.com.tr\/index.php\/urun\/parkinson-ama-son-degil\/"},"modified":"2026-04-15T03:30:23","modified_gmt":"2026-04-15T00:30:23","slug":"parkinson-ama-son-degil","status":"publish","type":"product","link":"https:\/\/roveyayinevi.com.tr\/index.php\/urun\/parkinson-ama-son-degil\/","title":{"rendered":"Parkinson Ama Son De\u011fil"},"content":{"rendered":"<p>Hayat bazen beklenmedik zorluklar \u00e7\u0131kar\u0131r insan\u0131n \u00f6n\u00fcne. Her \u015feyin normal seyrinde ilerledi\u011fini sand\u0131\u011f\u0131n\u0131z bir anda beklenmedik bir yava\u015flama, k\u00fc\u00e7\u00fck bir titreme, ard\u0131ndan gelen zorlay\u0131c\u0131 belirtiler ve nihayetinde konulan te\u015fhis: Parkinson.   Bu kitap, bir Parkinson hastas\u0131n\u0131n ve ailesinin bu zorlu yolculukta kar\u015f\u0131la\u015ft\u0131\u011f\u0131 engelleri, verdi\u011fi m\u00fccadeleyi ve elde etti\u011fi k\u00fc\u00e7\u00fck ama anlaml\u0131 zaferleri g\u00f6zler \u00f6n\u00fcne seriyor.   Eski D\u0131\u015fi\u015fleri M\u00fc\u015faviri ve TRT Genel M\u00fcd\u00fcr\u00fc Cem Duna, kaleme ald\u0131\u011f\u0131 Parkinson Ama Son De\u011fil adl\u0131 kitab\u0131nda, bu hastal\u0131kla nas\u0131l m\u00fccadele etti\u011finin yan\u0131 s\u0131ra, Parkinson&#8217;a dair tecr\u00fcbelerini, yakla\u015f\u0131mlar\u0131n\u0131 ve onunla birlikte bu s\u00fcreci ya\u015fayan ailesinin de hik\u00e2yesini aktar\u0131yor. \u0130lk \u015fok \u00e2n\u0131ndan hastal\u0131\u011f\u0131n ilerlemesiyle de\u011fi\u015fen g\u00fcnl\u00fck hayata, \u00e7aresizlik duygusundan \u201cyeni bir normal\u201d yaratma \u00e7abas\u0131na kadar her a\u015famay\u0131, kendi deneyimleriyle s\u00f6ze d\u00f6k\u00fcyor.   Parkinson\u2019la 22 senedir m\u00fccadele eden Cem Duna\u2019n\u0131n ve yak\u0131nlar\u0131n\u0131n son derece samimi bir dille kar\u015f\u0131la\u015ft\u0131klar\u0131 zorluklar\u0131 ve bu zorluklar\u0131 a\u015farken edindikleri ya\u015fam derslerini okurken, bu hastal\u0131kla nas\u0131l ya\u015famak gerekti\u011fine dair k\u0131ymetli ipu\u00e7lar\u0131 da ke\u015ffedeceksiniz.   <\/p>\n","protected":false},"excerpt":{"rendered":"<p>Hayat bazen beklenmedik zorluklar \u00e7\u0131kar\u0131r insan\u0131n \u00f6n\u00fcne. Her \u015feyin normal seyrinde ilerledi\u011fini sand\u0131\u011f\u0131n\u0131z bir anda beklenmedik bir yava\u015flama, k\u00fc\u00e7\u00fck bir titreme, ard\u0131ndan gelen zorlay\u0131c\u0131 belirtiler ve<span class=\"excerpt-hellip\"> [\u2026]<\/span><\/p>\n","protected":false},"featured_media":0,"template":"","meta":{"_monsterinsights_skip_tracking":false,"_monsterinsights_sitenote_active":false,"_monsterinsights_sitenote_note":"","_monsterinsights_sitenote_category":0},"product_brand":[],"product_cat":[13365],"product_tag":[],"class_list":{"0":"post-764600","1":"product","2":"type-product","3":"status-publish","5":"product_cat-saglik","6":"pa_cilt-ciltsiz","7":"pa_tur-kitap","8":"pa_yayinevi-mundi","9":"pa_yazar-cem-duna","11":"first","12":"instock","13":"sale","14":"shipping-taxable","15":"purchasable","16":"product-type-simple"},"_links":{"self":[{"href":"https:\/\/roveyayinevi.com.tr\/index.php\/wp-json\/wp\/v2\/product\/764600","targetHints":{"allow":["GET"]}}],"collection":[{"href":"https:\/\/roveyayinevi.com.tr\/index.php\/wp-json\/wp\/v2\/product"}],"about":[{"href":"https:\/\/roveyayinevi.com.tr\/index.php\/wp-json\/wp\/v2\/types\/product"}],"wp:attachment":[{"href":"https:\/\/roveyayinevi.com.tr\/index.php\/wp-json\/wp\/v2\/media?parent=764600"}],"wp:term":[{"taxonomy":"product_brand","embeddable":true,"href":"https:\/\/roveyayinevi.com.tr\/index.php\/wp-json\/wp\/v2\/product_brand?post=764600"},{"taxonomy":"product_cat","embeddable":true,"href":"https:\/\/roveyayinevi.com.tr\/index.php\/wp-json\/wp\/v2\/product_cat?post=764600"},{"taxonomy":"product_tag","embeddable":true,"href":"https:\/\/roveyayinevi.com.tr\/index.php\/wp-json\/wp\/v2\/product_tag?post=764600"}],"curies":[{"name":"wp","href":"https:\/\/api.w.org\/{rel}","templated":true}]}}