{"id":764591,"date":"2025-08-28T11:15:10","date_gmt":"2025-08-28T08:15:10","guid":{"rendered":"https:\/\/roveyayinevi.com.tr\/index.php\/urun\/minecraft-arim-balim-kralim\/"},"modified":"2026-04-15T03:30:23","modified_gmt":"2026-04-15T00:30:23","slug":"minecraft-arim-balim-kralim","status":"publish","type":"product","link":"https:\/\/roveyayinevi.com.tr\/index.php\/urun\/minecraft-arim-balim-kralim\/","title":{"rendered":"Minecraft- Ar\u0131m Bal\u0131m Kral\u0131m"},"content":{"rendered":"<p>UYANDIRICI KRAL \u00c7OK G\u00dcZEL B\u0130R \u015eEYE D\u00d6N\u00dc\u015eT\u00dc! Hem okul civar\u0131ndaki hem de oyun d\u00fcnyas\u0131ndaki ar\u0131lar\u0131n ba\u015f\u0131 dertte; Minecraft g\u00f6\u011f\u00fcndeki y\u0131rt\u0131k gittik\u00e7e b\u00fcy\u00fcyor. Harper ve arkada\u015flar\u0131, Uyand\u0131r\u0131c\u0131 Kral\u2019\u0131n tuhaf m\u0131 tuhaf ortak kovan zihniyle ileti\u015fime ge\u00e7menin yolunu bulmak i\u00e7in zamanla yar\u0131\u015f\u0131yor. Felaket her iki d\u00fcnyay\u0131 da vurmadan \u00f6nce Kral\u2019\u0131n gizemli mesaj\u0131n\u0131 \u00e7\u00f6zebilecekler mi? <\/p>\n","protected":false},"excerpt":{"rendered":"<p>UYANDIRICI KRAL \u00c7OK G\u00dcZEL B\u0130R \u015eEYE D\u00d6N\u00dc\u015eT\u00dc! Hem okul civar\u0131ndaki hem de oyun d\u00fcnyas\u0131ndaki ar\u0131lar\u0131n ba\u015f\u0131 dertte; Minecraft g\u00f6\u011f\u00fcndeki y\u0131rt\u0131k gittik\u00e7e b\u00fcy\u00fcyor. Harper ve arkada\u015flar\u0131, Uyand\u0131r\u0131c\u0131<span class=\"excerpt-hellip\"> [\u2026]<\/span><\/p>\n","protected":false},"featured_media":0,"template":"","meta":{"_monsterinsights_skip_tracking":false,"_monsterinsights_sitenote_active":false,"_monsterinsights_sitenote_note":"","_monsterinsights_sitenote_category":0},"product_brand":[],"product_cat":[12291,12711],"product_tag":[],"class_list":{"0":"post-764591","1":"product","2":"type-product","3":"status-publish","5":"product_cat-edebiyat","6":"product_cat-roman-oyku","7":"pa_cilt-ciltsiz","8":"pa_tur-kitap","9":"pa_yayinevi-x-libris","10":"pa_yazar-nick-eliopulos-alan-batson-chris-hill","12":"first","13":"instock","14":"sale","15":"shipping-taxable","16":"purchasable","17":"product-type-simple"},"_links":{"self":[{"href":"https:\/\/roveyayinevi.com.tr\/index.php\/wp-json\/wp\/v2\/product\/764591","targetHints":{"allow":["GET"]}}],"collection":[{"href":"https:\/\/roveyayinevi.com.tr\/index.php\/wp-json\/wp\/v2\/product"}],"about":[{"href":"https:\/\/roveyayinevi.com.tr\/index.php\/wp-json\/wp\/v2\/types\/product"}],"wp:attachment":[{"href":"https:\/\/roveyayinevi.com.tr\/index.php\/wp-json\/wp\/v2\/media?parent=764591"}],"wp:term":[{"taxonomy":"product_brand","embeddable":true,"href":"https:\/\/roveyayinevi.com.tr\/index.php\/wp-json\/wp\/v2\/product_brand?post=764591"},{"taxonomy":"product_cat","embeddable":true,"href":"https:\/\/roveyayinevi.com.tr\/index.php\/wp-json\/wp\/v2\/product_cat?post=764591"},{"taxonomy":"product_tag","embeddable":true,"href":"https:\/\/roveyayinevi.com.tr\/index.php\/wp-json\/wp\/v2\/product_tag?post=764591"}],"curies":[{"name":"wp","href":"https:\/\/api.w.org\/{rel}","templated":true}]}}