{"id":764588,"date":"2025-08-28T11:15:04","date_gmt":"2025-08-28T08:15:04","guid":{"rendered":"https:\/\/roveyayinevi.com.tr\/index.php\/urun\/vasili-jukovski\/"},"modified":"2026-04-15T03:30:22","modified_gmt":"2026-04-15T00:30:22","slug":"vasili-jukovski","status":"publish","type":"product","link":"https:\/\/roveyayinevi.com.tr\/index.php\/urun\/vasili-jukovski\/","title":{"rendered":"Vasili Jukovski"},"content":{"rendered":"<p>Vasili JUKOVSK\u0130 [1783-1852], Rus edebiyat\u0131nda, bilhassa Rus \u015fiirinde \u00e7\u0131\u011f\u0131r a\u00e7an dev bir ozan. Pu\u015fkin, Turgenyev, Gogol ba\u015fta olmak \u00fczere 19. y\u00fczy\u0131la damga vuran pek \u00e7ok Rus \u015fair, yazar ve edebiyat\u00e7\u0131yla \u015fahsen dost olan, kendisinden sonraki ku\u015fak \u00fczerinde de tesir sahibi bir edebiyat\u00e7\u0131. Ayn\u0131 zamanda \u00c7ar ailesi ve Romanov saray\u0131yla da iyi ili\u015fkiler kuran, veliaht prensin e\u011fitimi kendi uhdesine b\u0131rak\u0131lacak kadar sayg\u0131 duyulan; k\u00f6lelik\/serflik utanc\u0131n\u0131 Rus toplumsal sisteminden kald\u0131racak olan gelece\u011fin \u00c7ar\u2019\u0131 II. Aleksandr\u2019\u0131n \u00f6\u011fretmeni ve rehberi olarak atanan b\u00fcy\u00fck bir k\u00fclt\u00fcr adam\u0131 Jukovski. *** Rus \u015fiirinin en b\u00fcy\u00fck zirvesi say\u0131lan Aleksandr Pu\u015fkin, dostu ve \u00fcstad\u0131 Vasili Jukovski\u2019den \u201cYevgeni Onegin\u201d roman\u0131nda \u015fu dizelerle ve h\u00fcrmetle bahseder: Sen co\u015fkulu bir ilhamla T\u00fcm g\u00fczellikleri yazmad\u0131n m\u0131? Temiz kalplerin idol\u00fc oldun Bana i\u00e7ten davranarak Dost elini uzatarak beni Saf \u015f\u00f6hrete te\u015fvik etmedin mi? *** Jukovski\u2019nin T\u00fcrk okuyucusu a\u00e7\u0131s\u0131ndan en dikkat \u00e7ekebilecek vas\u0131flar\u0131n\u0131n ba\u015f\u0131nda, annesinin bir T\u00fcrk olmas\u0131 gelir. 18.yy Osmanl\u0131-Rus sava\u015flar\u0131 s\u0131ras\u0131nda esir al\u0131nan Saliha isimli bir T\u00fcrk kad\u0131n\u0131n o\u011flu olan Jukovski \u00fczerinde annesinin \u00f6nemli tesiri vard\u0131r. Rus yazar Vasili Ogarkov\u2019un 1894\u2019te yay\u0131nlanan bu biyografisi, Rus \u015fiirinin b\u00fcy\u00fck ustas\u0131 Vasili Jukovski \u00fczerine T\u00fcrkiye\u2019de yay\u0131nlanan ilk eser olma \u00f6zelli\u011fi de ta\u015f\u0131yor.<\/p>\n","protected":false},"excerpt":{"rendered":"<p>Vasili JUKOVSK\u0130 [1783-1852], Rus edebiyat\u0131nda, bilhassa Rus \u015fiirinde \u00e7\u0131\u011f\u0131r a\u00e7an dev bir ozan. Pu\u015fkin, Turgenyev, Gogol ba\u015fta olmak \u00fczere 19. y\u00fczy\u0131la damga vuran pek \u00e7ok Rus<span class=\"excerpt-hellip\"> [\u2026]<\/span><\/p>\n","protected":false},"featured_media":0,"template":"","meta":{"_monsterinsights_skip_tracking":false,"_monsterinsights_sitenote_active":false,"_monsterinsights_sitenote_note":"","_monsterinsights_sitenote_category":0},"product_brand":[],"product_cat":[14009,12291],"product_tag":[],"class_list":{"0":"post-764588","1":"product","2":"type-product","3":"status-publish","5":"product_cat-biyografi-otobiyografi-edebiyat","6":"product_cat-edebiyat","7":"pa_cilt-ciltsiz","8":"pa_tur-kitap","9":"pa_yayinevi-paspartu-yayinlari","10":"pa_yazar-vasili-v-ogarkov","12":"first","13":"instock","14":"sale","15":"shipping-taxable","16":"purchasable","17":"product-type-simple"},"_links":{"self":[{"href":"https:\/\/roveyayinevi.com.tr\/index.php\/wp-json\/wp\/v2\/product\/764588","targetHints":{"allow":["GET"]}}],"collection":[{"href":"https:\/\/roveyayinevi.com.tr\/index.php\/wp-json\/wp\/v2\/product"}],"about":[{"href":"https:\/\/roveyayinevi.com.tr\/index.php\/wp-json\/wp\/v2\/types\/product"}],"wp:attachment":[{"href":"https:\/\/roveyayinevi.com.tr\/index.php\/wp-json\/wp\/v2\/media?parent=764588"}],"wp:term":[{"taxonomy":"product_brand","embeddable":true,"href":"https:\/\/roveyayinevi.com.tr\/index.php\/wp-json\/wp\/v2\/product_brand?post=764588"},{"taxonomy":"product_cat","embeddable":true,"href":"https:\/\/roveyayinevi.com.tr\/index.php\/wp-json\/wp\/v2\/product_cat?post=764588"},{"taxonomy":"product_tag","embeddable":true,"href":"https:\/\/roveyayinevi.com.tr\/index.php\/wp-json\/wp\/v2\/product_tag?post=764588"}],"curies":[{"name":"wp","href":"https:\/\/api.w.org\/{rel}","templated":true}]}}