{"id":764587,"date":"2025-08-28T11:15:02","date_gmt":"2025-08-28T08:15:02","guid":{"rendered":"https:\/\/roveyayinevi.com.tr\/index.php\/urun\/sitare\/"},"modified":"2026-04-15T03:30:22","modified_gmt":"2026-04-15T00:30:22","slug":"sitare","status":"publish","type":"product","link":"https:\/\/roveyayinevi.com.tr\/index.php\/urun\/sitare\/","title":{"rendered":"Sitare"},"content":{"rendered":"<p>Bir kale bir memleketin, bir memleket t\u00fcm \u00e2lemin k\u00fcnh\u00fcne ermek i\u00e7in bir vas\u0131ta olabilir. Her biri ayr\u0131 \u00e2lem olan insanl\u0131\u011f\u0131n bir bak\u0131ma tek \u00e2lem olu\u015funu anlamak i\u00e7in de&#8230; Farkl\u0131 \u00e7a\u011flar\u0131 karakterize eden d\u00fcnya ve \u00f6te d\u00fcnya g\u00f6r\u00fc\u015fleri, Tanr\u0131 ve insan telakkileri, apayr\u0131 ayinler ve \u015fark\u0131lar e\u015fli\u011finde dile gelebilir. Bu kitap, \u00f6zg\u00fcr irade ve kader, tercih ve talih \u00fcst\u00fcne endi\u015feli bir tefekk\u00fcr\u00fcn eseri&#8230; Siyasetin, devletin, iktidar\u0131n tabiat\u0131; \u00f6rg\u00fctl\u00fc g\u00fc\u00e7ler kar\u015f\u0131s\u0131nda birey olman\u0131n asalet ve zafiyeti \u00fcst\u00fcne hazin bir hesapla\u015fma\u2026 Sava\u015flar, silahlar, taktikler, epik yengiler ve trajik yenilgiler, bamba\u015fka ve bir o kadar da ayn\u0131 hik\u00e2yenin izd\u00fc\u015f\u00fcmleri olarak v\u00fccut buluyor onda.  Roman, 2500 y\u0131l evvel Atinal\u0131 Ksenophones&#8217;un Anabasis kitab\u0131nda anlatt\u0131\u011f\u0131 macerayla ba\u015flay\u0131p 13 Eyl\u00fcl 1980\u2019de sona eriyor\u2026 \u0130mparator II. Basileios, Evliya \u00c7elebi, Bahattin \u015eakir, Filibeli Hilmi, Ebulhindili Cafer, \u0130smail Nazaraliyev gibi ger\u00e7ek kahramanlar\u0131n yan\u0131 s\u0131ra belki de onlardan daha ger\u00e7ek ba\u015fka kahramanlar\u0131n ortakla\u015fa yazd\u0131\u011f\u0131 tarihi, \u00f6zg\u00fcn bir olay \u00f6rg\u00fcs\u00fcyle terenn\u00fcm ediyor. Kendini, yurdunu arayan yurtsuzlar\u0131n a\u015fkta yurtlanma \u00e7abas\u0131, tarih\u00ee dekor de\u011fi\u015fse de en m\u00fc\u015fterek ve insan\u00ee yan\u0131m\u0131z olarak an\u0131tla\u015f\u0131yor. Sitare, i\u015fte bu abidevi ayna kar\u015f\u0131s\u0131nda kendili\u011fimize ve kimli\u011fimize zarif ve cesur bir tema\u015fa imk\u00e2n\u0131 bah\u015fediyor. K\u0131\u015fk\u0131rt\u0131c\u0131 bilgiler ve s\u00fcr\u00fckleyici hadiseler, dokunakl\u0131 ve lirik bir \u015fiirsellikle harmanlanarak.<\/p>\n","protected":false},"excerpt":{"rendered":"<p>Bir kale bir memleketin, bir memleket t\u00fcm \u00e2lemin k\u00fcnh\u00fcne ermek i\u00e7in bir vas\u0131ta olabilir. Her biri ayr\u0131 \u00e2lem olan insanl\u0131\u011f\u0131n bir bak\u0131ma tek \u00e2lem olu\u015funu anlamak<span class=\"excerpt-hellip\"> [\u2026]<\/span><\/p>\n","protected":false},"featured_media":0,"template":"","meta":{"_monsterinsights_skip_tracking":false,"_monsterinsights_sitenote_active":false,"_monsterinsights_sitenote_note":"","_monsterinsights_sitenote_category":0},"product_brand":[],"product_cat":[12291,12745],"product_tag":[],"class_list":{"0":"post-764587","1":"product","2":"type-product","3":"status-publish","5":"product_cat-edebiyat","6":"product_cat-tarihi-roman","7":"pa_cilt-ciltsiz","8":"pa_tur-kitap","9":"pa_yayinevi-40-ikindi-yayinlari","10":"pa_yazar-bulent-tokgoz","12":"first","13":"instock","14":"sale","15":"shipping-taxable","16":"purchasable","17":"product-type-simple"},"_links":{"self":[{"href":"https:\/\/roveyayinevi.com.tr\/index.php\/wp-json\/wp\/v2\/product\/764587","targetHints":{"allow":["GET"]}}],"collection":[{"href":"https:\/\/roveyayinevi.com.tr\/index.php\/wp-json\/wp\/v2\/product"}],"about":[{"href":"https:\/\/roveyayinevi.com.tr\/index.php\/wp-json\/wp\/v2\/types\/product"}],"wp:attachment":[{"href":"https:\/\/roveyayinevi.com.tr\/index.php\/wp-json\/wp\/v2\/media?parent=764587"}],"wp:term":[{"taxonomy":"product_brand","embeddable":true,"href":"https:\/\/roveyayinevi.com.tr\/index.php\/wp-json\/wp\/v2\/product_brand?post=764587"},{"taxonomy":"product_cat","embeddable":true,"href":"https:\/\/roveyayinevi.com.tr\/index.php\/wp-json\/wp\/v2\/product_cat?post=764587"},{"taxonomy":"product_tag","embeddable":true,"href":"https:\/\/roveyayinevi.com.tr\/index.php\/wp-json\/wp\/v2\/product_tag?post=764587"}],"curies":[{"name":"wp","href":"https:\/\/api.w.org\/{rel}","templated":true}]}}