{"id":764586,"date":"2025-08-28T11:15:01","date_gmt":"2025-08-28T08:15:01","guid":{"rendered":"https:\/\/roveyayinevi.com.tr\/index.php\/urun\/veda-temizligi\/"},"modified":"2026-04-15T03:30:22","modified_gmt":"2026-04-15T00:30:22","slug":"veda-temizligi","status":"publish","type":"product","link":"https:\/\/roveyayinevi.com.tr\/index.php\/urun\/veda-temizligi\/","title":{"rendered":"Veda Temizli\u011fi"},"content":{"rendered":"<p>Mutlu anlara odaklanman\u0131za ve evinizi d\u00fczenlemenize yard\u0131m eden pratik bir rehber.   Veda Temizli\u011fi al\u0131\u015f\u0131lmad\u0131k bir kitap. Size evinizdeki tozu, kiri nas\u0131l s\u00fcp\u00fcr\u00fcp temizleyece\u011finizi anlatm\u0131yor. Sevdiklerinize veda etmeden \u00f6nce evinizi derleyip toparlaman\u0131z\u0131 ve onlara daha az i\u015f \u00e7\u0131karman\u0131z\u0131 hedefleyen bir y\u00f6ntem. Veda Temizli\u011fi, kimseye veda etmeden \u00f6nce hayat\u0131n\u0131zdan gereksiz da\u011f\u0131n\u0131kl\u0131klar\u0131 \u00e7\u0131karman\u0131z\u0131 ve daha rahat ve ferah bir \u015fekilde ya\u015faman\u0131z\u0131 sa\u011flayabilecek bir kitap.   Margareta Magnusson, ne\u015feli \u00fcslubu ve bilgeli\u011fiyle, isteyen herkesin uygulayabilece\u011fi bir minimalizmi anlat\u0131yor. Hangi t\u00fcr e\u015fyalardan daha rahat kurtulabilece\u011finizi (giyilmeyen k\u0131yafetler, istenmeyen hediyeler), hangilerini saklamak isteyebilece\u011finizi (foto\u011fraflar, hat\u0131ralar) ve en gereksiz e\u015fyalar\u0131 nerelerde bulabilece\u011finizi (ardiyeler, tavan aralar\u0131, bodrumlar) anlat\u0131yor. Kullan\u0131lmayan kablolar\u0131n sakland\u0131\u011f\u0131 o kutudan kurtuldu\u011funuz zaman daha rahat ve \u00f6zg\u00fcrce ya\u015fayabileceksiniz.   Gereksiz e\u015fyalardan kurtulun, mutlu anlar biriktirin. <\/p>\n","protected":false},"excerpt":{"rendered":"<p>Mutlu anlara odaklanman\u0131za ve evinizi d\u00fczenlemenize yard\u0131m eden pratik bir rehber. Veda Temizli\u011fi al\u0131\u015f\u0131lmad\u0131k bir kitap. Size evinizdeki tozu, kiri nas\u0131l s\u00fcp\u00fcr\u00fcp temizleyece\u011finizi anlatm\u0131yor. Sevdiklerinize veda<span class=\"excerpt-hellip\"> [\u2026]<\/span><\/p>\n","protected":false},"featured_media":0,"template":"","meta":{"_monsterinsights_skip_tracking":false,"_monsterinsights_sitenote_active":false,"_monsterinsights_sitenote_note":"","_monsterinsights_sitenote_category":0},"product_brand":[],"product_cat":[12364,12376],"product_tag":[],"class_list":{"0":"post-764586","1":"product","2":"type-product","3":"status-publish","5":"product_cat-genel-konular","6":"product_cat-kisisel-gelisim","7":"pa_cilt-ciltsiz","8":"pa_tur-kitap","9":"pa_yayinevi-dogan-novus","10":"pa_yazar-margareta-magnusson","12":"first","13":"instock","14":"sale","15":"shipping-taxable","16":"purchasable","17":"product-type-simple"},"_links":{"self":[{"href":"https:\/\/roveyayinevi.com.tr\/index.php\/wp-json\/wp\/v2\/product\/764586","targetHints":{"allow":["GET"]}}],"collection":[{"href":"https:\/\/roveyayinevi.com.tr\/index.php\/wp-json\/wp\/v2\/product"}],"about":[{"href":"https:\/\/roveyayinevi.com.tr\/index.php\/wp-json\/wp\/v2\/types\/product"}],"wp:attachment":[{"href":"https:\/\/roveyayinevi.com.tr\/index.php\/wp-json\/wp\/v2\/media?parent=764586"}],"wp:term":[{"taxonomy":"product_brand","embeddable":true,"href":"https:\/\/roveyayinevi.com.tr\/index.php\/wp-json\/wp\/v2\/product_brand?post=764586"},{"taxonomy":"product_cat","embeddable":true,"href":"https:\/\/roveyayinevi.com.tr\/index.php\/wp-json\/wp\/v2\/product_cat?post=764586"},{"taxonomy":"product_tag","embeddable":true,"href":"https:\/\/roveyayinevi.com.tr\/index.php\/wp-json\/wp\/v2\/product_tag?post=764586"}],"curies":[{"name":"wp","href":"https:\/\/api.w.org\/{rel}","templated":true}]}}