{"id":764583,"date":"2025-08-28T11:14:56","date_gmt":"2025-08-28T08:14:56","guid":{"rendered":"https:\/\/roveyayinevi.com.tr\/index.php\/urun\/tantra\/"},"modified":"2026-04-15T03:30:22","modified_gmt":"2026-04-15T00:30:22","slug":"tantra","status":"publish","type":"product","link":"https:\/\/roveyayinevi.com.tr\/index.php\/urun\/tantra\/","title":{"rendered":"Tantra"},"content":{"rendered":"<p>C\u0130NSEL ENERJ\u0130, YA\u015eAM ENERJ\u0130S\u0130D\u0130R\u2026 Tantra\u2019da cinselli\u011fin y\u00fcceltilmesinin nedeni cinsel enerjidir. Cinsel enerji, ya\u015fam enerjisidir. Cinselli\u011fi bilmek, ya\u015fam\u0131 bilmektir. Bu y\u00fczden cinsellik insana g\u00fc\u00e7 katar, ya\u015fam sevinci verir ve gen\u00e7le\u015ftirir. Bu \u00f6\u011freti geni\u015f anlamda ezoterik \u00f6\u011feler ta\u015f\u0131r ve ya\u015fam\u0131n de\u011fi\u015fik katmanlar\u0131na girer. Tantra, ayinleri ve y\u00f6ntemleri ile cinselli\u011fin hu\u015fu i\u00e7inde ya\u015fand\u0131\u011f\u0131 ulu, gizemli, tinsel ve derinlikleri olan bir ileti\u015fimdir. Dr. Akif Poroy www.akifporoy.com   G\u0130ZL\u0130 B\u0130R AYDINLANMA \u00d6\u011eRET\u0130S\u0130: TANTRA\u2026 Tantra, Hindistan\u2019dan kaynaklanan gizli bir ayd\u0131nlanma \u00f6\u011fretisidir. Tantra\u2019ya cinsel ya\u015fam enerjisi veya bedensel ve ruhsal dokunma sanat\u0131 diyebiliriz. Bu kitapta binlerce y\u0131ll\u0131k kadim Tantra uygarl\u0131\u011f\u0131n\u0131n bilgelerinin cinsel k\u00fclt\u00fcr s\u0131rlar\u0131n\u0131 bulacaks\u0131n\u0131z. Tantra\u2019da kad\u0131n ve erke\u011fin cinsel beraberli\u011finde olu\u015fan cinsel enerjinin d\u00f6ng\u00fcs\u00fc bir kozmos, bir evren yaratacak g\u00fc\u00e7tedir. Bu beraberlikteki cinsel enerjinin ya\u015fam enerjisine d\u00f6n\u00fc\u015ferek gen\u00e7lik s\u0131rr\u0131na ula\u015fabilmesinin pratik bilgilerini bu sayfalarda bulacaks\u0131n\u0131z. Sihirli dokunu\u015flar\u0131 ya\u015famay\u0131 \u00f6\u011freneceksiniz. Dr. Cem KE\u00c7E www.cemkece.com.tr     TANTRA \u0130LE C\u0130NSEL SORUNLARA \u00c7\u00d6Z\u00dcM\u2026 Ge\u00e7mi\u015ften g\u00fcn\u00fcm\u00fcze, ustadan \u00e7\u0131ra\u011fa, a\u011f\u0131zdan kula\u011fa, lay\u0131k olana sunulan ve cinsel doyumun doruklarda ya\u015fand\u0131\u011f\u0131 Tantra \u00f6\u011fretisi, felsefesi ve sanat\u0131n\u0131n anlat\u0131ld\u0131\u011f\u0131 bu kitap, aile kurumunun korunmas\u0131nda \u00e7ok \u00f6nemli katk\u0131s\u0131 oldu\u011funu d\u00fc\u015f\u00fcnd\u00fc\u011f\u00fcm\u00fcz bu Uzak Do\u011fu \u00f6\u011fretisinin insanlar\u0131m\u0131za daha dingin bir ya\u015fam ve cinsel yeteneklerini geli\u015ftirerek daha doyumlu sa\u011fl\u0131kl\u0131 g\u00fcnler getirmesine yard\u0131mc\u0131 olacakt\u0131r. En \u00f6nemlisi Tantra sayesinde erkekler \u201cerken bo\u015falma\u201d ve kad\u0131nlar \u201corgazm olamama\u201d sorunundan kurtulacaklard\u0131r. Cinsel Sa\u011fl\u0131k Dernekleri Federasyonu (C\u0130SEF) www.cisef.org.tr <\/p>\n","protected":false},"excerpt":{"rendered":"<p>C\u0130NSEL ENERJ\u0130, YA\u015eAM ENERJ\u0130S\u0130D\u0130R\u2026 Tantra\u2019da cinselli\u011fin y\u00fcceltilmesinin nedeni cinsel enerjidir. Cinsel enerji, ya\u015fam enerjisidir. Cinselli\u011fi bilmek, ya\u015fam\u0131 bilmektir. Bu y\u00fczden cinsellik insana g\u00fc\u00e7 katar, ya\u015fam sevinci<span class=\"excerpt-hellip\"> [\u2026]<\/span><\/p>\n","protected":false},"featured_media":0,"template":"","meta":{"_monsterinsights_skip_tracking":false,"_monsterinsights_sitenote_active":false,"_monsterinsights_sitenote_note":"","_monsterinsights_sitenote_category":0},"product_brand":[],"product_cat":[35288,13365],"product_tag":[],"class_list":{"0":"post-764583","1":"product","2":"type-product","3":"status-publish","5":"product_cat-cinsellik-saglik","6":"product_cat-saglik","7":"pa_cilt-ciltsiz","8":"pa_tur-kitap","9":"pa_yayinevi-pusula-yayinevi-ankara","10":"pa_yazar-akif-poroy","12":"first","13":"instock","14":"sale","15":"shipping-taxable","16":"purchasable","17":"product-type-simple"},"_links":{"self":[{"href":"https:\/\/roveyayinevi.com.tr\/index.php\/wp-json\/wp\/v2\/product\/764583","targetHints":{"allow":["GET"]}}],"collection":[{"href":"https:\/\/roveyayinevi.com.tr\/index.php\/wp-json\/wp\/v2\/product"}],"about":[{"href":"https:\/\/roveyayinevi.com.tr\/index.php\/wp-json\/wp\/v2\/types\/product"}],"wp:attachment":[{"href":"https:\/\/roveyayinevi.com.tr\/index.php\/wp-json\/wp\/v2\/media?parent=764583"}],"wp:term":[{"taxonomy":"product_brand","embeddable":true,"href":"https:\/\/roveyayinevi.com.tr\/index.php\/wp-json\/wp\/v2\/product_brand?post=764583"},{"taxonomy":"product_cat","embeddable":true,"href":"https:\/\/roveyayinevi.com.tr\/index.php\/wp-json\/wp\/v2\/product_cat?post=764583"},{"taxonomy":"product_tag","embeddable":true,"href":"https:\/\/roveyayinevi.com.tr\/index.php\/wp-json\/wp\/v2\/product_tag?post=764583"}],"curies":[{"name":"wp","href":"https:\/\/api.w.org\/{rel}","templated":true}]}}