{"id":764582,"date":"2025-08-28T11:14:54","date_gmt":"2025-08-28T08:14:54","guid":{"rendered":"https:\/\/roveyayinevi.com.tr\/index.php\/urun\/akil-oyunlari-4\/"},"modified":"2026-04-15T03:30:22","modified_gmt":"2026-04-15T00:30:22","slug":"akil-oyunlari-4","status":"publish","type":"product","link":"https:\/\/roveyayinevi.com.tr\/index.php\/urun\/akil-oyunlari-4\/","title":{"rendered":"Ak\u0131l Oyunlar\u0131"},"content":{"rendered":"<p>\u0130nsanlar\u0131n davran\u0131\u015flar\u0131n\u0131n birbirlerini etkileyebilece\u011fi fikrinin matematiksel modellenmesi \u00fczerine kurulan oyun teorisi, 20. y\u00fczy\u0131l\u0131n ikinci yar\u0131s\u0131nda h\u0131zla t\u00fcm sosyal \u2013ve hatta baz\u0131 do\u011fal\u2013 bilimleri temelden etkileyecek bir d\u00fc\u015f\u00fcnce bi\u00e7imi haline geldi. T\u00fcrkiye\u2019de yeti\u015fmi\u015f bilim insanlar\u0131n\u0131n oyun teorisine katk\u0131lar\u0131, ilk b\u00fcy\u00fck geli\u015fmelerin g\u00f6r\u00fcld\u00fc\u011f\u00fc 1980-90\u2019lardan sonra \u00e7\u0131\u011f gibi b\u00fcy\u00fcd\u00fc ve \u00fclkemiz bug\u00fcn ba\u015far\u0131l\u0131 oyun teorisyenleri a\u00e7\u0131s\u0131ndan en \u00f6nde gelen \u00fclkelerden biri konumuna ula\u015ft\u0131.   \u201cNe kadar esprili bir dille, ne kadar yarat\u0131c\u0131 ifadelerle yaz\u0131lm\u0131\u015f bir kitap: bilimin ille as\u0131k suratl\u0131 olmas\u0131 gerekmedi\u011finin g\u00fczel bir kan\u0131t\u0131 \u2026\u201d \u2013Prof. Dr. B\u00fclent Sankur, Bogazici Universitesi;.   \u201cOyun teorisi kitaptaki karikat\u00fcrlerde de yans\u0131t\u0131ld\u0131\u011f\u0131 gibi insanlar\u0131n ne oldu\u011funu tam olarak bilmeden ya\u015fama uygulad\u0131\u011f\u0131 bir yakla\u015f\u0131m. Ne var ki bunu teorik bir \u00e7er\u00e7eveye oturtarak anlatmaya \u00e7al\u0131\u015f\u0131nca karikat\u00fcrlerdeki kadar basit bir resim \u00e7\u0131km\u0131yor kar\u015f\u0131m\u0131za. \u0130\u015f \u00e7atalla\u015f\u0131yor, karma\u015f\u0131k bir hal al\u0131yor. Bu kitab\u0131n en \u00f6nemli \u00f6zelli\u011fi bu karma\u015f\u0131kl\u0131\u011f\u0131 gidererek konuyu basit bir bi\u00e7imde anlatm\u0131\u015f olmas\u0131. Kitap bunu sonuna kadar yans\u0131t\u0131yor.\u201d \u2013Dr. Mahfi E\u011filmez   \u201cKitab\u0131 okurken \u00e7ok keyif ald\u0131m. Harika bir fikir ve harika bir \u015fekilde yaz\u0131lm\u0131\u015f!\u201d \u2013Prof. Dr. H\u00fclya Eraslan, Ralph O\u2019Connor Profes\u00f6r\u00fc, Rice University   \u201c\u0130\u00e7eri\u011fi g\u00fc\u00e7l\u00fc, d\u00fczg\u00fcn ve gayet i\u015flek bir T\u00fcrk\u00e7eyle yaz\u0131lm\u0131\u015f, rahat okunan ve anla\u015f\u0131lmas\u0131 kolay bir \u00e7al\u0131\u015fma. Okuyucuyla g\u00fczel ileti\u015fim kuruyor. Kal\u0131c\u0131 bir kitap olacak.\u201d \u2013Prof. Dr. \u015eevket Pamuk, Bo\u011fazi\u00e7i \u00dcniversitesi   \u201c\u00c7ok muazzam bir fikir. Yazarlar, oyun teorisini hem T\u00fcrk\u00e7e hem de teknik olmayan bir \u00fcslupla yazarak T\u00fcrkiye\u2019de hi\u00e7 benzeri olmayan bir eseri yoktan var ediyor. \u00dcstelik okurun daha da rahat anlayabilmesi i\u00e7in onun hayat\u0131ndan, k\u00fclt\u00fcr\u00fcnden ve gelene\u011finden misaller vererek konuyu severek okumas\u0131n\u0131 ve ilgi duyarak ke\u015ffetmesini sa\u011fl\u0131yor!\u201d \u2013Prof. Dr. Remzi U\u00e7tum, Centre National de la Recherche Scientifique<\/p>\n","protected":false},"excerpt":{"rendered":"<p>\u0130nsanlar\u0131n davran\u0131\u015flar\u0131n\u0131n birbirlerini etkileyebilece\u011fi fikrinin matematiksel modellenmesi \u00fczerine kurulan oyun teorisi, 20. y\u00fczy\u0131l\u0131n ikinci yar\u0131s\u0131nda h\u0131zla t\u00fcm sosyal \u2013ve hatta baz\u0131 do\u011fal\u2013 bilimleri temelden etkileyecek bir<span class=\"excerpt-hellip\"> [\u2026]<\/span><\/p>\n","protected":false},"featured_media":0,"template":"","meta":{"_monsterinsights_skip_tracking":false,"_monsterinsights_sitenote_active":false,"_monsterinsights_sitenote_note":"","_monsterinsights_sitenote_category":0},"product_brand":[],"product_cat":[13005],"product_tag":[],"class_list":{"0":"post-764582","1":"product","2":"type-product","3":"status-publish","5":"product_cat-bilim-muhendislik","6":"pa_cilt-ciltsiz","7":"pa_tur-kitap","8":"pa_yayinevi-alfa-yayinlari","9":"pa_yazar-nejat-anbarci-k-kivanc-akoz","11":"first","12":"instock","13":"sale","14":"shipping-taxable","15":"purchasable","16":"product-type-simple"},"_links":{"self":[{"href":"https:\/\/roveyayinevi.com.tr\/index.php\/wp-json\/wp\/v2\/product\/764582","targetHints":{"allow":["GET"]}}],"collection":[{"href":"https:\/\/roveyayinevi.com.tr\/index.php\/wp-json\/wp\/v2\/product"}],"about":[{"href":"https:\/\/roveyayinevi.com.tr\/index.php\/wp-json\/wp\/v2\/types\/product"}],"wp:attachment":[{"href":"https:\/\/roveyayinevi.com.tr\/index.php\/wp-json\/wp\/v2\/media?parent=764582"}],"wp:term":[{"taxonomy":"product_brand","embeddable":true,"href":"https:\/\/roveyayinevi.com.tr\/index.php\/wp-json\/wp\/v2\/product_brand?post=764582"},{"taxonomy":"product_cat","embeddable":true,"href":"https:\/\/roveyayinevi.com.tr\/index.php\/wp-json\/wp\/v2\/product_cat?post=764582"},{"taxonomy":"product_tag","embeddable":true,"href":"https:\/\/roveyayinevi.com.tr\/index.php\/wp-json\/wp\/v2\/product_tag?post=764582"}],"curies":[{"name":"wp","href":"https:\/\/api.w.org\/{rel}","templated":true}]}}