{"id":764581,"date":"2025-08-28T11:14:53","date_gmt":"2025-08-28T08:14:53","guid":{"rendered":"https:\/\/roveyayinevi.com.tr\/index.php\/urun\/demokrasi-ve-toplumsal-hareketler\/"},"modified":"2026-04-15T03:30:22","modified_gmt":"2026-04-15T00:30:22","slug":"demokrasi-ve-toplumsal-hareketler","status":"publish","type":"product","link":"https:\/\/roveyayinevi.com.tr\/index.php\/urun\/demokrasi-ve-toplumsal-hareketler\/","title":{"rendered":"Demokrasi ve Toplumsal Hareketler"},"content":{"rendered":"<p>En eski siyasi tart\u0131\u015fma konular\u0131ndan biri olan demokrasi bir\u00e7oklar\u0131n\u0131n g\u00f6z\u00fcnde bug\u00fcn a\u011f\u0131r bir krizde. Piyasalar\u0131n demokrasiyi g\u00fc\u00e7lendirece\u011fi inanc\u0131 \u00fczerine kurulu neoliberal d\u00fczenin egemenli\u011fini ilan etti\u011fi 21. y\u00fczy\u0131l\u0131n ilk \u00e7eyre\u011fi bunun emareleriyle dolu. Devlet ve piyasayla i\u00e7 i\u00e7e b\u00fcy\u00fck yap\u0131lar siyaset s\u00fcrecinin ana kurumlar\u0131 h\u00e2line geliyorlar. Piyasan\u0131n do\u011frular\u0131 siyasetin temel belirleyicisi h\u00e2line geldik\u00e7e halk\u0131n y\u00f6netimi ve siyasete m\u00fcdahalesi sand\u0131\u011fa ve se\u00e7imlere indirgeniyor. Siyasi g\u00fcc\u00fc devretti\u011fi yap\u0131lar\u0131n h\u00e2kimiyeti bireyi ele ge\u00e7iriyor ve bireyler kendi hayatlar\u0131n\u0131 \u015fekillendiren s\u00fcre\u00e7lere m\u00fcdahale edemez h\u00e2le geliyorlar. Siyasetten kopar\u0131lan bireyler sa\u011fda ve solda \u00e7areyi pop\u00fclist ve a\u015f\u0131r\u0131l\u0131k\u00e7\u0131 yakla\u015f\u0131mlarda, partilerde, otokratlarda ar\u0131yorlar. Avrupa\u2019n\u0131n bug\u00fcnk\u00fc siyasi manzaras\u0131 bunun \u00e7arp\u0131c\u0131 bir \u00f6rne\u011fini te\u015fkil ediyor. Bu \u015fartlar alt\u0131nda demokrasi bug\u00fcn ne anlama geliyor? Halk\u0131n y\u00f6netimini var eden usuller ve ilkeler bug\u00fcn neden yetersiz g\u00f6r\u00fcl\u00fcyor? Demokrasi bir teknik mi yoksa siyasi bir ilke mi? 21. y\u00fczy\u0131lda insanlar\u0131n siyasi s\u00fcrecin as\u0131l \u00f6zneleri olarak siyasete geri d\u00f6nmeleri nas\u0131l sa\u011flanabilir? Arap Bahar\u0131, \u0130\u015fgal Et Hareketi, Haziran G\u00fcnleri, Siyahlar\u0131n Hayat\u0131 De\u011ferlidir, Sar\u0131 Yelekliler ve L\u00fcbnan \u00c7\u00f6p Eylemleri gibi kitlesel toplumsal hareketler bug\u00fcn demokrasinin neresinde yer al\u0131yor? Bu kitapta Yavuz Y\u0131ld\u0131r\u0131m, demokrasinin bug\u00fcn ne anlama geldi\u011fini, nas\u0131l yorumland\u0131\u011f\u0131n\u0131, hangi yeni s\u0131fatlarla tart\u0131\u015f\u0131ld\u0131\u011f\u0131n\u0131 i\u015fte bu ve benzeri somut ve g\u00fcncel sorular ve \u00f6rnekler \u00fczerinden ele al\u0131yor. Demokrasinin mevcut ko\u015fullarda kendini nas\u0131l yeniden \u00fcretti\u011fini, nas\u0131l \u015fekil de\u011fi\u015ftirdi\u011fini sorguluyor ve neoliberal k\u0131ska\u00e7tan kurtulman\u0131n olana\u011f\u0131n\u0131 irdeliyor.<\/p>\n","protected":false},"excerpt":{"rendered":"<p>En eski siyasi tart\u0131\u015fma konular\u0131ndan biri olan demokrasi bir\u00e7oklar\u0131n\u0131n g\u00f6z\u00fcnde bug\u00fcn a\u011f\u0131r bir krizde. Piyasalar\u0131n demokrasiyi g\u00fc\u00e7lendirece\u011fi inanc\u0131 \u00fczerine kurulu neoliberal d\u00fczenin egemenli\u011fini ilan etti\u011fi 21.<span class=\"excerpt-hellip\"> [\u2026]<\/span><\/p>\n","protected":false},"featured_media":0,"template":"","meta":{"_monsterinsights_skip_tracking":false,"_monsterinsights_sitenote_active":false,"_monsterinsights_sitenote_note":"","_monsterinsights_sitenote_category":0},"product_brand":[],"product_cat":[12337],"product_tag":[],"class_list":{"0":"post-764581","1":"product","2":"type-product","3":"status-publish","5":"product_cat-politika-siyaset","6":"pa_cilt-ciltsiz","7":"pa_tur-kitap","8":"pa_yayinevi-fol-kitap","9":"pa_yazar-yavuz-yildirim","11":"first","12":"instock","13":"sale","14":"shipping-taxable","15":"purchasable","16":"product-type-simple"},"_links":{"self":[{"href":"https:\/\/roveyayinevi.com.tr\/index.php\/wp-json\/wp\/v2\/product\/764581","targetHints":{"allow":["GET"]}}],"collection":[{"href":"https:\/\/roveyayinevi.com.tr\/index.php\/wp-json\/wp\/v2\/product"}],"about":[{"href":"https:\/\/roveyayinevi.com.tr\/index.php\/wp-json\/wp\/v2\/types\/product"}],"wp:attachment":[{"href":"https:\/\/roveyayinevi.com.tr\/index.php\/wp-json\/wp\/v2\/media?parent=764581"}],"wp:term":[{"taxonomy":"product_brand","embeddable":true,"href":"https:\/\/roveyayinevi.com.tr\/index.php\/wp-json\/wp\/v2\/product_brand?post=764581"},{"taxonomy":"product_cat","embeddable":true,"href":"https:\/\/roveyayinevi.com.tr\/index.php\/wp-json\/wp\/v2\/product_cat?post=764581"},{"taxonomy":"product_tag","embeddable":true,"href":"https:\/\/roveyayinevi.com.tr\/index.php\/wp-json\/wp\/v2\/product_tag?post=764581"}],"curies":[{"name":"wp","href":"https:\/\/api.w.org\/{rel}","templated":true}]}}