{"id":764580,"date":"2025-08-28T11:14:52","date_gmt":"2025-08-28T08:14:52","guid":{"rendered":"https:\/\/roveyayinevi.com.tr\/index.php\/urun\/longevity-seks\/"},"modified":"2026-04-15T03:30:22","modified_gmt":"2026-04-15T00:30:22","slug":"longevity-seks","status":"publish","type":"product","link":"https:\/\/roveyayinevi.com.tr\/index.php\/urun\/longevity-seks\/","title":{"rendered":"Longevity Seks"},"content":{"rendered":"<p>LONGEV\u0130TY SEKS NED\u0130R?Longevity, \u201cuzun ve sa\u011fl\u0131kl\u0131 ya\u015fam\u201d, \u201cuzun ve sa\u011fl\u0131kl\u0131 \u00f6m\u00fcr\u201d demektir; sa\u011fl\u0131kl\u0131 ve mutlu bir cinsel ya\u015fam, ya\u015fam s\u00fcresi boyunca sa\u011fl\u0131k, ya\u015fam kalitesi, fiziksel ve fonksiyonel yeteneklerin korunmas\u0131 gibi unsurlar\u0131 i\u00e7erir. Longevity seks, \u201cuzun \u00f6m\u00fcrl\u00fc seks\u201d, \u201cuzun \u00f6m\u00fcrl\u00fc cinsel ya\u015fam\u201d, \u201cs\u00fcrd\u00fcr\u00fclebilir cinsel ya\u015fam\u201d demektir; cinsel ya\u015fam s\u00fcresiyle birlikte cinsel ya\u015fam kalitesi, cinsel sa\u011fl\u0131k, cinsel yarat\u0131c\u0131l\u0131k ve cinsel i\u015flevsellik gibi pek \u00e7ok fakt\u00f6r\u00fc i\u00e7erir. Sonsuz gen\u00e7lik, \u015fehvet ve tutku dolu bir kalp ve cinsel fark\u0131ndal\u0131kla ya\u015fanan her dokunu\u015fta gizli olan longevity seks, an\u0131 ya\u015famak ve her an\u0131n de\u011ferini bilmek, zaman\u0131n s\u0131n\u0131rlar\u0131n\u0131 a\u015fan derin ba\u011flar kurmakt\u0131r.Psikoterapist &amp; Yazar &amp; E\u011fitmen Dr. Cem KE\u00c7Ewww.cemkece.com.trLONGEV\u0130TY SEKS\u0130N 10 TEMEL\u0130Afrodizyaklar, anti-aging uygulamalar\u0131, yedi beden teorisi ve seksokorporel yakla\u015f\u0131m, longevity ve aktif cinsel ya\u015fam, cinsel e\u011fitim ve cinsel bilin\u00e7lenme, sa\u011fl\u0131kl\u0131 ve mutlu partner ili\u015fkisi, ya\u015flanma kar\u015f\u0131t\u0131 beslenme, spor ve egzersiz, seks meditasyonu ve cinsel wellness longevity seksin on temel ilkesidir. Wellness, \u201ciyilik hali\u201d demektir. Cinsel wellness, \u201ccinsel iyilik hali\u201d demektir; cinsel sa\u011fl\u0131k ve refah durumudur, bireyin ruhsal, bedensel, duygusal, zihinsel, eterik, ili\u015fkisel ve sosyal olmak \u00fczere yedi beden sa\u011fl\u0131\u011f\u0131n\u0131 ve cinsel sa\u011fl\u0131\u011f\u0131n\u0131 iyile\u015ftirmek ve s\u00fcrd\u00fcrmek i\u00e7in benimsenen b\u00fct\u00fcnc\u00fcl seks ya\u015fam tarz\u0131d\u0131r, b\u00fct\u00fcnc\u00fcl bir felsefedir. Cinsel wellness, yedi bedenin muhte\u015fem senfonisidir, sadece haz de\u011fil ayn\u0131 zamanda derin bir ba\u011flanma ve \u015fifa s\u00fcrecidir, kendine duyulan sayg\u0131n\u0131n ve partnerle kurulan g\u00fcvenin yans\u0131mas\u0131d\u0131r.D\u00fcnya Cinsel Sa\u011fl\u0131k Akademisi (WASHE)www.washe.orgLONGEV\u0130TY SEKSE DA\u0130R HER \u015eEY VE DAHA FAZLASI\u2026\u201cLongevity Seks\u201d ile uzun bir ya\u015fam\u0131n sadece fiziksel sa\u011fl\u0131ktan ibaret olmad\u0131\u011f\u0131n\u0131, zihinsel, duygusal ve cinsel tatminin de bu denklemin vazge\u00e7ilmez bir par\u00e7as\u0131 oldu\u011funu ke\u015ffedeceksiniz. Sa\u011fl\u0131kl\u0131, mutlu ve tatmin edici bir cinsel ya\u015fam\u0131 koruman\u0131n ve geli\u015ftirmenin yollar\u0131n\u0131, cinselli\u011fi hayat\u0131n\u0131z\u0131n her d\u00f6neminde nas\u0131l canland\u0131rabilece\u011finizi, cinsellikte ya\u015fanan zorluklar\u0131 a\u015fman\u0131n bilimsel ve pratik yakla\u015f\u0131mlar\u0131n\u0131, kendinizle ve partnerinizle cinsel ba\u011f\u0131n\u0131z\u0131 derinle\u015ftirmenin s\u0131rlar\u0131n\u0131 \u00f6\u011freneceksiniz. Cinselli\u011fi ya\u015fam boyu s\u00fcrd\u00fcr\u00fclebilir ve tatmin edici bir \u015fekilde ya\u015faman\u0131n duygusal ili\u015fkiniz ve genel ya\u015fam kaliteniz i\u00e7in ne kadar \u00f6nemli oldu\u011funu fark edeceksiniz.Cinsel Sa\u011fl\u0131k Dernekleri Federasyonu (C\u0130SEF)www.cisef.org.tr<\/p>\n","protected":false},"excerpt":{"rendered":"<p>LONGEV\u0130TY SEKS NED\u0130R?Longevity, \u201cuzun ve sa\u011fl\u0131kl\u0131 ya\u015fam\u201d, \u201cuzun ve sa\u011fl\u0131kl\u0131 \u00f6m\u00fcr\u201d demektir; sa\u011fl\u0131kl\u0131 ve mutlu bir cinsel ya\u015fam, ya\u015fam s\u00fcresi boyunca sa\u011fl\u0131k, ya\u015fam kalitesi, fiziksel ve<span class=\"excerpt-hellip\"> [\u2026]<\/span><\/p>\n","protected":false},"featured_media":0,"template":"","meta":{"_monsterinsights_skip_tracking":false,"_monsterinsights_sitenote_active":false,"_monsterinsights_sitenote_note":"","_monsterinsights_sitenote_category":0},"product_brand":[],"product_cat":[35288,13365],"product_tag":[],"class_list":{"0":"post-764580","1":"product","2":"type-product","3":"status-publish","5":"product_cat-cinsellik-saglik","6":"product_cat-saglik","7":"pa_cilt-ciltsiz","8":"pa_tur-kitap","9":"pa_yayinevi-pusula-yayinevi-ankara","10":"pa_yazar-cem-kece-fatma-cosar-mustafa-cay","12":"first","13":"instock","14":"sale","15":"shipping-taxable","16":"purchasable","17":"product-type-simple"},"_links":{"self":[{"href":"https:\/\/roveyayinevi.com.tr\/index.php\/wp-json\/wp\/v2\/product\/764580","targetHints":{"allow":["GET"]}}],"collection":[{"href":"https:\/\/roveyayinevi.com.tr\/index.php\/wp-json\/wp\/v2\/product"}],"about":[{"href":"https:\/\/roveyayinevi.com.tr\/index.php\/wp-json\/wp\/v2\/types\/product"}],"wp:attachment":[{"href":"https:\/\/roveyayinevi.com.tr\/index.php\/wp-json\/wp\/v2\/media?parent=764580"}],"wp:term":[{"taxonomy":"product_brand","embeddable":true,"href":"https:\/\/roveyayinevi.com.tr\/index.php\/wp-json\/wp\/v2\/product_brand?post=764580"},{"taxonomy":"product_cat","embeddable":true,"href":"https:\/\/roveyayinevi.com.tr\/index.php\/wp-json\/wp\/v2\/product_cat?post=764580"},{"taxonomy":"product_tag","embeddable":true,"href":"https:\/\/roveyayinevi.com.tr\/index.php\/wp-json\/wp\/v2\/product_tag?post=764580"}],"curies":[{"name":"wp","href":"https:\/\/api.w.org\/{rel}","templated":true}]}}