{"id":764578,"date":"2025-08-28T11:14:48","date_gmt":"2025-08-28T08:14:48","guid":{"rendered":"https:\/\/roveyayinevi.com.tr\/index.php\/urun\/kayip-kalp\/"},"modified":"2026-04-15T03:30:22","modified_gmt":"2026-04-15T00:30:22","slug":"kayip-kalp","status":"publish","type":"product","link":"https:\/\/roveyayinevi.com.tr\/index.php\/urun\/kayip-kalp\/","title":{"rendered":"Kay\u0131p Kalp"},"content":{"rendered":"<p>Hayat, size bir \u015fey anlatmak isterse belirli i\u015faretler g\u00f6nderir.   Azra, hayat\u0131nda kendini s\u0131k\u0131\u015fm\u0131\u015f hisseden, ruhunun kanatlar\u0131 k\u0131r\u0131k ama ne\u015feli gen\u00e7 bir kad\u0131nd\u0131r. Lucas ise ba\u011flanmay\u0131 sevmeyen, sahnelerde boy g\u00f6steren bir \u00e7ellist ve i\u015fini tutkuyla icra eden bir mimard\u0131r. \u0130kilinin yollar\u0131, havaliman\u0131nda kaybolan bir valiz sebebiyle kesi\u015fir. Azra\u2019n\u0131n sat\u0131n ald\u0131\u011f\u0131 valizin i\u00e7inden \u00e7\u0131kan gizemli notun sahibi, Lucas\u2019\u0131n y\u0131llard\u0131r g\u00f6rmedi\u011fi babas\u0131d\u0131r. Azra, Lucas\u2019\u0131 bulmak i\u00e7in Paris\u2019e gitmeye karar verir ve bu karar, hayat\u0131n\u0131n d\u00f6n\u00fcm noktas\u0131 olur. \u0130stanbul\u2019dan ba\u015flayarak Paris\u2019e uzanan bu yolculuk, sadece co\u011frafi de\u011fil, ayn\u0131 zamanda duygusal bir ke\u015fif ser\u00fcveni&#8230; Aile ba\u011flar\u0131 sorgulanacak, vazge\u00e7i\u015fler ya\u015fanacak, ayr\u0131l\u0131\u011f\u0131n derinlikleri ke\u015ffedilecek ve hayat\u0131n sundu\u011fu se\u00e7imlerin zorlu\u011fuyla y\u00fczle\u015filecek. Bu iki ruh, birbirine ba\u011flanarak kay\u0131p olan kalplerini birle\u015ftirecek mi? Ge\u00e7mi\u015flerini birlikte aramaya \u00e7\u0131kacaklar m\u0131?   Kay\u0131p Kalp, sizleri Azra ve Lucas\u2019\u0131n hayata tutunma \u00e7abalar\u0131 ve hayalleri aras\u0131ndaki dengeyi bulma m\u00fccadelelerini anlatan b\u00fcy\u00fcleyici bir yolculu\u011fa davet ediyor. <\/p>\n","protected":false},"excerpt":{"rendered":"<p>Hayat, size bir \u015fey anlatmak isterse belirli i\u015faretler g\u00f6nderir. Azra, hayat\u0131nda kendini s\u0131k\u0131\u015fm\u0131\u015f hisseden, ruhunun kanatlar\u0131 k\u0131r\u0131k ama ne\u015feli gen\u00e7 bir kad\u0131nd\u0131r. Lucas ise ba\u011flanmay\u0131 sevmeyen,<span class=\"excerpt-hellip\"> [\u2026]<\/span><\/p>\n","protected":false},"featured_media":0,"template":"","meta":{"_monsterinsights_skip_tracking":false,"_monsterinsights_sitenote_active":false,"_monsterinsights_sitenote_note":"","_monsterinsights_sitenote_category":0},"product_brand":[],"product_cat":[12291,12711],"product_tag":[],"class_list":{"0":"post-764578","1":"product","2":"type-product","3":"status-publish","5":"product_cat-edebiyat","6":"product_cat-roman-oyku","7":"pa_cilt-ciltsiz","8":"pa_tur-kitap","9":"pa_yayinevi-destek-yayinlari","10":"pa_yazar-ahmet-yilmaz","12":"first","13":"instock","14":"sale","15":"shipping-taxable","16":"purchasable","17":"product-type-simple"},"_links":{"self":[{"href":"https:\/\/roveyayinevi.com.tr\/index.php\/wp-json\/wp\/v2\/product\/764578","targetHints":{"allow":["GET"]}}],"collection":[{"href":"https:\/\/roveyayinevi.com.tr\/index.php\/wp-json\/wp\/v2\/product"}],"about":[{"href":"https:\/\/roveyayinevi.com.tr\/index.php\/wp-json\/wp\/v2\/types\/product"}],"wp:attachment":[{"href":"https:\/\/roveyayinevi.com.tr\/index.php\/wp-json\/wp\/v2\/media?parent=764578"}],"wp:term":[{"taxonomy":"product_brand","embeddable":true,"href":"https:\/\/roveyayinevi.com.tr\/index.php\/wp-json\/wp\/v2\/product_brand?post=764578"},{"taxonomy":"product_cat","embeddable":true,"href":"https:\/\/roveyayinevi.com.tr\/index.php\/wp-json\/wp\/v2\/product_cat?post=764578"},{"taxonomy":"product_tag","embeddable":true,"href":"https:\/\/roveyayinevi.com.tr\/index.php\/wp-json\/wp\/v2\/product_tag?post=764578"}],"curies":[{"name":"wp","href":"https:\/\/api.w.org\/{rel}","templated":true}]}}