{"id":764576,"date":"2025-08-28T11:14:45","date_gmt":"2025-08-28T08:14:45","guid":{"rendered":"https:\/\/roveyayinevi.com.tr\/index.php\/urun\/sakamoto-days-sakamoto-gunleri-1\/"},"modified":"2026-04-15T03:30:22","modified_gmt":"2026-04-15T00:30:22","slug":"sakamoto-days-sakamoto-gunleri-1","status":"publish","type":"product","link":"https:\/\/roveyayinevi.com.tr\/index.php\/urun\/sakamoto-days-sakamoto-gunleri-1\/","title":{"rendered":"Sakamoto Days &#8211; Sakamoto G\u00fcnleri  1"},"content":{"rendered":"<p>Kendi halinde marketini i\u015fleten tombul bir adam olan Taro Sakamoto, asl\u0131nda t\u00fcm k\u00f6t\u00fc adamlar\u0131n korktu\u011fu ve hayranl\u0131k duydu\u011fu efsanevi bir tetik\u00e7i! Ailesini ve g\u00fcndelik hayat\u0131n\u0131, yakla\u015fmakta olan tehlikelerden korurken Sakamoto\u2019nun g\u00fcnleri nas\u0131l ge\u00e7iyor? D\u00f6v\u00fc\u015f ve komedinin i\u00e7 i\u00e7e ge\u00e7ti\u011fi bu aksiyon serisinde perdeler a\u00e7\u0131l\u0131yor! <\/p>\n","protected":false},"excerpt":{"rendered":"<p>Kendi halinde marketini i\u015fleten tombul bir adam olan Taro Sakamoto, asl\u0131nda t\u00fcm k\u00f6t\u00fc adamlar\u0131n korktu\u011fu ve hayranl\u0131k duydu\u011fu efsanevi bir tetik\u00e7i! Ailesini ve g\u00fcndelik hayat\u0131n\u0131, yakla\u015fmakta<span class=\"excerpt-hellip\"> [\u2026]<\/span><\/p>\n","protected":false},"featured_media":0,"template":"","meta":{"_monsterinsights_skip_tracking":false,"_monsterinsights_sitenote_active":false,"_monsterinsights_sitenote_note":"","_monsterinsights_sitenote_category":0},"product_brand":[],"product_cat":[12416,12291],"product_tag":[],"class_list":{"0":"post-764576","1":"product","2":"type-product","3":"status-publish","5":"product_cat-cizgi-roman","6":"product_cat-edebiyat","7":"pa_cilt-ciltsiz","8":"pa_tur-kitap","9":"pa_yayinevi-kurukafa","10":"pa_yazar-yuto-suzuki","12":"first","13":"instock","14":"sale","15":"shipping-taxable","16":"purchasable","17":"product-type-simple"},"_links":{"self":[{"href":"https:\/\/roveyayinevi.com.tr\/index.php\/wp-json\/wp\/v2\/product\/764576","targetHints":{"allow":["GET"]}}],"collection":[{"href":"https:\/\/roveyayinevi.com.tr\/index.php\/wp-json\/wp\/v2\/product"}],"about":[{"href":"https:\/\/roveyayinevi.com.tr\/index.php\/wp-json\/wp\/v2\/types\/product"}],"wp:attachment":[{"href":"https:\/\/roveyayinevi.com.tr\/index.php\/wp-json\/wp\/v2\/media?parent=764576"}],"wp:term":[{"taxonomy":"product_brand","embeddable":true,"href":"https:\/\/roveyayinevi.com.tr\/index.php\/wp-json\/wp\/v2\/product_brand?post=764576"},{"taxonomy":"product_cat","embeddable":true,"href":"https:\/\/roveyayinevi.com.tr\/index.php\/wp-json\/wp\/v2\/product_cat?post=764576"},{"taxonomy":"product_tag","embeddable":true,"href":"https:\/\/roveyayinevi.com.tr\/index.php\/wp-json\/wp\/v2\/product_tag?post=764576"}],"curies":[{"name":"wp","href":"https:\/\/api.w.org\/{rel}","templated":true}]}}