{"id":764575,"date":"2025-08-28T11:14:43","date_gmt":"2025-08-28T08:14:43","guid":{"rendered":"https:\/\/roveyayinevi.com.tr\/index.php\/urun\/siir-unutmaz\/"},"modified":"2026-04-15T03:30:22","modified_gmt":"2026-04-15T00:30:22","slug":"siir-unutmaz","status":"publish","type":"product","link":"https:\/\/roveyayinevi.com.tr\/index.php\/urun\/siir-unutmaz\/","title":{"rendered":"\u015eiir Unutmaz"},"content":{"rendered":"<p>Homeros, Necatigil, N\u00e2z\u0131m, Rilke, Arif, Ak\u0131n, Rimbaud, Birsel, \u00c7apan, Madak, Anday, Kutlar, Telli, Baudelaire\u2026 Kadim ozanlar, modern \u015fairler, d\u00fcn\u00fcn ve bug\u00fcn\u00fcn \u015fairleri\u2026 Mahmut Temizy\u00fcrek, \u015fiir ve \u015fair \u00fczerine denemeler toplam\u0131 \u015eiir Unutmaz\u2019da, s\u00f6z\u00fc e\u011fip b\u00fckmeden, tertemiz bir T\u00fcrk\u00e7eyle ve b\u00fct\u00fcnc\u00fcl bir yakla\u015f\u0131mla, okuru \u015fairin yay\u0131mlanma sanc\u0131s\u0131, kendini yaratma \u015fans\u0131, etkilenme endi\u015fesi gibi duraklardan ge\u00e7iriyor. \u015eiirin g\u00fcvenli bir s\u0131\u011f\u0131nak olmas\u0131 ya da olmamas\u0131 meselesini edebi ana-baba ile gen\u00e7 \u015fairin ili\u015fkisine uzat\u0131yor; uzun ve \u00e7etin bir yolun getirdikleri ve g\u00f6t\u00fcrd\u00fcklerini d\u00fc\u015f\u00fcn\u00fcrken \u015fiirin varl\u0131\u011f\u0131 sorgulayan g\u00fcc\u00fcne el at\u0131yor. Temizy\u00fcrek\u2019in \u00f6zg\u00fcn bak\u0131\u015f a\u00e7\u0131s\u0131, \u015fimdinin \u015fiiri ve \u015fairini ele almay\u0131 da unutmuyor. \u015eiir Unutmaz, dil p\u0131nar\u0131n\u0131n \u00fcst\u00fcnde y\u00fckselen upuzun bir k\u00f6pr\u00fc. Ah deli H\u0131rs! Nedir bu? Zenginlik, g\u00fc\u00e7, \u015f\u00f6hret gibi sahip olma g\u00fcd\u00fclerinin k\u0131\u015fk\u0131rt\u0131c\u0131lar\u0131n\u0131 anlamak zor de\u011fil \u2013 ama \u201colmak\u201d fiilini bu \u00e7a\u011fda \u201c\u015fair olmak\u201dla \u00f6zde\u015fli\u011fe zorlayan o arzu nedir? Besbelli, bizden \u00f6nce gelenler \u00e7elmi\u015ftir akl\u0131m\u0131z\u0131, kalbimizi. Onlara \u00f6yk\u00fcnmeyle ba\u015flam\u0131\u015ft\u0131r her \u015fey ama bu d\u00fcnyada var olman\u0131n iradi bir se\u00e7imi olarak benimsemi\u015fizdir sonu\u00e7ta. Her sanat dal\u0131nda yeni bir \u00f6znenin kat\u0131l\u0131m\u0131n\u0131 sa\u011flayan o b\u00fcy\u00fcl\u00fc \u201cromantik yalan\u201da inanm\u0131\u015f\u0131zd\u0131r; bunu belli bir \u201chakikate\u201d d\u00f6n\u00fc\u015ft\u00fcrmek istemi\u015fizdir; Ren\u00e9 Girard\u2019\u0131n \u00f6ng\u00f6rd\u00fc\u011f\u00fc tart\u0131\u015fmal\u0131 arzu kuram\u0131 gibi. \u00dcstelik \u015fiirin de, \u015fairin de hi\u00e7bir k\u0131ymeti kalmam\u0131\u015f bir \u00e7a\u011fda nas\u0131l bir arzu tutu\u015fmas\u0131d\u0131r bu? <\/p>\n","protected":false},"excerpt":{"rendered":"<p>Homeros, Necatigil, N\u00e2z\u0131m, Rilke, Arif, Ak\u0131n, Rimbaud, Birsel, \u00c7apan, Madak, Anday, Kutlar, Telli, Baudelaire\u2026 Kadim ozanlar, modern \u015fairler, d\u00fcn\u00fcn ve bug\u00fcn\u00fcn \u015fairleri\u2026 Mahmut Temizy\u00fcrek, \u015fiir ve<span class=\"excerpt-hellip\"> [\u2026]<\/span><\/p>\n","protected":false},"featured_media":0,"template":"","meta":{"_monsterinsights_skip_tracking":false,"_monsterinsights_sitenote_active":false,"_monsterinsights_sitenote_note":"","_monsterinsights_sitenote_category":0},"product_brand":[],"product_cat":[12777,12291],"product_tag":[],"class_list":{"0":"post-764575","1":"product","2":"type-product","3":"status-publish","5":"product_cat-deneme","6":"product_cat-edebiyat","7":"pa_cilt-ciltsiz","8":"pa_tur-kitap","9":"pa_yayinevi-everest-yayinlari","10":"pa_yazar-mahmut-temizyurek","12":"first","13":"instock","14":"sale","15":"shipping-taxable","16":"purchasable","17":"product-type-simple"},"_links":{"self":[{"href":"https:\/\/roveyayinevi.com.tr\/index.php\/wp-json\/wp\/v2\/product\/764575","targetHints":{"allow":["GET"]}}],"collection":[{"href":"https:\/\/roveyayinevi.com.tr\/index.php\/wp-json\/wp\/v2\/product"}],"about":[{"href":"https:\/\/roveyayinevi.com.tr\/index.php\/wp-json\/wp\/v2\/types\/product"}],"wp:attachment":[{"href":"https:\/\/roveyayinevi.com.tr\/index.php\/wp-json\/wp\/v2\/media?parent=764575"}],"wp:term":[{"taxonomy":"product_brand","embeddable":true,"href":"https:\/\/roveyayinevi.com.tr\/index.php\/wp-json\/wp\/v2\/product_brand?post=764575"},{"taxonomy":"product_cat","embeddable":true,"href":"https:\/\/roveyayinevi.com.tr\/index.php\/wp-json\/wp\/v2\/product_cat?post=764575"},{"taxonomy":"product_tag","embeddable":true,"href":"https:\/\/roveyayinevi.com.tr\/index.php\/wp-json\/wp\/v2\/product_tag?post=764575"}],"curies":[{"name":"wp","href":"https:\/\/api.w.org\/{rel}","templated":true}]}}