{"id":764572,"date":"2025-08-28T11:14:36","date_gmt":"2025-08-28T08:14:36","guid":{"rendered":"https:\/\/roveyayinevi.com.tr\/index.php\/urun\/ataturkle-bir-gun\/"},"modified":"2026-04-15T03:30:22","modified_gmt":"2026-04-15T00:30:22","slug":"ataturkle-bir-gun","status":"publish","type":"product","link":"https:\/\/roveyayinevi.com.tr\/index.php\/urun\/ataturkle-bir-gun\/","title":{"rendered":"Atat\u00fcrk&#8217;le Bir G\u00fcn"},"content":{"rendered":"<p>Atat\u00fcrk&#8217;le tan\u0131\u015fmak ister miydiniz?O h\u00e2lde, \u015fimdi tam vakti! Mehmet Atilla&#8217;n\u0131n nefes kesici bir karma ger\u00e7eklik bulu\u015fmas\u0131na tan\u0131kl\u0131k ettirdi\u011fi Atat\u00fcrk&#8217;le Bir G\u00fcn, okurlarda ba\u015fka bir boyuta ge\u00e7me hissi yaratacak, yeni nesil bir ser\u00fcven. Ulu \u00d6nder&#8217;in d\u00fcnya g\u00f6r\u00fc\u015f\u00fcn\u00fc ve d\u00fc\u015f\u00fcnce sistemini daha iyi aktarabilmek ad\u0131na yapay zek\u00e2y\u0131 kurgusunun merkezine ta\u015f\u0131yan yazar; ak\u0131lc\u0131l\u0131k ve bilimsellik yolunda Atat\u00fcrk ile 21. y\u00fczy\u0131l \u00e7ocuklar\u0131 aras\u0131nda sa\u011flam bir k\u00f6pr\u00fc kuruyor.  Anlat\u0131s\u0131nda \u00f6nemli tarih\u00ee ki\u015fileri konu\u015fturmas\u0131n\u0131n yan\u0131 s\u0131ra, nesneleri de dile getiren ve Atat\u00fcrk&#8217;\u00fc bir cep saati yahut panama bir \u015fapkan\u0131n a\u011fz\u0131ndan tan\u0131nmam\u0131za arac\u0131l\u0131k eden bu etkileyici roman; B\u00fcy\u00fck Kurtar\u0131c\u0131 ile ilgili farkl\u0131 okumalara ve incelemelere kap\u0131 a\u00e7\u0131yor.  Portekiz&#8217;den T\u00fcrkiye&#8217;deki akrabalar\u0131n\u0131n yan\u0131na misafirli\u011fe gelen Luna, okul \u00f6devi i\u00e7in k\u0131sa bir belgesel \u00e7ekme niyetindedir. Hen\u00fcz akl\u0131nda belirli bir fikir bulunmasa da kuzeni Onur&#8217;dan kendisine yard\u0131mc\u0131 olmas\u0131n\u0131 ister. \u00c7ok ge\u00e7meden gerek ailesinin gerekse kuzeninin y\u00f6nlendirmeleriyle Atat\u00fcrk&#8217;\u00fcn kahramanl\u0131klar\u0131 \u00fcst\u00fcne bir film haz\u0131rlamas\u0131na karar verilir. Birka\u00e7 g\u00fcn s\u00fcren yo\u011fun bir ara\u015ft\u0131rman\u0131n ard\u0131ndan iki kuzen solu\u011fu 100. Y\u0131l M\u00fczesi&#8217;nde al\u0131rlar. Tarihin derinliklerine gitmelerini sa\u011flayacak bu b\u00fcy\u00fcl\u00fc mek\u00e2nda \u00e7ekim i\u00e7in arad\u0131klar\u0131 her \u015fey mevcuttur. Hatta belki \u00e7ok daha fazlas\u0131! \u00d6yle ki i\u015fin sonunda sadece Atat\u00fcrk&#8217;le y\u00fcz y\u00fcze tan\u0131\u015fmayacak, dost bile olacaklard\u0131r&#8230; Ger\u00e7ek d\u00fcnya ile yapay d\u00fcnyan\u0131n i\u00e7 i\u00e7e ge\u00e7ti\u011fi e\u015fsiz bir kurguya a\u00e7\u0131lan bu s\u0131ra d\u0131\u015f\u0131 kitap; bir cep saati, ejderha ayakl\u0131 bir sehpa, bir radyo, bir panama \u015fapka, bir kara tahta ve birka\u00e7 bastonun dile gelip kendi ki\u015fisel an\u0131lar\u0131ndan yola \u00e7\u0131karak Atat\u00fcrk&#8217;\u00fc anlatt\u0131klar\u0131 belgesel bir roman. Gazi&#8217;nin hayat\u0131nda \u00f6nemli yer tutan Nuri Conker, Salih Bozok, Mazhar M\u00fcfit Kansu, Latife Han\u0131m, Afet \u0130nan gibi \u00f6nemli tarih\u00ee ki\u015filere de sat\u0131r aralar\u0131nda yer veren yap\u0131t; ar\u015fiv niteli\u011fi ta\u015f\u0131yan foto\u011fraf, gazete kup\u00fcr\u00fc, kitap kapa\u011f\u0131 gibi g\u00f6rseller e\u015fli\u011finde anlat\u0131s\u0131n\u0131 g\u00fc\u00e7lendiriyor.  Ya\u015fatt\u0131\u011f\u0131 benzersiz karma ger\u00e7eklik deneyimi sayesinde h\u00e2lihaz\u0131rda okurlarla bulu\u015fan t\u00fcm Atat\u00fcrk temal\u0131 kitaplardan ayr\u0131\u015fan Atat\u00fcrk&#8217;le Bir G\u00fcn, \u015fimdiki \u00e7ocuklar\u0131n ve gen\u00e7lerin Ulu \u00d6nder&#8217;i nas\u0131l yorumlad\u0131klar\u0131na kafa yoran \u00f6nc\u00fc bir eser.   &#8221;Bak\u0131n, Atat\u00fcrk orada i\u015fte. Sizinle tan\u0131\u015fmak i\u00e7in can at\u0131yor. Hadi, bekletmeyin daha fazla.&#8221;<\/p>\n","protected":false},"excerpt":{"rendered":"<p>Atat\u00fcrk&#8217;le tan\u0131\u015fmak ister miydiniz?O h\u00e2lde, \u015fimdi tam vakti! Mehmet Atilla&#8217;n\u0131n nefes kesici bir karma ger\u00e7eklik bulu\u015fmas\u0131na tan\u0131kl\u0131k ettirdi\u011fi Atat\u00fcrk&#8217;le Bir G\u00fcn, okurlarda ba\u015fka bir boyuta ge\u00e7me<span class=\"excerpt-hellip\"> [\u2026]<\/span><\/p>\n","protected":false},"featured_media":0,"template":"","meta":{"_monsterinsights_skip_tracking":false,"_monsterinsights_sitenote_active":false,"_monsterinsights_sitenote_note":"","_monsterinsights_sitenote_category":0},"product_brand":[],"product_cat":[12274,12284],"product_tag":[],"class_list":{"0":"post-764572","1":"product","2":"type-product","3":"status-publish","5":"product_cat-cocuk-ve-genclik-kitaplari","6":"product_cat-hikayeler","7":"pa_cilt-ciltsiz","8":"pa_tur-kitap","9":"pa_yayinevi-tudem-yayinlari","10":"pa_yazar-mehmet-atilla","12":"first","13":"instock","14":"sale","15":"shipping-taxable","16":"purchasable","17":"product-type-simple"},"_links":{"self":[{"href":"https:\/\/roveyayinevi.com.tr\/index.php\/wp-json\/wp\/v2\/product\/764572","targetHints":{"allow":["GET"]}}],"collection":[{"href":"https:\/\/roveyayinevi.com.tr\/index.php\/wp-json\/wp\/v2\/product"}],"about":[{"href":"https:\/\/roveyayinevi.com.tr\/index.php\/wp-json\/wp\/v2\/types\/product"}],"wp:attachment":[{"href":"https:\/\/roveyayinevi.com.tr\/index.php\/wp-json\/wp\/v2\/media?parent=764572"}],"wp:term":[{"taxonomy":"product_brand","embeddable":true,"href":"https:\/\/roveyayinevi.com.tr\/index.php\/wp-json\/wp\/v2\/product_brand?post=764572"},{"taxonomy":"product_cat","embeddable":true,"href":"https:\/\/roveyayinevi.com.tr\/index.php\/wp-json\/wp\/v2\/product_cat?post=764572"},{"taxonomy":"product_tag","embeddable":true,"href":"https:\/\/roveyayinevi.com.tr\/index.php\/wp-json\/wp\/v2\/product_tag?post=764572"}],"curies":[{"name":"wp","href":"https:\/\/api.w.org\/{rel}","templated":true}]}}