{"id":764571,"date":"2025-08-28T11:14:35","date_gmt":"2025-08-28T08:14:35","guid":{"rendered":"https:\/\/roveyayinevi.com.tr\/index.php\/urun\/nehirler-ve-baliklar-doga-tarihi-xxxi-ve-xxxii-kitap\/"},"modified":"2026-04-15T03:30:22","modified_gmt":"2026-04-15T00:30:22","slug":"nehirler-ve-baliklar-doga-tarihi-xxxi-ve-xxxii-kitap","status":"publish","type":"product","link":"https:\/\/roveyayinevi.com.tr\/index.php\/urun\/nehirler-ve-baliklar-doga-tarihi-xxxi-ve-xxxii-kitap\/","title":{"rendered":"Nehirler ve Bal\u0131klar &#8211; Do\u011fa Tarihi \u2013 XXXI ve XXXII. Kitap"},"content":{"rendered":"<p>Ya\u015fl\u0131 Plinius, Do\u011fa Tarihi adl\u0131 ansiklopedik eserinin 31. kitab\u0131nda, suda ya\u015fayan canl\u0131lar\u0131n \u015fifa verici yanlar\u0131yla birlikte genel \u00f6zelliklerini aktarmadan \u00f6nce bilhassa nehirlerin sahip olduklar\u0131 kudretleri ele almaktad\u0131r. Anadolu d\u00e2hil, Akdeniz ve Ege\u2019ye hayat veren bereketli sular\u0131n yap\u0131sal \u00f6zelliklerine, canl\u0131lara olan etkilerine de\u011finmektedir. Antik\u00e7a\u011f\u2019\u0131n bilgi birikiminin ve k\u00fclt\u00fcr\u00fcn\u00fcn en \u00fcst d\u00fczeyde yans\u0131t\u0131ld\u0131\u011f\u0131 \u00e7al\u0131\u015fmalar\u0131yla her zaman klasik \u00f6zelli\u011fini koruyacak olan eserinin bu ciltlerinde iki bin y\u0131l \u00f6ncesinden bizlere seslenmektedir \u00e2deta. Do\u011fay\u0131, canl\u0131lar\u0131 ve insan ya\u015fam\u0131n\u0131 bir b\u00fct\u00fcn i\u00e7inde ele almaktad\u0131r; b\u00f6ylelikle, g\u00fcn\u00fcm\u00fczde, d\u00fcnyan\u0131n olu\u015fumunda ve ya\u015fam\u0131 s\u00fcrd\u00fcrmede do\u011fan\u0131n kutsal g\u00fc\u00e7 unsurlar\u0131ndan biri olan sular\u0131n neden temiz kalmas\u0131n\u0131n, ayr\u0131ca elbette bu canl\u0131 b\u00fct\u00fcnl\u00fc\u011f\u00fc i\u00e7inde do\u011faya neden zarar verilmemesi gerekti\u011fi bir kez daha anla\u015f\u0131lmaktad\u0131r. Yazar\u0131n \u00e7al\u0131\u015fmas\u0131na, \u00f6ng\u00f6r\u00fcs\u00fcne ve do\u011fru bilgileri aktarma \u00e7abas\u0131na hayran kalmamak m\u00fcmk\u00fcn de\u011fil.   Plinius 32. kitab\u0131nda da bal\u0131klardan elde edilen faydalar\u0131, devalar\u0131 aktarmaktad\u0131r. Bu sayede Latince bir\u00e7ok bal\u0131k ad\u0131n\u0131 ve beslenmede, sa\u011fl\u0131kta, ila\u00e7 yap\u0131m\u0131nda onlardan nas\u0131l yararland\u0131klar\u0131n\u0131 \u00f6\u011frenmekteyiz.   \u201c\u00c7o\u011funlukla denizde yolculuk edenler, tatl\u0131 suyun eksikli\u011fini \u00e7ekenlere \u015fu \u00e7areleri tavsiye edece\u011fiz. Geminin etraf\u0131na serili y\u00fcnler, denizin buhar\u0131n\u0131n emilmesiyle nemlenirler, bunlar\u0131n s\u0131k\u0131lmas\u0131yla tatl\u0131 su \u00e7\u0131kar\u0131l\u0131r, ayn\u0131 \u015fekilde balmumundan yap\u0131lm\u0131\u015f i\u00e7i \u00e7ukur toplar ya da i\u00e7i bo\u015f, a\u011fz\u0131 kapal\u0131 kaplar a\u011flarla denize sal\u0131nd\u0131\u011f\u0131nda i\u00e7lerine tatl\u0131 suyu toplarlar. Nitekim karada deniz suyu, beyaz bal\u00e7\u0131kla s\u00fcz\u00fclerek ge\u00e7irildi\u011finde tatl\u0131 olur. \u0130nsanlar\u0131n ve d\u00f6rt ayakl\u0131lar\u0131n k\u0131r\u0131k v\u00fccutlar\u0131, hangi t\u00fcr\u00fcnde olursa olsun y\u00fczerek \u00e7ok kolay bi\u00e7imde eski g\u00fcc\u00fcne gelir. Bilmedikleri sular\u0131n sa\u011fl\u0131klar\u0131na dokunmas\u0131 yabanc\u0131 \u00fclkede yolculuk edenlerin korkusudur.\u201d <\/p>\n","protected":false},"excerpt":{"rendered":"<p>Ya\u015fl\u0131 Plinius, Do\u011fa Tarihi adl\u0131 ansiklopedik eserinin 31. kitab\u0131nda, suda ya\u015fayan canl\u0131lar\u0131n \u015fifa verici yanlar\u0131yla birlikte genel \u00f6zelliklerini aktarmadan \u00f6nce bilhassa nehirlerin sahip olduklar\u0131 kudretleri ele<span class=\"excerpt-hellip\"> [\u2026]<\/span><\/p>\n","protected":false},"featured_media":0,"template":"","meta":{"_monsterinsights_skip_tracking":false,"_monsterinsights_sitenote_active":false,"_monsterinsights_sitenote_note":"","_monsterinsights_sitenote_category":0},"product_brand":[],"product_cat":[12304],"product_tag":[],"class_list":{"0":"post-764571","1":"product","2":"type-product","3":"status-publish","5":"product_cat-tarih","6":"pa_cilt-ciltsiz","7":"pa_tur-kitap","8":"pa_yayinevi-dogu-bati-yayinlari","9":"pa_yazar-yasli-plinius","11":"first","12":"instock","13":"sale","14":"shipping-taxable","15":"purchasable","16":"product-type-simple"},"_links":{"self":[{"href":"https:\/\/roveyayinevi.com.tr\/index.php\/wp-json\/wp\/v2\/product\/764571","targetHints":{"allow":["GET"]}}],"collection":[{"href":"https:\/\/roveyayinevi.com.tr\/index.php\/wp-json\/wp\/v2\/product"}],"about":[{"href":"https:\/\/roveyayinevi.com.tr\/index.php\/wp-json\/wp\/v2\/types\/product"}],"wp:attachment":[{"href":"https:\/\/roveyayinevi.com.tr\/index.php\/wp-json\/wp\/v2\/media?parent=764571"}],"wp:term":[{"taxonomy":"product_brand","embeddable":true,"href":"https:\/\/roveyayinevi.com.tr\/index.php\/wp-json\/wp\/v2\/product_brand?post=764571"},{"taxonomy":"product_cat","embeddable":true,"href":"https:\/\/roveyayinevi.com.tr\/index.php\/wp-json\/wp\/v2\/product_cat?post=764571"},{"taxonomy":"product_tag","embeddable":true,"href":"https:\/\/roveyayinevi.com.tr\/index.php\/wp-json\/wp\/v2\/product_tag?post=764571"}],"curies":[{"name":"wp","href":"https:\/\/api.w.org\/{rel}","templated":true}]}}