{"id":764570,"date":"2025-08-28T11:14:33","date_gmt":"2025-08-28T08:14:33","guid":{"rendered":"https:\/\/roveyayinevi.com.tr\/index.php\/urun\/nino-nerede\/"},"modified":"2026-04-15T03:30:22","modified_gmt":"2026-04-15T00:30:22","slug":"nino-nerede","status":"publish","type":"product","link":"https:\/\/roveyayinevi.com.tr\/index.php\/urun\/nino-nerede\/","title":{"rendered":"Nino Nerede?"},"content":{"rendered":"<p>\u0130\u015fte kar\u015f\u0131n\u0131zda Nino! Onu g\u00f6remiyor musunuz? Bu \u00e7ok normal \u00e7\u00fcnk\u00fc Nino&#8217;nun \u00f6zel bir yetene\u011fi var. Nino \u00e7ok iyi saklan\u0131r. Ve tabii ki saklamba\u00e7 oynamaya bay\u0131l\u0131r. Arkada\u015flar\u0131 ba\u015fka oyunlar \u00f6nerse de sonunda yine saklamba\u00e7 oynarlar. Bir g\u00fcn Nino k\u00fc\u00e7\u00fck bir de\u011fi\u015fiklik yapmaya karar verdi ve&#8230;<\/p>\n","protected":false},"excerpt":{"rendered":"<p>\u0130\u015fte kar\u015f\u0131n\u0131zda Nino! Onu g\u00f6remiyor musunuz? Bu \u00e7ok normal \u00e7\u00fcnk\u00fc Nino&#8217;nun \u00f6zel bir yetene\u011fi var. Nino \u00e7ok iyi saklan\u0131r. Ve tabii ki saklamba\u00e7 oynamaya bay\u0131l\u0131r. Arkada\u015flar\u0131<span class=\"excerpt-hellip\"> [\u2026]<\/span><\/p>\n","protected":false},"featured_media":0,"template":"","meta":{"_monsterinsights_skip_tracking":false,"_monsterinsights_sitenote_active":false,"_monsterinsights_sitenote_note":"","_monsterinsights_sitenote_category":0},"product_brand":[],"product_cat":[12274,12518],"product_tag":[],"class_list":{"0":"post-764570","1":"product","2":"type-product","3":"status-publish","5":"product_cat-cocuk-ve-genclik-kitaplari","6":"product_cat-okul-oncesi-kitaplar","7":"pa_cilt-ciltsiz","8":"pa_tur-kitap","9":"pa_yayinevi-altin-kitaplar-cocuk-kitaplari","10":"pa_yazar-fiona-woodcock","12":"first","13":"instock","14":"sale","15":"shipping-taxable","16":"purchasable","17":"product-type-simple"},"_links":{"self":[{"href":"https:\/\/roveyayinevi.com.tr\/index.php\/wp-json\/wp\/v2\/product\/764570","targetHints":{"allow":["GET"]}}],"collection":[{"href":"https:\/\/roveyayinevi.com.tr\/index.php\/wp-json\/wp\/v2\/product"}],"about":[{"href":"https:\/\/roveyayinevi.com.tr\/index.php\/wp-json\/wp\/v2\/types\/product"}],"wp:attachment":[{"href":"https:\/\/roveyayinevi.com.tr\/index.php\/wp-json\/wp\/v2\/media?parent=764570"}],"wp:term":[{"taxonomy":"product_brand","embeddable":true,"href":"https:\/\/roveyayinevi.com.tr\/index.php\/wp-json\/wp\/v2\/product_brand?post=764570"},{"taxonomy":"product_cat","embeddable":true,"href":"https:\/\/roveyayinevi.com.tr\/index.php\/wp-json\/wp\/v2\/product_cat?post=764570"},{"taxonomy":"product_tag","embeddable":true,"href":"https:\/\/roveyayinevi.com.tr\/index.php\/wp-json\/wp\/v2\/product_tag?post=764570"}],"curies":[{"name":"wp","href":"https:\/\/api.w.org\/{rel}","templated":true}]}}