{"id":764567,"date":"2025-08-28T11:14:28","date_gmt":"2025-08-28T08:14:28","guid":{"rendered":"https:\/\/roveyayinevi.com.tr\/index.php\/urun\/imgelem-ve-tasarim\/"},"modified":"2026-03-12T03:27:31","modified_gmt":"2026-03-12T00:27:31","slug":"imgelem-ve-tasarim","status":"publish","type":"product","link":"https:\/\/roveyayinevi.com.tr\/index.php\/urun\/imgelem-ve-tasarim\/","title":{"rendered":"\u0130mgelem ve Tasar\u0131m"},"content":{"rendered":"<p>\u0130ngiliz sanat\u00e7\u0131 ve sanat ele\u015ftirmeni Roger Fry, ya\u015fam\u0131 boyunca kaleme ald\u0131\u011f\u0131 yaz\u0131lardan bir se\u00e7ki sundu\u011fu \u0130mgelem ve Tasar\u0131m kitab\u0131nda, tan\u0131kl\u0131k etti\u011fi d\u00f6nemin sanat\u0131n\u0131n yan\u0131 s\u0131ra R\u00f6nesans\u2019tan Barok\u2019a; Bu\u015fmanlar\u0131n, \u0130nkalar\u0131n ve Azteklerin sanatlar\u0131ndan \u0130slam sanat\u0131na; modern mimariden ad\u0131n\u0131 da kendisinin koydu\u011fu Ard-\u0130zlenimcili\u011fe dek pek \u00e7ok konudaki bilgi birikimini \u015fa\u015f\u0131rt\u0131c\u0131 bir ileri g\u00f6r\u00fc\u015fl\u00fcl\u00fckle harmanlay\u0131p okuyucuyu, \u00fczerinden y\u00fcz y\u0131ldan fazla ge\u00e7mi\u015f olmas\u0131na ra\u011fmen etkileyicili\u011fini h\u00e2l\u00e2 koruyan bir fikir d\u00fcnyas\u0131na davet ediyor.   Modern estetik \u00fczerine yaz\u0131lm\u0131\u015f en \u00f6nemli metinlerden olan \u201cEstetik \u00dczerine Deneme\u201d d\u00e2hil olmak \u00fczere yirmi be\u015f makalesinin yer ald\u0131\u011f\u0131 kitapta Fry, sanat\u0131 yaln\u0131zca estetik a\u00e7\u0131dan de\u011fil ekonomik, politik, bilimsel ve toplumsal a\u00e7\u0131lardan ele al\u0131yor ve tek bir d\u00f6neme, konuya ve gelene\u011fe ba\u011fl\u0131 kalmadan sanat\u0131 t\u00fcm bu y\u00f6nleriyle irdeliyor. Giotto\u2019dan C\u00e9zanne\u2019a; D\u00fcrer\u2019den William Blake\u2019e; El Greco\u2019dan van Gogh\u2019a; Mantegna\u2019dan Renoir\u2019ya pek \u00e7ok sanat\u00e7\u0131 ve eserleri \u00fczerine kapsaml\u0131 incelemelerin yer ald\u0131\u011f\u0131 \u0130mgelem ve Tasar\u0131m, sanat ve hayat aras\u0131ndaki ili\u015fkiye \u0131\u015f\u0131k tutan, yaln\u0131zca yaz\u0131ld\u0131\u011f\u0131 d\u00f6nemde de\u011fil g\u00fcn\u00fcm\u00fczde de h\u00e2l\u00e2 ge\u00e7erlili\u011fini koruyan bir sanat ele\u015ftirisi sunuyor. <\/p>\n","protected":false},"excerpt":{"rendered":"<p>\u0130ngiliz sanat\u00e7\u0131 ve sanat ele\u015ftirmeni Roger Fry, ya\u015fam\u0131 boyunca kaleme ald\u0131\u011f\u0131 yaz\u0131lardan bir se\u00e7ki sundu\u011fu \u0130mgelem ve Tasar\u0131m kitab\u0131nda, tan\u0131kl\u0131k etti\u011fi d\u00f6nemin sanat\u0131n\u0131n yan\u0131 s\u0131ra R\u00f6nesans\u2019tan<span class=\"excerpt-hellip\"> [\u2026]<\/span><\/p>\n","protected":false},"featured_media":0,"template":"","meta":{"_monsterinsights_skip_tracking":false,"_monsterinsights_sitenote_active":false,"_monsterinsights_sitenote_note":"","_monsterinsights_sitenote_category":0},"product_brand":[],"product_cat":[13548,12408],"product_tag":[],"class_list":{"0":"post-764567","1":"product","2":"type-product","3":"status-publish","5":"product_cat-kuram","6":"product_cat-sanat","7":"pa_cilt-ciltsiz","8":"pa_tur-kitap","9":"pa_yayinevi-hayalperest-yayinlari","10":"pa_yazar-rogery-fry","12":"first","13":"instock","14":"sale","15":"shipping-taxable","16":"purchasable","17":"product-type-simple"},"_links":{"self":[{"href":"https:\/\/roveyayinevi.com.tr\/index.php\/wp-json\/wp\/v2\/product\/764567","targetHints":{"allow":["GET"]}}],"collection":[{"href":"https:\/\/roveyayinevi.com.tr\/index.php\/wp-json\/wp\/v2\/product"}],"about":[{"href":"https:\/\/roveyayinevi.com.tr\/index.php\/wp-json\/wp\/v2\/types\/product"}],"wp:attachment":[{"href":"https:\/\/roveyayinevi.com.tr\/index.php\/wp-json\/wp\/v2\/media?parent=764567"}],"wp:term":[{"taxonomy":"product_brand","embeddable":true,"href":"https:\/\/roveyayinevi.com.tr\/index.php\/wp-json\/wp\/v2\/product_brand?post=764567"},{"taxonomy":"product_cat","embeddable":true,"href":"https:\/\/roveyayinevi.com.tr\/index.php\/wp-json\/wp\/v2\/product_cat?post=764567"},{"taxonomy":"product_tag","embeddable":true,"href":"https:\/\/roveyayinevi.com.tr\/index.php\/wp-json\/wp\/v2\/product_tag?post=764567"}],"curies":[{"name":"wp","href":"https:\/\/api.w.org\/{rel}","templated":true}]}}