{"id":764566,"date":"2025-08-28T11:14:26","date_gmt":"2025-08-28T08:14:26","guid":{"rendered":"https:\/\/roveyayinevi.com.tr\/index.php\/urun\/ninjalar-gece-nobetinde\/"},"modified":"2026-04-15T03:30:22","modified_gmt":"2026-04-15T00:30:22","slug":"ninjalar-gece-nobetinde","status":"publish","type":"product","link":"https:\/\/roveyayinevi.com.tr\/index.php\/urun\/ninjalar-gece-nobetinde\/","title":{"rendered":"Ninjalar Gece N\u00f6betinde"},"content":{"rendered":"<p>HAYYYYYYYYA!Sen uykudayken \u015fehri kim koruyor, hi\u00e7 d\u00fc\u015f\u00fcnd\u00fcn m\u00fc?Tabii ki&#8230; gece bek\u00e7isi ninjalar!Ninjalar b\u00fct\u00fcn gece n\u00f6bet tutar ve \u015fehri haylazlardan korurlar.Bir gece n\u00f6betinde&#8230;Ninjalar ola\u011fan gece yar\u0131s\u0131 at\u0131\u015ft\u0131rmal\u0131klar\u0131n\u0131 yerken birden alarmlar \u00f6tmeye ba\u015flad\u0131!Me\u011fer K\u00f6t\u00fc Koku Uzman\u0131 Pis Kokulu Kokarca Kokuriku firar etmi\u015f!Ninjalar hemen harekete ge\u00e7ti.Acaba Kokuriku&#8217;yu bulabilecekler miydi?<\/p>\n","protected":false},"excerpt":{"rendered":"<p>HAYYYYYYYYA!Sen uykudayken \u015fehri kim koruyor, hi\u00e7 d\u00fc\u015f\u00fcnd\u00fcn m\u00fc?Tabii ki&#8230; gece bek\u00e7isi ninjalar!Ninjalar b\u00fct\u00fcn gece n\u00f6bet tutar ve \u015fehri haylazlardan korurlar.Bir gece n\u00f6betinde&#8230;Ninjalar ola\u011fan gece yar\u0131s\u0131 at\u0131\u015ft\u0131rmal\u0131klar\u0131n\u0131<span class=\"excerpt-hellip\"> [\u2026]<\/span><\/p>\n","protected":false},"featured_media":0,"template":"","meta":{"_monsterinsights_skip_tracking":false,"_monsterinsights_sitenote_active":false,"_monsterinsights_sitenote_note":"","_monsterinsights_sitenote_category":0},"product_brand":[],"product_cat":[12274,12518],"product_tag":[],"class_list":{"0":"post-764566","1":"product","2":"type-product","3":"status-publish","5":"product_cat-cocuk-ve-genclik-kitaplari","6":"product_cat-okul-oncesi-kitaplar","7":"pa_cilt-ciltsiz","8":"pa_tur-kitap","9":"pa_yayinevi-altin-kitaplar-cocuk-kitaplari","10":"pa_yazar-lily-roscoe","12":"first","13":"instock","14":"sale","15":"shipping-taxable","16":"purchasable","17":"product-type-simple"},"_links":{"self":[{"href":"https:\/\/roveyayinevi.com.tr\/index.php\/wp-json\/wp\/v2\/product\/764566","targetHints":{"allow":["GET"]}}],"collection":[{"href":"https:\/\/roveyayinevi.com.tr\/index.php\/wp-json\/wp\/v2\/product"}],"about":[{"href":"https:\/\/roveyayinevi.com.tr\/index.php\/wp-json\/wp\/v2\/types\/product"}],"wp:attachment":[{"href":"https:\/\/roveyayinevi.com.tr\/index.php\/wp-json\/wp\/v2\/media?parent=764566"}],"wp:term":[{"taxonomy":"product_brand","embeddable":true,"href":"https:\/\/roveyayinevi.com.tr\/index.php\/wp-json\/wp\/v2\/product_brand?post=764566"},{"taxonomy":"product_cat","embeddable":true,"href":"https:\/\/roveyayinevi.com.tr\/index.php\/wp-json\/wp\/v2\/product_cat?post=764566"},{"taxonomy":"product_tag","embeddable":true,"href":"https:\/\/roveyayinevi.com.tr\/index.php\/wp-json\/wp\/v2\/product_tag?post=764566"}],"curies":[{"name":"wp","href":"https:\/\/api.w.org\/{rel}","templated":true}]}}