{"id":764564,"date":"2025-08-28T11:14:22","date_gmt":"2025-08-28T08:14:22","guid":{"rendered":"https:\/\/roveyayinevi.com.tr\/index.php\/urun\/marie-curie-national-geographic-kids\/"},"modified":"2026-04-15T03:30:22","modified_gmt":"2026-04-15T00:30:22","slug":"marie-curie-national-geographic-kids","status":"publish","type":"product","link":"https:\/\/roveyayinevi.com.tr\/index.php\/urun\/marie-curie-national-geographic-kids\/","title":{"rendered":"Marie Curie &#8211; National Geographic Kids"},"content":{"rendered":"<p>\u201cPolonyal\u0131 bir k\u0131z \u00e7ocu\u011funun d\u00fcnyan\u0131n en \u00f6nemli bilim insanlar\u0131ndan biri haline geli\u015fi, radyoaktiviteyi ve yeni elementleri ke\u015ffetmesi, ilgin\u00e7 oldu\u011fu kadar trajik de bir hikaye\u2026\u201dBilim alan\u0131nda devrim yaratan, ke\u015fifleriyle yeni bir d\u00f6nemi ba\u015flatarak bug\u00fcn\u00fc etkilemeye devam eden kimleri tan\u0131yorsunuz? \u0130\u015fte Marie Curie de onlardan ve en \u00f6nemlilerinden biri!Curie, yapt\u0131\u011f\u0131 ke\u015fiflerle Nobel \u00d6d\u00fcl\u00fc\u2019n\u00fc kazanan ilk kad\u0131n, dahas\u0131 Nobel\u2019i iki defa hem de ayr\u0131 alanlarda kazanan tek bilim insan\u0131d\u0131r. Ya\u015fam\u0131 boyunca meraklar\u0131n\u0131n pe\u015finden ko\u015fmu\u015f, kad\u0131nlar\u0131n da bilim alan\u0131nda var oldu\u011funu kan\u0131tlam\u0131\u015ft\u0131r.<\/p>\n","protected":false},"excerpt":{"rendered":"<p>\u201cPolonyal\u0131 bir k\u0131z \u00e7ocu\u011funun d\u00fcnyan\u0131n en \u00f6nemli bilim insanlar\u0131ndan biri haline geli\u015fi, radyoaktiviteyi ve yeni elementleri ke\u015ffetmesi, ilgin\u00e7 oldu\u011fu kadar trajik de bir hikaye\u2026\u201dBilim alan\u0131nda devrim<span class=\"excerpt-hellip\"> [\u2026]<\/span><\/p>\n","protected":false},"featured_media":0,"template":"","meta":{"_monsterinsights_skip_tracking":false,"_monsterinsights_sitenote_active":false,"_monsterinsights_sitenote_note":"","_monsterinsights_sitenote_category":0},"product_brand":[],"product_cat":[14009,12291],"product_tag":[],"class_list":{"0":"post-764564","1":"product","2":"type-product","3":"status-publish","5":"product_cat-biyografi-otobiyografi-edebiyat","6":"product_cat-edebiyat","7":"pa_cilt-ciltsiz","8":"pa_tur-kitap","9":"pa_yayinevi-beta-kids","10":"pa_yazar-alper-k-ates","12":"first","13":"instock","14":"sale","15":"shipping-taxable","16":"purchasable","17":"product-type-simple"},"_links":{"self":[{"href":"https:\/\/roveyayinevi.com.tr\/index.php\/wp-json\/wp\/v2\/product\/764564","targetHints":{"allow":["GET"]}}],"collection":[{"href":"https:\/\/roveyayinevi.com.tr\/index.php\/wp-json\/wp\/v2\/product"}],"about":[{"href":"https:\/\/roveyayinevi.com.tr\/index.php\/wp-json\/wp\/v2\/types\/product"}],"wp:attachment":[{"href":"https:\/\/roveyayinevi.com.tr\/index.php\/wp-json\/wp\/v2\/media?parent=764564"}],"wp:term":[{"taxonomy":"product_brand","embeddable":true,"href":"https:\/\/roveyayinevi.com.tr\/index.php\/wp-json\/wp\/v2\/product_brand?post=764564"},{"taxonomy":"product_cat","embeddable":true,"href":"https:\/\/roveyayinevi.com.tr\/index.php\/wp-json\/wp\/v2\/product_cat?post=764564"},{"taxonomy":"product_tag","embeddable":true,"href":"https:\/\/roveyayinevi.com.tr\/index.php\/wp-json\/wp\/v2\/product_tag?post=764564"}],"curies":[{"name":"wp","href":"https:\/\/api.w.org\/{rel}","templated":true}]}}