{"id":764563,"date":"2025-08-28T11:14:19","date_gmt":"2025-08-28T08:14:19","guid":{"rendered":"https:\/\/roveyayinevi.com.tr\/index.php\/urun\/fantom-etkisi-2-olumun-kalbi\/"},"modified":"2026-04-15T03:30:22","modified_gmt":"2026-04-15T00:30:22","slug":"fantom-etkisi-2-olumun-kalbi","status":"publish","type":"product","link":"https:\/\/roveyayinevi.com.tr\/index.php\/urun\/fantom-etkisi-2-olumun-kalbi\/","title":{"rendered":"Fantom Etkisi 2 &#8211; \u00d6l\u00fcm\u00fcn Kalbi"},"content":{"rendered":"<p>Araf yok olman\u0131n e\u015fi\u011findedir. Alessia ise Hanzeb\u2019in imparatorluk \u00fczerindeki karanl\u0131k planlar\u0131n\u0131 durdurmak i\u00e7in m\u00fccadele ederken kendi ge\u00e7mi\u015fiyle y\u00fczle\u015fmek zorundad\u0131r. M\u00fcphem&#8217;le aralar\u0131ndaki g\u00fc\u00e7l\u00fc ba\u011f onlar\u0131 birbirine yak\u0131n tutsa da gelece\u011fin belirsizli\u011fi ve tehlike dolu d\u00fcnya a\u015fklar\u0131n\u0131 tehdit ediyordur. Alessia ve M\u00fcphem sonunda kavu\u015fabilecek mi yoksa kader onlar\u0131 ay\u0131racak m\u0131? Hanzeb, Alessia\u2019y\u0131 Asphodel Karde\u015fler&#8217;e kat\u0131lmas\u0131 i\u00e7in k\u0131skaca al\u0131rken, onu ve sevdiklerini Araf&#8217;\u0131n kaderini m\u00fch\u00fcrlemeye zorlar. Bu zor se\u00e7imin a\u011f\u0131rl\u0131\u011f\u0131, Alessia\u2019n\u0131n t\u00fcm hayat\u0131n\u0131 de\u011fi\u015ftirebilecek g\u00fc\u00e7tedir. Araf&#8217;\u0131 kurtarmak i\u00e7in verilen bu amans\u0131z m\u00fccadelede Alessia\u2019n\u0131n verece\u011fi karar sadece onun de\u011fil, t\u00fcm d\u00fcnyan\u0131n kaderini de\u011fi\u015ftirebilir. Hanzeb\u2019in oyunlar\u0131n\u0131 bozabilecekler mi yoksa karanl\u0131k her \u015feyi yutacak m\u0131? <\/p>\n","protected":false},"excerpt":{"rendered":"<p>Araf yok olman\u0131n e\u015fi\u011findedir. Alessia ise Hanzeb\u2019in imparatorluk \u00fczerindeki karanl\u0131k planlar\u0131n\u0131 durdurmak i\u00e7in m\u00fccadele ederken kendi ge\u00e7mi\u015fiyle y\u00fczle\u015fmek zorundad\u0131r. M\u00fcphem&#8217;le aralar\u0131ndaki g\u00fc\u00e7l\u00fc ba\u011f onlar\u0131 birbirine yak\u0131n<span class=\"excerpt-hellip\"> [\u2026]<\/span><\/p>\n","protected":false},"featured_media":0,"template":"","meta":{"_monsterinsights_skip_tracking":false,"_monsterinsights_sitenote_active":false,"_monsterinsights_sitenote_note":"","_monsterinsights_sitenote_category":0},"product_brand":[],"product_cat":[12291,14777],"product_tag":[],"class_list":{"0":"post-764563","1":"product","2":"type-product","3":"status-publish","5":"product_cat-edebiyat","6":"product_cat-fantastik","7":"pa_cilt-ciltsiz","8":"pa_tur-kitap","9":"pa_yayinevi-artemis-yayinlari","10":"pa_yazar-selin-solaris","12":"first","13":"instock","14":"sale","15":"shipping-taxable","16":"purchasable","17":"product-type-simple"},"_links":{"self":[{"href":"https:\/\/roveyayinevi.com.tr\/index.php\/wp-json\/wp\/v2\/product\/764563","targetHints":{"allow":["GET"]}}],"collection":[{"href":"https:\/\/roveyayinevi.com.tr\/index.php\/wp-json\/wp\/v2\/product"}],"about":[{"href":"https:\/\/roveyayinevi.com.tr\/index.php\/wp-json\/wp\/v2\/types\/product"}],"wp:attachment":[{"href":"https:\/\/roveyayinevi.com.tr\/index.php\/wp-json\/wp\/v2\/media?parent=764563"}],"wp:term":[{"taxonomy":"product_brand","embeddable":true,"href":"https:\/\/roveyayinevi.com.tr\/index.php\/wp-json\/wp\/v2\/product_brand?post=764563"},{"taxonomy":"product_cat","embeddable":true,"href":"https:\/\/roveyayinevi.com.tr\/index.php\/wp-json\/wp\/v2\/product_cat?post=764563"},{"taxonomy":"product_tag","embeddable":true,"href":"https:\/\/roveyayinevi.com.tr\/index.php\/wp-json\/wp\/v2\/product_tag?post=764563"}],"curies":[{"name":"wp","href":"https:\/\/api.w.org\/{rel}","templated":true}]}}