{"id":764562,"date":"2025-08-28T11:14:18","date_gmt":"2025-08-28T08:14:18","guid":{"rendered":"https:\/\/roveyayinevi.com.tr\/index.php\/urun\/mamut\/"},"modified":"2026-04-15T03:30:22","modified_gmt":"2026-04-15T00:30:22","slug":"mamut","status":"publish","type":"product","link":"https:\/\/roveyayinevi.com.tr\/index.php\/urun\/mamut\/","title":{"rendered":"Mamut"},"content":{"rendered":"<p>Uzak \u00fclkelerin birinde t\u00fcyl\u00fc, dev gibi bir mamut upuzun uykusundan uyand\u0131. Ve g\u00f6rd\u00fcklerine \u015fa\u015f\u0131r\u0131p kald\u0131. \u00c7\u00fcnk\u00fc kendini kocaman bir \u015fehrin ortas\u0131nda bulmu\u015ftu. Buz devrinden gelen bu misafir, \u00e7evresinde g\u00f6rd\u00fc\u011f\u00fc her \u015feyi anlamaya \u00e7al\u0131\u015f\u0131yordu. \u00d6rne\u011fin, u\u00e7aklar\u0131n tuhaf ku\u015flar oldu\u011funu d\u00fc\u015f\u00fcn\u00fcyordu. Otomobillerin ise parlak b\u00f6cekler ailesinden geldi\u011fini. Hele o ilgin\u00e7 giyimli ma\u011fara insanlar\u0131n\u0131n korkuyla ka\u00e7\u0131\u015fmalar\u0131na hi\u00e7 anlam veremiyordu. Sonra kafas\u0131nda bir soru belirdi. Di\u011fer mamutlar neredeydi? Yeni bir \u00e7evrede yeni arkada\u015flar edinmek \u00fczerine e\u011flenceli bir \u00f6yk\u00fc minik okurlar\u0131m\u0131z\u0131 bekliyor.<\/p>\n","protected":false},"excerpt":{"rendered":"<p>Uzak \u00fclkelerin birinde t\u00fcyl\u00fc, dev gibi bir mamut upuzun uykusundan uyand\u0131. Ve g\u00f6rd\u00fcklerine \u015fa\u015f\u0131r\u0131p kald\u0131. \u00c7\u00fcnk\u00fc kendini kocaman bir \u015fehrin ortas\u0131nda bulmu\u015ftu. Buz devrinden gelen bu<span class=\"excerpt-hellip\"> [\u2026]<\/span><\/p>\n","protected":false},"featured_media":0,"template":"","meta":{"_monsterinsights_skip_tracking":false,"_monsterinsights_sitenote_active":false,"_monsterinsights_sitenote_note":"","_monsterinsights_sitenote_category":0},"product_brand":[],"product_cat":[12274,12518],"product_tag":[],"class_list":{"0":"post-764562","1":"product","2":"type-product","3":"status-publish","5":"product_cat-cocuk-ve-genclik-kitaplari","6":"product_cat-okul-oncesi-kitaplar","7":"pa_cilt-ciltsiz","8":"pa_tur-kitap","9":"pa_yayinevi-altin-kitaplar-cocuk-kitaplari","10":"pa_yazar-anna-kemp","12":"first","13":"instock","14":"sale","15":"shipping-taxable","16":"purchasable","17":"product-type-simple"},"_links":{"self":[{"href":"https:\/\/roveyayinevi.com.tr\/index.php\/wp-json\/wp\/v2\/product\/764562","targetHints":{"allow":["GET"]}}],"collection":[{"href":"https:\/\/roveyayinevi.com.tr\/index.php\/wp-json\/wp\/v2\/product"}],"about":[{"href":"https:\/\/roveyayinevi.com.tr\/index.php\/wp-json\/wp\/v2\/types\/product"}],"wp:attachment":[{"href":"https:\/\/roveyayinevi.com.tr\/index.php\/wp-json\/wp\/v2\/media?parent=764562"}],"wp:term":[{"taxonomy":"product_brand","embeddable":true,"href":"https:\/\/roveyayinevi.com.tr\/index.php\/wp-json\/wp\/v2\/product_brand?post=764562"},{"taxonomy":"product_cat","embeddable":true,"href":"https:\/\/roveyayinevi.com.tr\/index.php\/wp-json\/wp\/v2\/product_cat?post=764562"},{"taxonomy":"product_tag","embeddable":true,"href":"https:\/\/roveyayinevi.com.tr\/index.php\/wp-json\/wp\/v2\/product_tag?post=764562"}],"curies":[{"name":"wp","href":"https:\/\/api.w.org\/{rel}","templated":true}]}}