{"id":764559,"date":"2025-08-28T11:14:12","date_gmt":"2025-08-28T08:14:12","guid":{"rendered":"https:\/\/roveyayinevi.com.tr\/index.php\/urun\/gaston\/"},"modified":"2026-04-15T03:30:22","modified_gmt":"2026-04-15T00:30:22","slug":"gaston","status":"publish","type":"product","link":"https:\/\/roveyayinevi.com.tr\/index.php\/urun\/gaston\/","title":{"rendered":"Gaston"},"content":{"rendered":"<p>Gaston Bir Kar\u0131\u015f\u0131kl\u0131k \u00d6yk\u00fcs\u00fc&#8230;Gaston karde\u015flerine hi\u00e7 mi hi\u00e7 benzemez!Karde\u015fleri \u00e7ay fincan\u0131 kadar, Gaston ise bir \u00e7aydanl\u0131k boyutunda!Karde\u015fleri suyu kibarca yudumlar, Gaston \u015eLORP \u015eLORP i\u00e7er.Karde\u015fleri sal\u0131na sal\u0131na y\u00fcr\u00fcr, Gaston pata k\u00fcte ko\u015fturur. Karde\u015fleri kibarca &#8220;hiv hiv&#8221; der, Gaston avaz avaz havlar.\u00dcstelik Gaston s\u00fcsl\u00fc ve nazik karde\u015flerinin aksine modadan hi\u00e7 anlamaz, ne kadar u\u011fra\u015f\u0131rsa u\u011fra\u015fs\u0131n bir t\u00fcrl\u00fc haval\u0131 duramaz.Hi\u00e7 d\u00fc\u015f\u00fcnd\u00fcn\u00fcz m\u00fc, Gaston neden bu kadar farkl\u0131? Bu i\u015fte bir kar\u0131\u015f\u0131kl\u0131k var, ama ne?Bakal\u0131m sevimli k\u00f6pek ailesi bu kar\u0131\u015f\u0131kl\u0131\u011f\u0131 nas\u0131l \u00e7\u00f6zecek&#8230;<\/p>\n","protected":false},"excerpt":{"rendered":"<p>Gaston Bir Kar\u0131\u015f\u0131kl\u0131k \u00d6yk\u00fcs\u00fc&#8230;Gaston karde\u015flerine hi\u00e7 mi hi\u00e7 benzemez!Karde\u015fleri \u00e7ay fincan\u0131 kadar, Gaston ise bir \u00e7aydanl\u0131k boyutunda!Karde\u015fleri suyu kibarca yudumlar, Gaston \u015eLORP \u015eLORP i\u00e7er.Karde\u015fleri sal\u0131na sal\u0131na<span class=\"excerpt-hellip\"> [\u2026]<\/span><\/p>\n","protected":false},"featured_media":0,"template":"","meta":{"_monsterinsights_skip_tracking":false,"_monsterinsights_sitenote_active":false,"_monsterinsights_sitenote_note":"","_monsterinsights_sitenote_category":0},"product_brand":[],"product_cat":[12274,12518],"product_tag":[],"class_list":{"0":"post-764559","1":"product","2":"type-product","3":"status-publish","5":"product_cat-cocuk-ve-genclik-kitaplari","6":"product_cat-okul-oncesi-kitaplar","7":"pa_cilt-ciltsiz","8":"pa_tur-kitap","9":"pa_yayinevi-altin-kitaplar-cocuk-kitaplari","10":"pa_yazar-kelly-dipucchio","12":"first","13":"instock","14":"sale","15":"shipping-taxable","16":"purchasable","17":"product-type-simple"},"_links":{"self":[{"href":"https:\/\/roveyayinevi.com.tr\/index.php\/wp-json\/wp\/v2\/product\/764559","targetHints":{"allow":["GET"]}}],"collection":[{"href":"https:\/\/roveyayinevi.com.tr\/index.php\/wp-json\/wp\/v2\/product"}],"about":[{"href":"https:\/\/roveyayinevi.com.tr\/index.php\/wp-json\/wp\/v2\/types\/product"}],"wp:attachment":[{"href":"https:\/\/roveyayinevi.com.tr\/index.php\/wp-json\/wp\/v2\/media?parent=764559"}],"wp:term":[{"taxonomy":"product_brand","embeddable":true,"href":"https:\/\/roveyayinevi.com.tr\/index.php\/wp-json\/wp\/v2\/product_brand?post=764559"},{"taxonomy":"product_cat","embeddable":true,"href":"https:\/\/roveyayinevi.com.tr\/index.php\/wp-json\/wp\/v2\/product_cat?post=764559"},{"taxonomy":"product_tag","embeddable":true,"href":"https:\/\/roveyayinevi.com.tr\/index.php\/wp-json\/wp\/v2\/product_tag?post=764559"}],"curies":[{"name":"wp","href":"https:\/\/api.w.org\/{rel}","templated":true}]}}