{"id":764558,"date":"2025-08-28T11:14:11","date_gmt":"2025-08-28T08:14:11","guid":{"rendered":"https:\/\/roveyayinevi.com.tr\/index.php\/urun\/biz-bir-aileyiz-2\/"},"modified":"2026-04-15T03:30:22","modified_gmt":"2026-04-15T00:30:22","slug":"biz-bir-aileyiz-2","status":"publish","type":"product","link":"https:\/\/roveyayinevi.com.tr\/index.php\/urun\/biz-bir-aileyiz-2\/","title":{"rendered":"Biz Bir Aileyiz"},"content":{"rendered":"<p>\u0130\u015fte annem, babam ve karde\u015flerim. Biz kocaman bir aileyiz!Karde\u015f olmak harika bir \u015fey! \u0130yi g\u00fcn\u00fcm\u00fczde, k\u00f6t\u00fc g\u00fcn\u00fcm\u00fczde, ya\u011fmur ya\u011fsa da, g\u00fcne\u015f a\u00e7sa da, evde hi\u00e7 kurabiye kalmasa da daima yan\u0131 ba\u015f\u0131m\u0131zdad\u0131rlar.\u0130\u015fte sahip oldu\u011fumuz en g\u00fczel \u015fey: aile!Karde\u015f sevgisini anlatan \u015firin mi \u015firin bir \u00f6yk\u00fc&#8230;<\/p>\n","protected":false},"excerpt":{"rendered":"<p>\u0130\u015fte annem, babam ve karde\u015flerim. Biz kocaman bir aileyiz!Karde\u015f olmak harika bir \u015fey! \u0130yi g\u00fcn\u00fcm\u00fczde, k\u00f6t\u00fc g\u00fcn\u00fcm\u00fczde, ya\u011fmur ya\u011fsa da, g\u00fcne\u015f a\u00e7sa da, evde hi\u00e7 kurabiye<span class=\"excerpt-hellip\"> [\u2026]<\/span><\/p>\n","protected":false},"featured_media":0,"template":"","meta":{"_monsterinsights_skip_tracking":false,"_monsterinsights_sitenote_active":false,"_monsterinsights_sitenote_note":"","_monsterinsights_sitenote_category":0},"product_brand":[],"product_cat":[12274,12518],"product_tag":[],"class_list":{"0":"post-764558","1":"product","2":"type-product","3":"status-publish","5":"product_cat-cocuk-ve-genclik-kitaplari","6":"product_cat-okul-oncesi-kitaplar","7":"pa_cilt-ciltsiz","8":"pa_tur-kitap","9":"pa_yayinevi-altin-kitaplar-cocuk-kitaplari","10":"pa_yazar-laire-freedman","12":"first","13":"instock","14":"sale","15":"shipping-taxable","16":"purchasable","17":"product-type-simple"},"_links":{"self":[{"href":"https:\/\/roveyayinevi.com.tr\/index.php\/wp-json\/wp\/v2\/product\/764558","targetHints":{"allow":["GET"]}}],"collection":[{"href":"https:\/\/roveyayinevi.com.tr\/index.php\/wp-json\/wp\/v2\/product"}],"about":[{"href":"https:\/\/roveyayinevi.com.tr\/index.php\/wp-json\/wp\/v2\/types\/product"}],"wp:attachment":[{"href":"https:\/\/roveyayinevi.com.tr\/index.php\/wp-json\/wp\/v2\/media?parent=764558"}],"wp:term":[{"taxonomy":"product_brand","embeddable":true,"href":"https:\/\/roveyayinevi.com.tr\/index.php\/wp-json\/wp\/v2\/product_brand?post=764558"},{"taxonomy":"product_cat","embeddable":true,"href":"https:\/\/roveyayinevi.com.tr\/index.php\/wp-json\/wp\/v2\/product_cat?post=764558"},{"taxonomy":"product_tag","embeddable":true,"href":"https:\/\/roveyayinevi.com.tr\/index.php\/wp-json\/wp\/v2\/product_tag?post=764558"}],"curies":[{"name":"wp","href":"https:\/\/api.w.org\/{rel}","templated":true}]}}