{"id":764557,"date":"2025-08-28T11:14:10","date_gmt":"2025-08-28T08:14:10","guid":{"rendered":"https:\/\/roveyayinevi.com.tr\/index.php\/urun\/pedagojik-ogretmenlik\/"},"modified":"2026-04-15T03:30:22","modified_gmt":"2026-04-15T00:30:22","slug":"pedagojik-ogretmenlik","status":"publish","type":"product","link":"https:\/\/roveyayinevi.com.tr\/index.php\/urun\/pedagojik-ogretmenlik\/","title":{"rendered":"Pedagojik \u00d6\u011fretmenlik"},"content":{"rendered":"<p>Veliler, \u00d6\u011fretmenler ve \u00d6\u011frenciler i\u00e7in   Sayg\u0131de\u011fer ve Fedak\u00e2r \u00d6\u011fretmenlerimiz, Elinizdeki bu kitap, sizlere \u00f6\u011fretmenli\u011fin kolay ve keyifli y\u00f6n\u00fcne \u0131\u015f\u0131k tutmak i\u00e7in haz\u0131rland\u0131. Biliyorsunuz ki e\u011fitim hayat\u0131m\u0131z\u0131n temelinde; e\u011fitim b\u00fcrokrasisi, \u00f6\u011fretmen, \u00f6\u011frenci velisi ve \u00f6\u011frenci olmak \u00fczere d\u00f6rt parametre yer almaktad\u0131r. Kitap, \u00f6\u011fretmenlerimize ithafen haz\u0131rland\u0131\u011f\u0131 gibi ayn\u0131 zamanda birer ebeveyn olan veya olacak olan \u00f6\u011fretmenlerimizin annelik ve babal\u0131k y\u00f6nlerine de baz\u0131 at\u0131flar yap\u0131larak d\u00fczenlendi<\/p>\n","protected":false},"excerpt":{"rendered":"<p>Veliler, \u00d6\u011fretmenler ve \u00d6\u011frenciler i\u00e7in Sayg\u0131de\u011fer ve Fedak\u00e2r \u00d6\u011fretmenlerimiz, Elinizdeki bu kitap, sizlere \u00f6\u011fretmenli\u011fin kolay ve keyifli y\u00f6n\u00fcne \u0131\u015f\u0131k tutmak i\u00e7in haz\u0131rland\u0131. Biliyorsunuz ki e\u011fitim hayat\u0131m\u0131z\u0131n<span class=\"excerpt-hellip\"> [\u2026]<\/span><\/p>\n","protected":false},"featured_media":0,"template":"","meta":{"_monsterinsights_skip_tracking":false,"_monsterinsights_sitenote_active":false,"_monsterinsights_sitenote_note":"","_monsterinsights_sitenote_category":0},"product_brand":[],"product_cat":[12357],"product_tag":[],"class_list":{"0":"post-764557","1":"product","2":"type-product","3":"status-publish","5":"product_cat-psikoloji","6":"pa_cilt-ciltsiz","7":"pa_tur-kitap","8":"pa_yayinevi-peta-kitap","9":"pa_yazar-yasar-kuru","11":"first","12":"instock","13":"sale","14":"shipping-taxable","15":"purchasable","16":"product-type-simple"},"_links":{"self":[{"href":"https:\/\/roveyayinevi.com.tr\/index.php\/wp-json\/wp\/v2\/product\/764557","targetHints":{"allow":["GET"]}}],"collection":[{"href":"https:\/\/roveyayinevi.com.tr\/index.php\/wp-json\/wp\/v2\/product"}],"about":[{"href":"https:\/\/roveyayinevi.com.tr\/index.php\/wp-json\/wp\/v2\/types\/product"}],"wp:attachment":[{"href":"https:\/\/roveyayinevi.com.tr\/index.php\/wp-json\/wp\/v2\/media?parent=764557"}],"wp:term":[{"taxonomy":"product_brand","embeddable":true,"href":"https:\/\/roveyayinevi.com.tr\/index.php\/wp-json\/wp\/v2\/product_brand?post=764557"},{"taxonomy":"product_cat","embeddable":true,"href":"https:\/\/roveyayinevi.com.tr\/index.php\/wp-json\/wp\/v2\/product_cat?post=764557"},{"taxonomy":"product_tag","embeddable":true,"href":"https:\/\/roveyayinevi.com.tr\/index.php\/wp-json\/wp\/v2\/product_tag?post=764557"}],"curies":[{"name":"wp","href":"https:\/\/api.w.org\/{rel}","templated":true}]}}