{"id":764556,"date":"2025-08-28T11:14:08","date_gmt":"2025-08-28T08:14:08","guid":{"rendered":"https:\/\/roveyayinevi.com.tr\/index.php\/urun\/agiz-tadiyla-annelik-babalik\/"},"modified":"2026-04-15T03:30:22","modified_gmt":"2026-04-15T00:30:22","slug":"agiz-tadiyla-annelik-babalik","status":"publish","type":"product","link":"https:\/\/roveyayinevi.com.tr\/index.php\/urun\/agiz-tadiyla-annelik-babalik\/","title":{"rendered":"A\u011f\u0131z Tad\u0131yla Annelik Babal\u0131k"},"content":{"rendered":"<p>ANNE VE BABALARA PRAT\u0130K PEDAGOJ\u0130K TERAP\u0130   Anne babas\u0131ndan keyif alan, aile i\u00e7i ya\u015fant\u0131s\u0131ndan \u201chaz\u201d duyan, evde birey muamelesi g\u00f6ren hi\u00e7bir \u00e7ocukta \u201csanal d\u00fcnya\u201d dedi\u011fimiz televizyon, bilgisayar, tablet, internet ba\u011f\u0131ml\u0131l\u0131\u011f\u0131 olu\u015fmaz. \u00c7ocu\u011funuzda bu t\u00fcr ba\u011f\u0131ml\u0131l\u0131klar varsa; onu de\u011fil kendinizi, \u00e7ocu\u011funuzla ili\u015fkileriniz a\u00e7\u0131s\u0131ndan takibe ve tedaviye almal\u0131s\u0131n\u0131z.<\/p>\n","protected":false},"excerpt":{"rendered":"<p>ANNE VE BABALARA PRAT\u0130K PEDAGOJ\u0130K TERAP\u0130 Anne babas\u0131ndan keyif alan, aile i\u00e7i ya\u015fant\u0131s\u0131ndan \u201chaz\u201d duyan, evde birey muamelesi g\u00f6ren hi\u00e7bir \u00e7ocukta \u201csanal d\u00fcnya\u201d dedi\u011fimiz televizyon, bilgisayar,<span class=\"excerpt-hellip\"> [\u2026]<\/span><\/p>\n","protected":false},"featured_media":0,"template":"","meta":{"_monsterinsights_skip_tracking":false,"_monsterinsights_sitenote_active":false,"_monsterinsights_sitenote_note":"","_monsterinsights_sitenote_category":0},"product_brand":[],"product_cat":[12357],"product_tag":[],"class_list":{"0":"post-764556","1":"product","2":"type-product","3":"status-publish","5":"product_cat-psikoloji","6":"pa_cilt-ciltsiz","7":"pa_tur-kitap","8":"pa_yayinevi-peta-kitap","9":"pa_yazar-yasar-kuru","11":"first","12":"instock","13":"sale","14":"shipping-taxable","15":"purchasable","16":"product-type-simple"},"_links":{"self":[{"href":"https:\/\/roveyayinevi.com.tr\/index.php\/wp-json\/wp\/v2\/product\/764556","targetHints":{"allow":["GET"]}}],"collection":[{"href":"https:\/\/roveyayinevi.com.tr\/index.php\/wp-json\/wp\/v2\/product"}],"about":[{"href":"https:\/\/roveyayinevi.com.tr\/index.php\/wp-json\/wp\/v2\/types\/product"}],"wp:attachment":[{"href":"https:\/\/roveyayinevi.com.tr\/index.php\/wp-json\/wp\/v2\/media?parent=764556"}],"wp:term":[{"taxonomy":"product_brand","embeddable":true,"href":"https:\/\/roveyayinevi.com.tr\/index.php\/wp-json\/wp\/v2\/product_brand?post=764556"},{"taxonomy":"product_cat","embeddable":true,"href":"https:\/\/roveyayinevi.com.tr\/index.php\/wp-json\/wp\/v2\/product_cat?post=764556"},{"taxonomy":"product_tag","embeddable":true,"href":"https:\/\/roveyayinevi.com.tr\/index.php\/wp-json\/wp\/v2\/product_tag?post=764556"}],"curies":[{"name":"wp","href":"https:\/\/api.w.org\/{rel}","templated":true}]}}