{"id":764555,"date":"2025-08-28T11:14:07","date_gmt":"2025-08-28T08:14:07","guid":{"rendered":"https:\/\/roveyayinevi.com.tr\/index.php\/urun\/okul-cocuguna-kolay-ebeveynlik\/"},"modified":"2026-04-15T03:30:22","modified_gmt":"2026-04-15T00:30:22","slug":"okul-cocuguna-kolay-ebeveynlik","status":"publish","type":"product","link":"https:\/\/roveyayinevi.com.tr\/index.php\/urun\/okul-cocuguna-kolay-ebeveynlik\/","title":{"rendered":"Okul \u00c7ocu\u011funa Kolay Ebeveynlik"},"content":{"rendered":"<p>Okul \u00e7a\u011f\u0131ndaki \u00e7ocu\u011funuza, \u201cDersine \u00e7al\u0131\u015ft\u0131n ama biraz da yoruldun galiba.\u201d denmez. \u201c\u00d6devini bitirdin ama biraz da can\u0131n s\u0131k\u0131ld\u0131 tabii.\u201d denmez.   Bunun yerine, \u201cBiraz yorulsan da dersine \u00e7al\u0131\u015fm\u0131\u015f oldun.\u201d denir. \u201cBiraz can\u0131n s\u0131k\u0131lsa da \u00f6devini bitirmi\u015f oldun.\u201d denir.   \u00c7\u00fcnk\u00fc bu vurgu \u015fekli; Ona yorgunlu\u011funu de\u011fil, dersini \u00e7al\u0131\u015fm\u0131\u015f oldu\u011funu hat\u0131rlat\u0131r. Can\u0131n\u0131n s\u0131k\u0131ld\u0131\u011f\u0131n\u0131 de\u011fil, \u00f6devini bitirmi\u015f oldu\u011funu an\u0131msat\u0131r.<\/p>\n","protected":false},"excerpt":{"rendered":"<p>Okul \u00e7a\u011f\u0131ndaki \u00e7ocu\u011funuza, \u201cDersine \u00e7al\u0131\u015ft\u0131n ama biraz da yoruldun galiba.\u201d denmez. \u201c\u00d6devini bitirdin ama biraz da can\u0131n s\u0131k\u0131ld\u0131 tabii.\u201d denmez. Bunun yerine, \u201cBiraz yorulsan da dersine<span class=\"excerpt-hellip\"> [\u2026]<\/span><\/p>\n","protected":false},"featured_media":0,"template":"","meta":{"_monsterinsights_skip_tracking":false,"_monsterinsights_sitenote_active":false,"_monsterinsights_sitenote_note":"","_monsterinsights_sitenote_category":0},"product_brand":[],"product_cat":[12755,12357],"product_tag":[],"class_list":{"0":"post-764555","1":"product","2":"type-product","3":"status-publish","5":"product_cat-gelisim-psikolojisi","6":"product_cat-psikoloji","7":"pa_cilt-ciltsiz","8":"pa_tur-kitap","9":"pa_yayinevi-peta-kitap","10":"pa_yazar-yasar-kuru","12":"first","13":"instock","14":"sale","15":"shipping-taxable","16":"purchasable","17":"product-type-simple"},"_links":{"self":[{"href":"https:\/\/roveyayinevi.com.tr\/index.php\/wp-json\/wp\/v2\/product\/764555","targetHints":{"allow":["GET"]}}],"collection":[{"href":"https:\/\/roveyayinevi.com.tr\/index.php\/wp-json\/wp\/v2\/product"}],"about":[{"href":"https:\/\/roveyayinevi.com.tr\/index.php\/wp-json\/wp\/v2\/types\/product"}],"wp:attachment":[{"href":"https:\/\/roveyayinevi.com.tr\/index.php\/wp-json\/wp\/v2\/media?parent=764555"}],"wp:term":[{"taxonomy":"product_brand","embeddable":true,"href":"https:\/\/roveyayinevi.com.tr\/index.php\/wp-json\/wp\/v2\/product_brand?post=764555"},{"taxonomy":"product_cat","embeddable":true,"href":"https:\/\/roveyayinevi.com.tr\/index.php\/wp-json\/wp\/v2\/product_cat?post=764555"},{"taxonomy":"product_tag","embeddable":true,"href":"https:\/\/roveyayinevi.com.tr\/index.php\/wp-json\/wp\/v2\/product_tag?post=764555"}],"curies":[{"name":"wp","href":"https:\/\/api.w.org\/{rel}","templated":true}]}}