{"id":764553,"date":"2025-08-28T11:14:04","date_gmt":"2025-08-28T08:14:04","guid":{"rendered":"https:\/\/roveyayinevi.com.tr\/index.php\/urun\/bahar-bir-degisim-oykusu\/"},"modified":"2026-04-15T03:30:22","modified_gmt":"2026-04-15T00:30:22","slug":"bahar-bir-degisim-oykusu","status":"publish","type":"product","link":"https:\/\/roveyayinevi.com.tr\/index.php\/urun\/bahar-bir-degisim-oykusu\/","title":{"rendered":"Bahar Bir De\u011fi\u015fim \u00d6yk\u00fcs\u00fc"},"content":{"rendered":"<p>Minik bir gelinci\u011fin tam 50 bin tohum \u00fcretebildi\u011fini biliyor muydunuz?Minicik, k\u00fc\u00e7\u00fcc\u00fck bir \u015fey, KOCAMAN bir de\u011fi\u015fim yaratabilir! Bahar Bir De\u011fi\u015fim \u00d6yk\u00fcs\u00fc de i\u015fte tam olarak bunu anlat\u0131yor.Farkl\u0131l\u0131k yaratan minik \u00e7i\u00e7eklerin \u00f6yk\u00fcs\u00fcne kulak vermeye ne dersiniz?\u015eehre yak\u0131n bir tepede, Gelincik ile arkada\u015flar\u0131 Hindiba, S\u00fcmb\u00fcl ve minik parlak Nergis ya\u015fard\u0131. Bahar\u0131 m\u00fcjdeleyen bu g\u00fczel \u00e7i\u00e7ekler r\u00fczg\u00e2r gibi h\u0131zl\u0131 ko\u015far,ge\u00e7tikleri her yere reng\u00e2renk tohumlar ve ho\u015f kokular sa\u00e7arlard\u0131.Bir sabah uyand\u0131klar\u0131nda, \u015fehrin her zamankinden daha gri ve renksiz oldu\u011funu fark ettiler.\u00c7\u00fcnk\u00fc o g\u00fcn \u015fehirdeki son \u00e7ocuk park\u0131 da kapat\u0131lacakt\u0131! \u00c7i\u00e7ekler buna izin veremezlerdi. Hemen harekete ge\u00e7tiler. Ama \u00f6nlerinde b\u00fcy\u00fck bir sorun vard\u0131. O kocaman \u015fehirde park\u0131 nas\u0131l bulacaklard\u0131? \u00dcstelik park\u0131 bulduklar\u0131nda kendilerini neyin bekledi\u011fini bilmiyorlard\u0131.<\/p>\n","protected":false},"excerpt":{"rendered":"<p>Minik bir gelinci\u011fin tam 50 bin tohum \u00fcretebildi\u011fini biliyor muydunuz?Minicik, k\u00fc\u00e7\u00fcc\u00fck bir \u015fey, KOCAMAN bir de\u011fi\u015fim yaratabilir! Bahar Bir De\u011fi\u015fim \u00d6yk\u00fcs\u00fc de i\u015fte tam olarak bunu<span class=\"excerpt-hellip\"> [\u2026]<\/span><\/p>\n","protected":false},"featured_media":0,"template":"","meta":{"_monsterinsights_skip_tracking":false,"_monsterinsights_sitenote_active":false,"_monsterinsights_sitenote_note":"","_monsterinsights_sitenote_category":0},"product_brand":[],"product_cat":[12274,12518],"product_tag":[],"class_list":{"0":"post-764553","1":"product","2":"type-product","3":"status-publish","5":"product_cat-cocuk-ve-genclik-kitaplari","6":"product_cat-okul-oncesi-kitaplar","7":"pa_cilt-ciltsiz","8":"pa_tur-kitap","9":"pa_yayinevi-altin-kitaplar-cocuk-kitaplari","10":"pa_yazar-fiona-woodcock","12":"first","13":"instock","14":"sale","15":"shipping-taxable","16":"purchasable","17":"product-type-simple"},"_links":{"self":[{"href":"https:\/\/roveyayinevi.com.tr\/index.php\/wp-json\/wp\/v2\/product\/764553","targetHints":{"allow":["GET"]}}],"collection":[{"href":"https:\/\/roveyayinevi.com.tr\/index.php\/wp-json\/wp\/v2\/product"}],"about":[{"href":"https:\/\/roveyayinevi.com.tr\/index.php\/wp-json\/wp\/v2\/types\/product"}],"wp:attachment":[{"href":"https:\/\/roveyayinevi.com.tr\/index.php\/wp-json\/wp\/v2\/media?parent=764553"}],"wp:term":[{"taxonomy":"product_brand","embeddable":true,"href":"https:\/\/roveyayinevi.com.tr\/index.php\/wp-json\/wp\/v2\/product_brand?post=764553"},{"taxonomy":"product_cat","embeddable":true,"href":"https:\/\/roveyayinevi.com.tr\/index.php\/wp-json\/wp\/v2\/product_cat?post=764553"},{"taxonomy":"product_tag","embeddable":true,"href":"https:\/\/roveyayinevi.com.tr\/index.php\/wp-json\/wp\/v2\/product_tag?post=764553"}],"curies":[{"name":"wp","href":"https:\/\/api.w.org\/{rel}","templated":true}]}}