{"id":764551,"date":"2025-08-28T11:14:02","date_gmt":"2025-08-28T08:14:02","guid":{"rendered":"https:\/\/roveyayinevi.com.tr\/index.php\/urun\/morfo-giysi-kivrimlari-ve-kirisikliklar\/"},"modified":"2026-04-15T03:30:22","modified_gmt":"2026-04-15T00:30:22","slug":"morfo-giysi-kivrimlari-ve-kirisikliklar","status":"publish","type":"product","link":"https:\/\/roveyayinevi.com.tr\/index.php\/urun\/morfo-giysi-kivrimlari-ve-kirisikliklar\/","title":{"rendered":"Morfo &#8211; Giysi K\u0131vr\u0131mlar\u0131 ve K\u0131r\u0131\u015f\u0131kl\u0131klar"},"content":{"rendered":"<p>Sanat, animasyon veya modayla ilgilenen herkesin giysi \u00e7izimi yaparken sahip olmas\u0131 gereken e\u015fsiz bir k\u0131lavuz&#8230; Ba\u015flang\u0131\u00e7 seviyesinden profesyonellerekadar her d\u00fczeyde sanat\u00e7\u0131 i\u00e7in uygun olanbu kitap, \u00e7izim becerilerinizi geli\u015ftirmek veyarat\u0131c\u0131 s\u00fcre\u00e7lerinizi zenginle\u015ftirmek i\u00e7inm\u00fckemmel bir kaynak. Temel anatomiyik\u0131yafetle ili\u015fkilendirmenin yan\u0131 s\u0131ra v\u00fccudunduru\u015funu ve hareketini g\u00f6z \u00f6n\u00fcndebulundurarak, do\u011fru ve ger\u00e7ek\u00e7i k\u0131yafetler\u00e7izmeyi \u00f6\u011frenebilirsiniz. Giysi k\u0131vr\u0131mlar\u0131bir\u00e7ok farkl\u0131 formda olabilir ancak nispetenbasit bir mant\u0131\u011f\u0131 takip eder. MichelLauricella, tekrarlanan duru\u015flarda ortaya\u00e7\u0131kan ve \u00e7izimlerinizi geli\u015ftirmenize yard\u0131mc\u0131olacak k\u0131vr\u0131m &#8220;anatomisi&#8221;ni tan\u0131mlam\u0131\u015ft\u0131r.Bu, farkl\u0131 giysi tasar\u0131mlar\u0131n\u0131 hayaletmenizi sa\u011flar ve karakterlerinizi canland\u0131rmaki\u00e7in pozlara g\u00f6re k\u0131vr\u0131mlar se\u00e7menizeimk\u00e2n tan\u0131r. Michel Lauricella rehberli\u011finde giysi \u00e7izimlerinizibir \u00fcst seviyeye ta\u015f\u0131mak i\u00e7in GiysiK\u0131vr\u0131mlar\u0131 ve K\u0131r\u0131\u015f\u0131kl\u0131klar\u0131 sizin i\u00e7in vazge\u00e7ilmezbir kaynak olacak\u2026<\/p>\n","protected":false},"excerpt":{"rendered":"<p>Sanat, animasyon veya modayla ilgilenen herkesin giysi \u00e7izimi yaparken sahip olmas\u0131 gereken e\u015fsiz bir k\u0131lavuz&#8230; Ba\u015flang\u0131\u00e7 seviyesinden profesyonellerekadar her d\u00fczeyde sanat\u00e7\u0131 i\u00e7in uygun olanbu kitap, \u00e7izim<span class=\"excerpt-hellip\"> [\u2026]<\/span><\/p>\n","protected":false},"featured_media":0,"template":"","meta":{"_monsterinsights_skip_tracking":false,"_monsterinsights_sitenote_active":false,"_monsterinsights_sitenote_note":"","_monsterinsights_sitenote_category":0},"product_brand":[],"product_cat":[12408],"product_tag":[],"class_list":{"0":"post-764551","1":"product","2":"type-product","3":"status-publish","5":"product_cat-sanat","6":"pa_cilt-ciltsiz","7":"pa_tur-kitap","8":"pa_yayinevi-epsilon-yayinlari","9":"pa_yazar-michel-lauricella","11":"first","12":"instock","13":"sale","14":"shipping-taxable","15":"purchasable","16":"product-type-simple"},"_links":{"self":[{"href":"https:\/\/roveyayinevi.com.tr\/index.php\/wp-json\/wp\/v2\/product\/764551","targetHints":{"allow":["GET"]}}],"collection":[{"href":"https:\/\/roveyayinevi.com.tr\/index.php\/wp-json\/wp\/v2\/product"}],"about":[{"href":"https:\/\/roveyayinevi.com.tr\/index.php\/wp-json\/wp\/v2\/types\/product"}],"wp:attachment":[{"href":"https:\/\/roveyayinevi.com.tr\/index.php\/wp-json\/wp\/v2\/media?parent=764551"}],"wp:term":[{"taxonomy":"product_brand","embeddable":true,"href":"https:\/\/roveyayinevi.com.tr\/index.php\/wp-json\/wp\/v2\/product_brand?post=764551"},{"taxonomy":"product_cat","embeddable":true,"href":"https:\/\/roveyayinevi.com.tr\/index.php\/wp-json\/wp\/v2\/product_cat?post=764551"},{"taxonomy":"product_tag","embeddable":true,"href":"https:\/\/roveyayinevi.com.tr\/index.php\/wp-json\/wp\/v2\/product_tag?post=764551"}],"curies":[{"name":"wp","href":"https:\/\/api.w.org\/{rel}","templated":true}]}}