{"id":764550,"date":"2025-08-28T11:14:01","date_gmt":"2025-08-28T08:14:01","guid":{"rendered":"https:\/\/roveyayinevi.com.tr\/index.php\/urun\/morfo-memeliler-karsilastirmali-morfolojinin-unsurlari\/"},"modified":"2026-04-15T03:30:22","modified_gmt":"2026-04-15T00:30:22","slug":"morfo-memeliler-karsilastirmali-morfolojinin-unsurlari","status":"publish","type":"product","link":"https:\/\/roveyayinevi.com.tr\/index.php\/urun\/morfo-memeliler-karsilastirmali-morfolojinin-unsurlari\/","title":{"rendered":"Morfo &#8211; Memeliler Kar\u015f\u0131la\u015ft\u0131rmal\u0131 Morfolojinin Unsurlar\u0131"},"content":{"rendered":"<p>Resme merak duyan veya do\u011fa tutkunu olan herkesin memelilerin \u00e7e\u015fitlili\u011fini ve do\u011fas\u0131n\u0131 ke\u015ffetmek i\u00e7in sahip olmas\u0131 gereken e\u015fsiz bir k\u0131lavuz.   Ba\u015flang\u0131\u00e7 seviyesinden profesyonellere kadar her d\u00fczeyde sanat\u00e7\u0131 i\u00e7in uygun olan bu kitap, \u00e7izim becerilerinizi geli\u015ftirmek ve yarat\u0131c\u0131 s\u00fcre\u00e7lerinizi zenginle\u015ftirmek i\u00e7in m\u00fckemmel bir kaynak. Memelilerin yuva yapma, hareket etme ve davran\u0131\u015flar\u0131 \u00fczerine derinlemesine bilgilerle donat\u0131lm\u0131\u015f olan bu \u00e7izim kitab\u0131, hem g\u00f6zlemsel \u00e7izim becerilerinizi geli\u015ftirmenize hem de ger\u00e7ek\u00e7i ve canl\u0131 karakterler yaratman\u0131za yard\u0131mc\u0131 olacakt\u0131r.   Michel Lauricella&#8217;n\u0131n rehberli\u011finde, memelileri ke\u015ffetmek ve \u00e7izimlerinizi bir \u00fcst seviyeye ta\u015f\u0131mak i\u00e7in Morfo: Memeliler sizin vazge\u00e7ilmez kayna\u011f\u0131n\u0131z olacak&#8230;<\/p>\n","protected":false},"excerpt":{"rendered":"<p>Resme merak duyan veya do\u011fa tutkunu olan herkesin memelilerin \u00e7e\u015fitlili\u011fini ve do\u011fas\u0131n\u0131 ke\u015ffetmek i\u00e7in sahip olmas\u0131 gereken e\u015fsiz bir k\u0131lavuz. Ba\u015flang\u0131\u00e7 seviyesinden profesyonellere kadar her d\u00fczeyde<span class=\"excerpt-hellip\"> [\u2026]<\/span><\/p>\n","protected":false},"featured_media":0,"template":"","meta":{"_monsterinsights_skip_tracking":false,"_monsterinsights_sitenote_active":false,"_monsterinsights_sitenote_note":"","_monsterinsights_sitenote_category":0},"product_brand":[],"product_cat":[12408],"product_tag":[],"class_list":{"0":"post-764550","1":"product","2":"type-product","3":"status-publish","5":"product_cat-sanat","6":"pa_cilt-ciltsiz","7":"pa_tur-kitap","8":"pa_yayinevi-epsilon-yayinlari","9":"pa_yazar-michel-lauricella","11":"first","12":"instock","13":"sale","14":"shipping-taxable","15":"purchasable","16":"product-type-simple"},"_links":{"self":[{"href":"https:\/\/roveyayinevi.com.tr\/index.php\/wp-json\/wp\/v2\/product\/764550","targetHints":{"allow":["GET"]}}],"collection":[{"href":"https:\/\/roveyayinevi.com.tr\/index.php\/wp-json\/wp\/v2\/product"}],"about":[{"href":"https:\/\/roveyayinevi.com.tr\/index.php\/wp-json\/wp\/v2\/types\/product"}],"wp:attachment":[{"href":"https:\/\/roveyayinevi.com.tr\/index.php\/wp-json\/wp\/v2\/media?parent=764550"}],"wp:term":[{"taxonomy":"product_brand","embeddable":true,"href":"https:\/\/roveyayinevi.com.tr\/index.php\/wp-json\/wp\/v2\/product_brand?post=764550"},{"taxonomy":"product_cat","embeddable":true,"href":"https:\/\/roveyayinevi.com.tr\/index.php\/wp-json\/wp\/v2\/product_cat?post=764550"},{"taxonomy":"product_tag","embeddable":true,"href":"https:\/\/roveyayinevi.com.tr\/index.php\/wp-json\/wp\/v2\/product_tag?post=764550"}],"curies":[{"name":"wp","href":"https:\/\/api.w.org\/{rel}","templated":true}]}}