{"id":764549,"date":"2025-08-28T11:14:00","date_gmt":"2025-08-28T08:14:00","guid":{"rendered":"https:\/\/roveyayinevi.com.tr\/index.php\/urun\/sahnedeki-siyaset-siyasal-dusuncenin-estetik-imgeleri\/"},"modified":"2026-04-15T03:30:21","modified_gmt":"2026-04-15T00:30:21","slug":"sahnedeki-siyaset-siyasal-dusuncenin-estetik-imgeleri","status":"publish","type":"product","link":"https:\/\/roveyayinevi.com.tr\/index.php\/urun\/sahnedeki-siyaset-siyasal-dusuncenin-estetik-imgeleri\/","title":{"rendered":"Sahnedeki Siyaset \u2013 Siyasal D\u00fc\u015f\u00fcncenin Estetik \u0130mgeleri"},"content":{"rendered":"<p>Sanat hakk\u0131ndaki yerle\u015fik kan\u0131lar\u0131n ba\u015f\u0131nda, sanat\u0131n amac\u0131n\u0131n tek bir imgede genel ilkeyi yakalamak ve ifade etmek oldu\u011fu gelir: Bir imge, bir ezgi, k\u00e2\u011f\u0131da d\u00f6k\u00fclm\u00fc\u015f birka\u00e7 sat\u0131r bazen bir olana\u011f\u0131, bazen bir zorunlulu\u011fu, ahlaki bir gereklili\u011fi veya ki\u015filerin i\u00e7inde bulundu\u011fu tekil durumlar ile insanl\u0131\u011f\u0131n do\u011fas\u0131 aras\u0131ndaki \u00e7eli\u015fkiyi sergilemek \u00fczere kullan\u0131l\u0131r. Bu bak\u0131mdan Bat\u0131 k\u00fclt\u00fcr\u00fcn\u00fcn tarihinde \u00f6zellikle resim ve heykel sanat\u0131 \u00f6ne \u00e7\u0131kar: Tablolar ve heykeller ba\u015f\u0131ndan itibaren birer s\u00fcsten fazlas\u0131 olmu\u015flar, siyasi d\u00fc\u015f\u00fcncenin, ilkelerin ve kavramlar\u0131n ifadesi, iktidar, kimlik ve toplum hakk\u0131nda yap\u0131lm\u0131\u015f yorumlar, uyar\u0131lar, \u00e7a\u011fr\u0131lar, hatta k\u0131namalar olagelmi\u015flerdir. Bu kitapta Efe Ba\u015ft\u00fcrk, Yunan ve Roma d\u00f6nemi sanat\u00e7\u0131lar\u0131ndan ba\u015flay\u0131p Massaggio ve Caravaggio\u2019ya, Klimt\u2019ten Delacroix, Goya ve Gervais ve Turner\u2019a kadar, Bat\u0131\u2019da tarih boyunca etkili olmu\u015f ressam ve heykelt\u0131ra\u015flar\u0131n yap\u0131tlar\u0131 \u00fczerinden siyasetin ve siyaset felsefesinin me\u015fgul oldu\u011fu kavramlar\u0131n, olgular\u0131n ve olaylar\u0131n sanat\u0131n g\u00f6z\u00fcnden nas\u0131l \u201cokunabilece\u011fini\u201d g\u00f6steriyor.  Siyaset ile imge aras\u0131ndaki ontolojik ba\u011f\u0131 g\u00f6zler \u00f6n\u00fcne seriyor. Sanata, siyasete ve felsefeye ilgi duyan her okura, sanat eserlerine \u201cba\u015fka bir g\u00f6zle\u201d bakma k\u0131lavuzu sunuyor.<\/p>\n","protected":false},"excerpt":{"rendered":"<p>Sanat hakk\u0131ndaki yerle\u015fik kan\u0131lar\u0131n ba\u015f\u0131nda, sanat\u0131n amac\u0131n\u0131n tek bir imgede genel ilkeyi yakalamak ve ifade etmek oldu\u011fu gelir: Bir imge, bir ezgi, k\u00e2\u011f\u0131da d\u00f6k\u00fclm\u00fc\u015f birka\u00e7 sat\u0131r<span class=\"excerpt-hellip\"> [\u2026]<\/span><\/p>\n","protected":false},"featured_media":0,"template":"","meta":{"_monsterinsights_skip_tracking":false,"_monsterinsights_sitenote_active":false,"_monsterinsights_sitenote_note":"","_monsterinsights_sitenote_category":0},"product_brand":[],"product_cat":[12337],"product_tag":[],"class_list":{"0":"post-764549","1":"product","2":"type-product","3":"status-publish","5":"product_cat-politika-siyaset","6":"pa_cilt-ciltsiz","7":"pa_tur-kitap","8":"pa_yayinevi-fol-kitap","9":"pa_yazar-efe-basturk","11":"first","12":"instock","13":"sale","14":"shipping-taxable","15":"purchasable","16":"product-type-simple"},"_links":{"self":[{"href":"https:\/\/roveyayinevi.com.tr\/index.php\/wp-json\/wp\/v2\/product\/764549","targetHints":{"allow":["GET"]}}],"collection":[{"href":"https:\/\/roveyayinevi.com.tr\/index.php\/wp-json\/wp\/v2\/product"}],"about":[{"href":"https:\/\/roveyayinevi.com.tr\/index.php\/wp-json\/wp\/v2\/types\/product"}],"wp:attachment":[{"href":"https:\/\/roveyayinevi.com.tr\/index.php\/wp-json\/wp\/v2\/media?parent=764549"}],"wp:term":[{"taxonomy":"product_brand","embeddable":true,"href":"https:\/\/roveyayinevi.com.tr\/index.php\/wp-json\/wp\/v2\/product_brand?post=764549"},{"taxonomy":"product_cat","embeddable":true,"href":"https:\/\/roveyayinevi.com.tr\/index.php\/wp-json\/wp\/v2\/product_cat?post=764549"},{"taxonomy":"product_tag","embeddable":true,"href":"https:\/\/roveyayinevi.com.tr\/index.php\/wp-json\/wp\/v2\/product_tag?post=764549"}],"curies":[{"name":"wp","href":"https:\/\/api.w.org\/{rel}","templated":true}]}}