{"id":764548,"date":"2025-08-28T11:13:58","date_gmt":"2025-08-28T08:13:58","guid":{"rendered":"https:\/\/roveyayinevi.com.tr\/index.php\/urun\/sahtekarliklar-mitler-ve-gizemler\/"},"modified":"2026-04-15T03:30:21","modified_gmt":"2026-04-15T00:30:21","slug":"sahtekarliklar-mitler-ve-gizemler","status":"publish","type":"product","link":"https:\/\/roveyayinevi.com.tr\/index.php\/urun\/sahtekarliklar-mitler-ve-gizemler\/","title":{"rendered":"Sahtekarl\u0131klar, Mitler ve Gizemler"},"content":{"rendered":"<p>Tan\u0131nm\u0131\u015f arkeolog ve ku\u015fkucu Kenneth Feder, \u00e7oksatanlar aras\u0131na giren bu kitab\u0131nda okuru en k\u00f6t\u00fc \u015f\u00f6hretli arkeolojik sahtek\u00e2rl\u0131klardan, s\u00f6zdebilimsel teorilerden ve \u00f6teden beri anlat\u0131lan beylik mitlerden ge\u00e7mi\u015fin ger\u00e7ek bilimsel gizemlerine kadar uzanan heyecan verici, e\u011flenceli ve e\u011fitici bir yolculu\u011fa \u00e7\u0131kar\u0131yor. Kay\u0131p k\u0131ta Atlantis\u2019in ak\u0131betinden antik uzayl\u0131 astronotlar hipotezine; Amerika\u2019y\u0131 ilk kimin ke\u015ffetti\u011finden M\u0131s\u0131r piramitlerini kimin yapt\u0131\u011f\u0131na; Cardiff Devi\u2019nden Piltdown Adam\u0131\u2019na; Torino Kefeni\u2019nin ger\u00e7ek olup olmad\u0131\u011f\u0131ndan psi\u015fik arkeolojiye ve Stonehenge\u2019in amac\u0131na kadar uzanan bir\u00e7ok \u00e7arp\u0131c\u0131 \u00f6rnek \u00fczerinden insanlar\u0131n hayalg\u00fcc\u00fcn\u00fc y\u0131llard\u0131r tutsak alan, komplo teorilerine ilham veren ve milyonlarca insan\u0131n inand\u0131\u011f\u0131 arkeolojik iddialar\u0131 tek tek ele al\u0131yor. Ama bu iddialar\u0131 \u00e7\u00fcr\u00fctmekle kalmay\u0131p ge\u00e7mi\u015fe arkeolojik, antropolojik, ele\u015ftirel ve bilimsel bir g\u00f6zle nas\u0131l bak\u0131lmas\u0131 gerekti\u011fine ili\u015fkin bir ders de veriyor.   \u0130ster arkeoloji \u00f6\u011frencisi, ister tarih merakl\u0131s\u0131 olun veya sadece ge\u00e7mi\u015fin gizemlerine ve \u00e7\u0131lg\u0131nca iddialara ilgi duyuyor olun, Kenneth Feder sizi ge\u00e7mi\u015fe ili\u015fkin bildi\u011finizi sand\u0131\u011f\u0131n\u0131z \u015feyleri sorgulamaya ve mitlerin ard\u0131ndaki ger\u00e7ek hik\u00e2yelere daha derinlemesine n\u00fcfuz etmeye te\u015fvik edecek ve size, ge\u00e7mi\u015fe ve ge\u00e7mi\u015fin kal\u0131nt\u0131lar\u0131na bakarken ger\u00e7ekleri kurgulardan ay\u0131rman\u0131za izin verecek bilimsel bir bak\u0131\u015f ve kavramsal ara\u00e7lar kazand\u0131racak.<\/p>\n","protected":false},"excerpt":{"rendered":"<p>Tan\u0131nm\u0131\u015f arkeolog ve ku\u015fkucu Kenneth Feder, \u00e7oksatanlar aras\u0131na giren bu kitab\u0131nda okuru en k\u00f6t\u00fc \u015f\u00f6hretli arkeolojik sahtek\u00e2rl\u0131klardan, s\u00f6zdebilimsel teorilerden ve \u00f6teden beri anlat\u0131lan beylik mitlerden ge\u00e7mi\u015fin<span class=\"excerpt-hellip\"> [\u2026]<\/span><\/p>\n","protected":false},"featured_media":0,"template":"","meta":{"_monsterinsights_skip_tracking":false,"_monsterinsights_sitenote_active":false,"_monsterinsights_sitenote_note":"","_monsterinsights_sitenote_category":0},"product_brand":[],"product_cat":[52477,52478],"product_tag":[],"class_list":{"0":"post-764548","1":"product","2":"type-product","3":"status-publish","5":"product_cat-arastirma","6":"product_cat-arkeoloji","7":"pa_cilt-ciltsiz","8":"pa_tur-kitap","9":"pa_yayinevi-fol-kitap","10":"pa_yazar-kenneth-l-feder","12":"first","13":"instock","14":"sale","15":"shipping-taxable","16":"purchasable","17":"product-type-simple"},"_links":{"self":[{"href":"https:\/\/roveyayinevi.com.tr\/index.php\/wp-json\/wp\/v2\/product\/764548","targetHints":{"allow":["GET"]}}],"collection":[{"href":"https:\/\/roveyayinevi.com.tr\/index.php\/wp-json\/wp\/v2\/product"}],"about":[{"href":"https:\/\/roveyayinevi.com.tr\/index.php\/wp-json\/wp\/v2\/types\/product"}],"wp:attachment":[{"href":"https:\/\/roveyayinevi.com.tr\/index.php\/wp-json\/wp\/v2\/media?parent=764548"}],"wp:term":[{"taxonomy":"product_brand","embeddable":true,"href":"https:\/\/roveyayinevi.com.tr\/index.php\/wp-json\/wp\/v2\/product_brand?post=764548"},{"taxonomy":"product_cat","embeddable":true,"href":"https:\/\/roveyayinevi.com.tr\/index.php\/wp-json\/wp\/v2\/product_cat?post=764548"},{"taxonomy":"product_tag","embeddable":true,"href":"https:\/\/roveyayinevi.com.tr\/index.php\/wp-json\/wp\/v2\/product_tag?post=764548"}],"curies":[{"name":"wp","href":"https:\/\/api.w.org\/{rel}","templated":true}]}}