{"id":764546,"date":"2025-08-28T11:13:56","date_gmt":"2025-08-28T08:13:56","guid":{"rendered":"https:\/\/roveyayinevi.com.tr\/index.php\/urun\/her-seye-ragmen-3\/"},"modified":"2026-04-15T03:30:21","modified_gmt":"2026-04-15T00:30:21","slug":"her-seye-ragmen-3","status":"publish","type":"product","link":"https:\/\/roveyayinevi.com.tr\/index.php\/urun\/her-seye-ragmen-3\/","title":{"rendered":"Her \u015eeye Ra\u011fmen"},"content":{"rendered":"<p>\u0130kinci D\u00fcnya Sava\u015f\u0131\u2019nda \u00f6d\u00fcl ve madalya rekortmeni d\u00f6rt askerin Fas sahillerinden Hitler Almanyas\u0131\u2019n\u0131n da\u011flar\u0131na uzanan yolculu\u011funu anlatan Her \u015eeye Ra\u011fmen\u2019de, sava\u015f\u0131n en bilinmeyen y\u00f6nleriyle kar\u015f\u0131la\u015facak ve sava\u015f psikolojisinin bir insan\u0131 nas\u0131l da bamba\u015fka biri h\u00e2line getiri\u015fine tan\u0131k olacaks\u0131n\u0131z. Silah arkada\u015f\u0131 bu d\u00f6rt asker, kahramanl\u0131klar\u0131, feda ettikleri ve cesaretleriyle o da\u011flarda tarih yazarken bir yandan da madalyadan madalyaya ko\u015fuyorlar. Fakat bu madalyalar, \u00f6m\u00fcrleri boyunca ta\u015f\u0131yacaklar\u0131 bir gurur ni\u015fanesi olmaktan \u00e7ok daha fazlas\u0131. O madalyalar, onlar\u0131 eve biraz daha yakla\u015ft\u0131ran puanlar. Gelgelelim sava\u015f g\u00fcnlerinde madalyalar anlam\u0131n\u0131 yitiriyor. Hayatta kalmak, kazanmak ya da can\u0131n\u0131 feda etmek\u2026 Her \u015fey bundan ibaret h\u00e2le geliyor. Alex Kershaw\u2019\u0131n yo\u011fun ara\u015ft\u0131rmalar\u0131, gazilerle yapt\u0131\u011f\u0131 r\u00f6portajlar, ar\u015fiv taramalar\u0131, asker g\u00fcnl\u00fckleri ve daha nice kaynaktan faydalanarak kaleme ald\u0131\u011f\u0131 eserde, kurgunun k\u0131y\u0131s\u0131nda gezindi\u011fimizi san\u0131rken ger\u00e7eklik t\u00fcm netli\u011fi ve ac\u0131mas\u0131zl\u0131\u011f\u0131yla her sat\u0131r sonunda bizi yakal\u0131yor. <\/p>\n","protected":false},"excerpt":{"rendered":"<p>\u0130kinci D\u00fcnya Sava\u015f\u0131\u2019nda \u00f6d\u00fcl ve madalya rekortmeni d\u00f6rt askerin Fas sahillerinden Hitler Almanyas\u0131\u2019n\u0131n da\u011flar\u0131na uzanan yolculu\u011funu anlatan Her \u015eeye Ra\u011fmen\u2019de, sava\u015f\u0131n en bilinmeyen y\u00f6nleriyle kar\u015f\u0131la\u015facak ve<span class=\"excerpt-hellip\"> [\u2026]<\/span><\/p>\n","protected":false},"featured_media":0,"template":"","meta":{"_monsterinsights_skip_tracking":false,"_monsterinsights_sitenote_active":false,"_monsterinsights_sitenote_note":"","_monsterinsights_sitenote_category":0},"product_brand":[],"product_cat":[12304],"product_tag":[],"class_list":{"0":"post-764546","1":"product","2":"type-product","3":"status-publish","5":"product_cat-tarih","6":"pa_cilt-ciltsiz","7":"pa_tur-kitap","8":"pa_yayinevi-fol-kitap","9":"pa_yazar-alex-kershaw","11":"first","12":"instock","13":"sale","14":"shipping-taxable","15":"purchasable","16":"product-type-simple"},"_links":{"self":[{"href":"https:\/\/roveyayinevi.com.tr\/index.php\/wp-json\/wp\/v2\/product\/764546","targetHints":{"allow":["GET"]}}],"collection":[{"href":"https:\/\/roveyayinevi.com.tr\/index.php\/wp-json\/wp\/v2\/product"}],"about":[{"href":"https:\/\/roveyayinevi.com.tr\/index.php\/wp-json\/wp\/v2\/types\/product"}],"wp:attachment":[{"href":"https:\/\/roveyayinevi.com.tr\/index.php\/wp-json\/wp\/v2\/media?parent=764546"}],"wp:term":[{"taxonomy":"product_brand","embeddable":true,"href":"https:\/\/roveyayinevi.com.tr\/index.php\/wp-json\/wp\/v2\/product_brand?post=764546"},{"taxonomy":"product_cat","embeddable":true,"href":"https:\/\/roveyayinevi.com.tr\/index.php\/wp-json\/wp\/v2\/product_cat?post=764546"},{"taxonomy":"product_tag","embeddable":true,"href":"https:\/\/roveyayinevi.com.tr\/index.php\/wp-json\/wp\/v2\/product_tag?post=764546"}],"curies":[{"name":"wp","href":"https:\/\/api.w.org\/{rel}","templated":true}]}}